{"id":302,"date":"2020-11-30T12:58:34","date_gmt":"2020-11-30T12:58:34","guid":{"rendered":"https:\/\/www.cssigniter.com\/demos\/amaryllis\/?page_id=20"},"modified":"2025-08-06T08:39:42","modified_gmt":"2025-08-06T08:39:42","slug":"ve-chung-toi","status":"publish","type":"page","link":"https:\/\/dulio.vn\/?page_id=302","title":{"rendered":"V\u1ec1 Ch\u00fang T\u00f4i"},"content":{"rendered":"\n<figure id=\"block-ae5d5f-ba9c-41\" class=\"wp-block-gutenbee-image block-ae5d5f-ba9c-41 size-full\"><style>.wp-block-gutenbee-image.block-ae5d5f-ba9c-41 img { width: 1495px; }<\/style><img decoding=\"async\" src=\"https:\/\/dulio.com\/wp-content\/uploads\/2025\/07\/tshirt-32-1024x585.jpg\" alt=\"\" class=\"wp-image-1189\"\/><\/figure>\n\n\n\n<div id=\"block-48f43f-42a1-4d\" class=\"wp-block-gutenbee-banner block-48f43f-42a1-4d\"><div class=\"wp-block-gutenbee-banner-inner\"><div class=\"wp-block-gutenbee-banner-inner-wrapper\">\n<h1 id=\"block-912af8-776c-41\" class=\"wp-block-gutenbee-heading block-912af8-776c-41\"><strong>DULIO \u2013 H\u00e0nh Tr\u00ecnh \u0110\u1ed9c B\u1ea3n C\u1ee7a B\u1ea1n, Gi\u1eefa Th\u1ebf Gi\u1edbi N\u0103ng \u0110\u1ed9ng<\/strong><\/h1>\n\n\n\n<p id=\"block-97edc1-fb89-46\" class=\"wp-block-gutenbee-paragraph block-97edc1-fb89-46\">M\u1ed7i ch\u00fang ta \u0111\u1ec1u l\u00e0 m\u1ed9t v\u0169 tr\u1ee5 ri\u00eang, \u1ea9n ch\u1ee9a nh\u1eefng gam m\u00e0u, nh\u1eefng \u0111\u01b0\u1eddng n\u00e9t v\u00e0 c\u00e2u chuy\u1ec7n kh\u00f4ng ai gi\u1ed1ng ai. Th\u1ebf nh\u01b0ng, gi\u1eefa d\u00f2ng ch\u1ea3y h\u1ed1i h\u1ea3 c\u1ee7a cu\u1ed9c s\u1ed1ng hi\u1ec7n \u0111\u1ea1i, \u0111\u00f4i khi ta l\u1ea1c l\u1ed1i gi\u1eefa nh\u1eefng xu h\u01b0\u1edbng, nh\u1eefng \u0111\u1ecbnh ngh\u0129a c\u00f3 s\u1eb5n. \u0110\u00e2u l\u00e0 n\u01a1i \u0111\u1ec3 ta t\u00ecm th\u1ea5y ch\u00ednh m\u00ecnh, \u0111\u1ec3 t\u1ef1 do c\u1ea5t l\u00ean ti\u1ebfng n\u00f3i c\u1ee7a ri\u00eang m\u00ecnh, v\u00e0 \u0111\u1ec3 phong c\u00e1ch kh\u00f4ng ch\u1ec9 l\u00e0 b\u1ec1 ngo\u00e0i m\u00e0 l\u00e0 b\u1ea3n tuy\u00ean ng\u00f4n c\u1ee7a t\u00e2m h\u1ed3n?<\/p>\n\n\n\n<p>\u0110\u00f3 ch\u00ednh l\u00e0 l\u00fd do <strong>DULIO<\/strong> ra \u0111\u1eddi.<\/p>\n\n\n\n<p><strong>D &#8211; Define: Ki\u1ebfn t\u1ea1o Phong C\u00e1ch Ri\u00eang Bi\u1ec7t.<\/strong> Ch\u00fang t\u00f4i tin r\u1eb1ng phong c\u00e1ch th\u1ef1c s\u1ef1 \u0111\u1ebfn t\u1eeb b\u00ean trong. M\u1ed7i thi\u1ebft k\u1ebf l\u00e0 m\u1ed9t m\u1ea3nh gh\u00e9p \u0111\u01b0\u1ee3c ch\u1ebf t\u00e1c t\u1ec9 m\u1ec9, gi\u00fap b\u1ea1n d\u1ec5 d\u00e0ng <strong>\u0111\u1ecbnh h\u00ecnh phong c\u00e1ch c\u00e1 nh\u00e2n \u0111\u1ed9c \u0111\u00e1o<\/strong>, kh\u00f4ng c\u1ea7n g\u1ed3ng m\u00ecnh ch\u1ea1y theo s\u1ed1 \u0111\u00f4ng, m\u00e0 t\u1ef1 tin l\u00e0m ch\u1ee7 tuy\u00ean ng\u00f4n th\u1eddi trang c\u1ee7a ri\u00eang m\u00ecnh.<\/p>\n\n\n\n<p><strong>U &#8211; Unfold: Kh\u01a1i M\u1edf Kh\u00f4ng Gian S\u00e1ng T\u1ea1o.<\/strong> DULIO mang \u0111\u1ebfn nh\u1eefng b\u1ed9 trang ph\u1ee5c nh\u01b0 m\u1ed9t t\u1ea5m canvas tr\u1eafng, n\u01a1i b\u1ea1n \u0111\u01b0\u1ee3c t\u1ef1 do kh\u00e1m ph\u00e1 v\u00e0 th\u1ec3 hi\u1ec7n. H\u00e3y th\u1eed mix &amp; match kh\u00f4ng gi\u1edbi h\u1ea1n, ph\u00e1 v\u1ee1 m\u1ecdi quy t\u1eafc, v\u00e0 \u0111\u1ec3 phong c\u00e1ch c\u1ee7a b\u1ea1n kh\u00f4ng ng\u1eebng \u0111\u01b0\u1ee3c <strong>m\u1edf r\u1ed9ng, kh\u01a1i ngu\u1ed3n c\u1ea3m h\u1ee9ng b\u1ea5t t\u1eadn<\/strong> trong m\u1ecdi kho\u1ea3nh kh\u1eafc.<\/p>\n\n\n\n<p><strong>L &#8211; Luxury: \u0110\u1eb3ng C\u1ea5p Trong T\u1eebng Tr\u1ea3i Nghi\u1ec7m.<\/strong> Ch\u00fang t\u00f4i hi\u1ec3u r\u1eb1ng gi\u00e1 tr\u1ecb kh\u00f4ng ch\u1ec9 n\u1eb1m \u1edf v\u1ebb ngo\u00e0i. DULIO \u0111\u1eb7t tr\u1ecdn t\u00e2m huy\u1ebft v\u00e0o vi\u1ec7c ch\u1ecdn l\u1ef1a ch\u1ea5t li\u1ec7u cao c\u1ea5p v\u00e0 t\u1eebng \u0111\u01b0\u1eddng kim m\u0169i ch\u1ec9. M\u1eb7c m\u1ed9t s\u1ea3n ph\u1ea9m c\u1ee7a Dulio l\u00e0 tr\u1ea3i nghi\u1ec7m s\u1ef1 <strong>tho\u1ea3i m\u00e1i v\u01b0\u1ee3t tr\u1ed9i, ch\u1ea5t l\u01b0\u1ee3ng b\u1ec1n b\u1ec9<\/strong>, v\u00e0 m\u1ed9t s\u1ef1 t\u1ef1 tin tr\u1ecdn v\u1eb9n m\u00e0 b\u1ea1n c\u00f3 th\u1ec3 c\u1ea3m nh\u1eadn t\u1eeb b\u00ean trong.<\/p>\n\n\n\n<p><strong>I &#8211; Identity: T\u00f4n Vinh C\u00e1 T\u00ednh Ri\u00eang Bi\u1ec7t.<\/strong> V\u1edbi DULIO, b\u1ea1n kh\u00f4ng c\u1ea7n ph\u1ea3i c\u1ed1 g\u1eafng \u0111\u1ec3 tr\u1edf th\u00e0nh ai kh\u00e1c. M\u1ed7i s\u1ea3n ph\u1ea9m c\u1ee7a ch\u00fang t\u00f4i \u0111\u01b0\u1ee3c thi\u1ebft k\u1ebf \u0111\u1ec3 tr\u1edf th\u00e0nh ti\u1ebfng n\u00f3i ch\u00e2n th\u1eadt nh\u1ea5t c\u1ee7a b\u1ea1n, gi\u00fap b\u1ea1n <strong>t\u1ef1 tin th\u1ec3 hi\u1ec7n c\u00e1 t\u00ednh ri\u00eang<\/strong>, n\u1ed5i b\u1eadt m\u1ed9t c\u00e1ch t\u1ef1 nhi\u00ean v\u00e0 kh\u00f4ng h\u00f2a l\u1eabn v\u00e0o b\u1ea5t k\u1ef3 khu\u00f4n m\u1eabu n\u00e0o.<\/p>\n\n\n\n<p><strong>O &#8211; Originality: Gi\u1eef Tr\u1ecdn N\u00e9t \u0110\u1ed9c \u0110\u00e1o Duy Nh\u1ea5t.<\/strong> Ch\u00fang t\u00f4i kh\u00f4ng ch\u1ec9 theo k\u1ecbp tr\u00e0o l\u01b0u, DULIO c\u00f2n ti\u00ean phong t\u1ea1o ra nh\u1eefng xu h\u01b0\u1edbng m\u1edbi. M\u1ecdi thi\u1ebft k\u1ebf \u0111\u1ec1u l\u00e0 k\u1ebft qu\u1ea3 c\u1ee7a qu\u00e1 tr\u00ecnh s\u00e1ng t\u1ea1o kh\u00f4ng ng\u1eebng, mang \u0111\u1eadm d\u1ea5u \u1ea5n ri\u00eang bi\u1ec7t \u0111\u1ec3 \u0111\u1ea3m b\u1ea3o b\u1ea1n lu\u00f4n <strong>gi\u1eef tr\u1ecdn n\u00e9t \u0111\u1ed9c \u0111\u00e1o duy nh\u1ea5t<\/strong>, th\u1ec3 hi\u1ec7n tinh th\u1ea7n &#8220;c\u00f3 m\u1ed9t kh\u00f4ng hai&#8221; c\u1ee7a m\u00ecnh.<\/p>\n<\/div><\/div><div class=\"wp-block-gutenbee-banner-background\" data-parallax-speed=\"0.3\" style=\"background-color:#ffffff\"><\/div><style>.wp-block-gutenbee-banner.block-48f43f-42a1-4d { height: 1200px; margin: -100px 100px 60px 100px; }\n.wp-block-gutenbee-banner.block-48f43f-42a1-4d > .wp-block-gutenbee-banner-inner { padding: 50px 50px 50px 50px; }\n\n\n      @media (max-width: 991px) {\n        .wp-block-gutenbee-banner.block-48f43f-42a1-4d { margin: 0px 0px 80px 0px; }\n.wp-block-gutenbee-banner.block-48f43f-42a1-4d > .wp-block-gutenbee-banner-inner { padding: 30px 30px 30px 30px; }\n      }\n    \n\n      @media (max-width: 575px) {\n        .wp-block-gutenbee-banner.block-48f43f-42a1-4d { margin: 0px 0px 80px 0px; }\n.wp-block-gutenbee-banner.block-48f43f-42a1-4d > .wp-block-gutenbee-banner-inner { padding: 30px 30px 30px 30px; }\n      }<\/style><\/div>\n","protected":false},"excerpt":{"rendered":"","protected":false},"author":1,"featured_media":0,"parent":0,"menu_order":0,"comment_status":"closed","ping_status":"closed","template":"templates\/template-fullwidth-boxed.php","meta":{"inline_featured_image":false,"footnotes":""},"class_list":["post-302","page","type-page","status-publish","hentry"],"yoast_head":"<!-- This site is optimized with the Yoast SEO plugin v25.6 - https:\/\/yoast.com\/wordpress\/plugins\/seo\/ -->\n<title>V\u1ec1 Ch\u00fang T\u00f4i - DULIO - Made Yours<\/title>\n<meta name=\"robots\" content=\"index, follow, max-snippet:-1, max-image-preview:large, max-video-preview:-1\" \/>\n<link rel=\"canonical\" href=\"https:\/\/dulio.vn\/?page_id=302\" \/>\n<meta property=\"og:locale\" content=\"en_US\" \/>\n<meta property=\"og:type\" content=\"article\" \/>\n<meta property=\"og:title\" content=\"V\u1ec1 Ch\u00fang T\u00f4i - DULIO - Made Yours\" \/>\n<meta property=\"og:url\" content=\"https:\/\/dulio.vn\/?page_id=302\" \/>\n<meta property=\"og:site_name\" content=\"DULIO - Made Yours\" \/>\n<meta property=\"article:modified_time\" content=\"2025-08-06T08:39:42+00:00\" \/>\n<meta name=\"twitter:card\" content=\"summary_large_image\" \/>\n<meta name=\"twitter:label1\" content=\"Est. reading time\" \/>\n\t<meta name=\"twitter:data1\" content=\"3 minutes\" \/>\n<script type=\"application\/ld+json\" class=\"yoast-schema-graph\">{\"@context\":\"https:\/\/schema.org\",\"@graph\":[{\"@type\":\"WebPage\",\"@id\":\"https:\/\/dulio.vn\/?page_id=302\",\"url\":\"https:\/\/dulio.vn\/?page_id=302\",\"name\":\"V\u1ec1 Ch\u00fang T\u00f4i - DULIO - Made Yours\",\"isPartOf\":{\"@id\":\"https:\/\/dulio.vn\/#website\"},\"primaryImageOfPage\":{\"@id\":\"https:\/\/dulio.vn\/?page_id=302#primaryimage\"},\"image\":{\"@id\":\"https:\/\/dulio.vn\/?page_id=302#primaryimage\"},\"thumbnailUrl\":\"https:\/\/dulio.com\/wp-content\/uploads\/2025\/07\/tshirt-32-1024x585.jpg\",\"datePublished\":\"2020-11-30T12:58:34+00:00\",\"dateModified\":\"2025-08-06T08:39:42+00:00\",\"breadcrumb\":{\"@id\":\"https:\/\/dulio.vn\/?page_id=302#breadcrumb\"},\"inLanguage\":\"en-US\",\"potentialAction\":[{\"@type\":\"ReadAction\",\"target\":[\"https:\/\/dulio.vn\/?page_id=302\"]}]},{\"@type\":\"ImageObject\",\"inLanguage\":\"en-US\",\"@id\":\"https:\/\/dulio.vn\/?page_id=302#primaryimage\",\"url\":\"https:\/\/dulio.com\/wp-content\/uploads\/2025\/07\/tshirt-32-1024x585.jpg\",\"contentUrl\":\"https:\/\/dulio.com\/wp-content\/uploads\/2025\/07\/tshirt-32-1024x585.jpg\"},{\"@type\":\"BreadcrumbList\",\"@id\":\"https:\/\/dulio.vn\/?page_id=302#breadcrumb\",\"itemListElement\":[{\"@type\":\"ListItem\",\"position\":1,\"name\":\"Home\",\"item\":\"https:\/\/dulio.vn\/\"},{\"@type\":\"ListItem\",\"position\":2,\"name\":\"V\u1ec1 Ch\u00fang T\u00f4i\"}]},{\"@type\":\"WebSite\",\"@id\":\"https:\/\/dulio.vn\/#website\",\"url\":\"https:\/\/dulio.vn\/\",\"name\":\"DULIO - Made Yours\",\"description\":\"Dulio, dulio, DULIO\",\"publisher\":{\"@id\":\"https:\/\/dulio.vn\/#organization\"},\"potentialAction\":[{\"@type\":\"SearchAction\",\"target\":{\"@type\":\"EntryPoint\",\"urlTemplate\":\"https:\/\/dulio.vn\/?s={search_term_string}\"},\"query-input\":{\"@type\":\"PropertyValueSpecification\",\"valueRequired\":true,\"valueName\":\"search_term_string\"}}],\"inLanguage\":\"en-US\"},{\"@type\":\"Organization\",\"@id\":\"https:\/\/dulio.vn\/#organization\",\"name\":\"DULIO - Made Yours\",\"url\":\"https:\/\/dulio.vn\/\",\"logo\":{\"@type\":\"ImageObject\",\"inLanguage\":\"en-US\",\"@id\":\"https:\/\/dulio.vn\/#\/schema\/logo\/image\/\",\"url\":\"https:\/\/dulio.vn\/wp-content\/uploads\/2025\/08\/cropped-okok.png\",\"contentUrl\":\"https:\/\/dulio.vn\/wp-content\/uploads\/2025\/08\/cropped-okok.png\",\"width\":1844,\"height\":460,\"caption\":\"DULIO - Made Yours\"},\"image\":{\"@id\":\"https:\/\/dulio.vn\/#\/schema\/logo\/image\/\"}}]}<\/script>\n<!-- \/ Yoast SEO plugin. -->","yoast_head_json":{"title":"V\u1ec1 Ch\u00fang T\u00f4i - DULIO - Made Yours","robots":{"index":"index","follow":"follow","max-snippet":"max-snippet:-1","max-image-preview":"max-image-preview:large","max-video-preview":"max-video-preview:-1"},"canonical":"https:\/\/dulio.vn\/?page_id=302","og_locale":"en_US","og_type":"article","og_title":"V\u1ec1 Ch\u00fang T\u00f4i - DULIO - Made Yours","og_url":"https:\/\/dulio.vn\/?page_id=302","og_site_name":"DULIO - Made Yours","article_modified_time":"2025-08-06T08:39:42+00:00","twitter_card":"summary_large_image","twitter_misc":{"Est. reading time":"3 minutes"},"schema":{"@context":"https:\/\/schema.org","@graph":[{"@type":"WebPage","@id":"https:\/\/dulio.vn\/?page_id=302","url":"https:\/\/dulio.vn\/?page_id=302","name":"V\u1ec1 Ch\u00fang T\u00f4i - DULIO - Made Yours","isPartOf":{"@id":"https:\/\/dulio.vn\/#website"},"primaryImageOfPage":{"@id":"https:\/\/dulio.vn\/?page_id=302#primaryimage"},"image":{"@id":"https:\/\/dulio.vn\/?page_id=302#primaryimage"},"thumbnailUrl":"https:\/\/dulio.com\/wp-content\/uploads\/2025\/07\/tshirt-32-1024x585.jpg","datePublished":"2020-11-30T12:58:34+00:00","dateModified":"2025-08-06T08:39:42+00:00","breadcrumb":{"@id":"https:\/\/dulio.vn\/?page_id=302#breadcrumb"},"inLanguage":"en-US","potentialAction":[{"@type":"ReadAction","target":["https:\/\/dulio.vn\/?page_id=302"]}]},{"@type":"ImageObject","inLanguage":"en-US","@id":"https:\/\/dulio.vn\/?page_id=302#primaryimage","url":"https:\/\/dulio.com\/wp-content\/uploads\/2025\/07\/tshirt-32-1024x585.jpg","contentUrl":"https:\/\/dulio.com\/wp-content\/uploads\/2025\/07\/tshirt-32-1024x585.jpg"},{"@type":"BreadcrumbList","@id":"https:\/\/dulio.vn\/?page_id=302#breadcrumb","itemListElement":[{"@type":"ListItem","position":1,"name":"Home","item":"https:\/\/dulio.vn\/"},{"@type":"ListItem","position":2,"name":"V\u1ec1 Ch\u00fang T\u00f4i"}]},{"@type":"WebSite","@id":"https:\/\/dulio.vn\/#website","url":"https:\/\/dulio.vn\/","name":"DULIO - Made Yours","description":"Dulio, dulio, DULIO","publisher":{"@id":"https:\/\/dulio.vn\/#organization"},"potentialAction":[{"@type":"SearchAction","target":{"@type":"EntryPoint","urlTemplate":"https:\/\/dulio.vn\/?s={search_term_string}"},"query-input":{"@type":"PropertyValueSpecification","valueRequired":true,"valueName":"search_term_string"}}],"inLanguage":"en-US"},{"@type":"Organization","@id":"https:\/\/dulio.vn\/#organization","name":"DULIO - Made Yours","url":"https:\/\/dulio.vn\/","logo":{"@type":"ImageObject","inLanguage":"en-US","@id":"https:\/\/dulio.vn\/#\/schema\/logo\/image\/","url":"https:\/\/dulio.vn\/wp-content\/uploads\/2025\/08\/cropped-okok.png","contentUrl":"https:\/\/dulio.vn\/wp-content\/uploads\/2025\/08\/cropped-okok.png","width":1844,"height":460,"caption":"DULIO - Made Yours"},"image":{"@id":"https:\/\/dulio.vn\/#\/schema\/logo\/image\/"}}]}},"_links":{"self":[{"href":"https:\/\/dulio.vn\/index.php?rest_route=\/wp\/v2\/pages\/302","targetHints":{"allow":["GET"]}}],"collection":[{"href":"https:\/\/dulio.vn\/index.php?rest_route=\/wp\/v2\/pages"}],"about":[{"href":"https:\/\/dulio.vn\/index.php?rest_route=\/wp\/v2\/types\/page"}],"author":[{"embeddable":true,"href":"https:\/\/dulio.vn\/index.php?rest_route=\/wp\/v2\/users\/1"}],"replies":[{"embeddable":true,"href":"https:\/\/dulio.vn\/index.php?rest_route=%2Fwp%2Fv2%2Fcomments&post=302"}],"version-history":[{"count":3,"href":"https:\/\/dulio.vn\/index.php?rest_route=\/wp\/v2\/pages\/302\/revisions"}],"predecessor-version":[{"id":360,"href":"https:\/\/dulio.vn\/index.php?rest_route=\/wp\/v2\/pages\/302\/revisions\/360"}],"wp:attachment":[{"href":"https:\/\/dulio.vn\/index.php?rest_route=%2Fwp%2Fv2%2Fmedia&parent=302"}],"curies":[{"name":"wp","href":"https:\/\/api.w.org\/{rel}","templated":true}]}}