{"id":361,"date":"2025-08-06T08:42:42","date_gmt":"2025-08-06T08:42:42","guid":{"rendered":"https:\/\/dulio.vn\/?page_id=361"},"modified":"2025-08-06T08:42:43","modified_gmt":"2025-08-06T08:42:43","slug":"hoan-tien-tra-hang","status":"publish","type":"page","link":"https:\/\/dulio.vn\/?page_id=361","title":{"rendered":"Ho\u00e0n Ti\u1ec1n &amp; Tr\u1ea3 H\u00e0ng"},"content":{"rendered":"\n<h4 class=\"wp-block-heading\">1. Gi\u1edbi thi\u1ec7u<\/h4>\n\n\n\n<p>Ch\u00ednh s\u00e1ch ho\u00e0n ti\u1ec1n v\u00e0 tr\u1ea3 s\u1ea3n ph\u1ea9m c\u1ee7a Dulio nh\u1eb1m \u0111\u1ea3m b\u1ea3o s\u1ef1 h\u00e0i l\u00f2ng c\u1ee7a kh\u00e1ch h\u00e0ng v\u00e0 cung c\u1ea5p quy tr\u00ecnh r\u00f5 r\u00e0ng cho vi\u1ec7c tr\u1ea3 h\u00e0ng v\u00e0 ho\u00e0n ti\u1ec1n.<\/p>\n\n\n\n<h4 class=\"wp-block-heading\">2. \u0110i\u1ec1u ki\u1ec7n tr\u1ea3 s\u1ea3n ph\u1ea9m<\/h4>\n\n\n\n<ul class=\"wp-block-list\">\n<li><strong>Th\u1eddi gian ho\u00e0n tr\u1ea3<\/strong>: Kh\u00e1ch h\u00e0ng c\u00f3 th\u1ec3 y\u00eau c\u1ea7u tr\u1ea3 s\u1ea3n ph\u1ea9m trong v\u00f2ng 14 ng\u00e0y k\u1ec3 t\u1eeb ng\u00e0y nh\u1eadn h\u00e0ng.<\/li>\n\n\n\n<li><strong>T\u00ecnh tr\u1ea1ng s\u1ea3n ph\u1ea9m<\/strong>: S\u1ea3n ph\u1ea9m ph\u1ea3i \u0111\u01b0\u1ee3c tr\u1ea3 l\u1ea1i trong t\u00ecnh tr\u1ea1ng ch\u01b0a s\u1eed d\u1ee5ng, kh\u00f4ng c\u00f3 d\u1ea5u hi\u1ec7u c\u1ee7a s\u1ef1 hao m\u00f2n, v\u00e0 c\u00f2n nguy\u00ean nh\u00e3n m\u00e1c, bao b\u00ec.<\/li>\n\n\n\n<li><strong>S\u1ea3n ph\u1ea9m kh\u00f4ng \u0111\u1ee7 \u0111i\u1ec1u ki\u1ec7n ho\u00e0n tr\u1ea3<\/strong>: C\u00e1c s\u1ea3n ph\u1ea9m \u0111\u00e3 qua s\u1eed d\u1ee5ng, gi\u1eb7t s\u1ea5y, gi\u1ea3m gi\u00e1, s\u1ea3n ph\u1ea9m t\u00f9y ch\u1ec9nh ho\u1eb7c s\u1ea3n ph\u1ea9m thu\u1ed9c danh m\u1ee5c h\u00e0ng h\u00f3a kh\u00f4ng ho\u00e0n tr\u1ea3 s\u1ebd kh\u00f4ng \u0111\u01b0\u1ee3c ch\u1ea5p nh\u1eadn.<\/li>\n<\/ul>\n\n\n\n<h4 class=\"wp-block-heading\">3. Quy tr\u00ecnh tr\u1ea3 s\u1ea3n ph\u1ea9m<\/h4>\n\n\n\n<ol class=\"wp-block-list\">\n<li><strong>Li\u00ean h\u1ec7 v\u1edbi ch\u00fang t\u00f4i<\/strong>: G\u1eedi email ho\u1eb7c g\u1ecdi \u0111i\u1ec7n t\u1edbi b\u1ed9 ph\u1eadn ch\u0103m s\u00f3c kh\u00e1ch h\u00e0ng c\u1ee7a Dulio \u0111\u1ec3 th\u00f4ng b\u00e1o v\u1ec1 vi\u1ec7c tr\u1ea3 h\u00e0ng.<\/li>\n\n\n\n<li><strong>Nh\u1eadn h\u01b0\u1edbng d\u1eabn<\/strong>: Ch\u00fang t\u00f4i s\u1ebd cung c\u1ea5p cho b\u1ea1n th\u00f4ng tin chi ti\u1ebft v\u1ec1 c\u00e1ch g\u1eedi tr\u1ea3 s\u1ea3n ph\u1ea9m.<\/li>\n\n\n\n<li><strong>G\u1eedi s\u1ea3n ph\u1ea9m<\/strong>: \u0110\u1ea3m b\u1ea3o r\u1eb1ng s\u1ea3n ph\u1ea9m \u0111\u01b0\u1ee3c \u0111\u00f3ng g\u00f3i c\u1ea9n th\u1eadn v\u00e0 g\u1eedi \u0111\u1ebfn \u0111\u1ecba ch\u1ec9 m\u00e0 ch\u00fang t\u00f4i cung c\u1ea5p.<\/li>\n<\/ol>\n\n\n\n<h4 class=\"wp-block-heading\">4. Ho\u00e0n ti\u1ec1n<\/h4>\n\n\n\n<ul class=\"wp-block-list\">\n<li><strong>Th\u1eddi gian ho\u00e0n ti\u1ec1n<\/strong>: Sau khi nh\u1eadn \u0111\u01b0\u1ee3c s\u1ea3n ph\u1ea9m tr\u1ea3 l\u1ea1i v\u00e0 x\u00e1c nh\u1eadn t\u00ecnh tr\u1ea1ng, ch\u00fang t\u00f4i s\u1ebd x\u1eed l\u00fd y\u00eau c\u1ea7u ho\u00e0n ti\u1ec1n trong v\u00f2ng 7-10 ng\u00e0y l\u00e0m vi\u1ec7c.<\/li>\n\n\n\n<li><strong>Ph\u01b0\u01a1ng th\u1ee9c ho\u00e0n ti\u1ec1n<\/strong>: Ho\u00e0n ti\u1ec1n s\u1ebd \u0111\u01b0\u1ee3c th\u1ef1c hi\u1ec7n qua ph\u01b0\u01a1ng th\u1ee9c thanh to\u00e1n m\u00e0 b\u1ea1n \u0111\u00e3 s\u1eed d\u1ee5ng khi \u0111\u1eb7t h\u00e0ng ban \u0111\u1ea7u.<\/li>\n<\/ul>\n\n\n\n<h4 class=\"wp-block-heading\">5. Chi ph\u00ed ho\u00e0n tr\u1ea3<\/h4>\n\n\n\n<ul class=\"wp-block-list\">\n<li><strong>Chi ph\u00ed v\u1eadn chuy\u1ec3n<\/strong>: N\u1ebfu s\u1ea3n ph\u1ea9m \u0111\u01b0\u1ee3c tr\u1ea3 l\u1ea1i do l\u1ed7i t\u1eeb ph\u00eda Dulio ho\u1eb7c s\u1ea3n ph\u1ea9m b\u1ecb l\u1ed7i, ch\u00fang t\u00f4i s\u1ebd ch\u1ecbu chi ph\u00ed v\u1eadn chuy\u1ec3n. Trong tr\u01b0\u1eddng h\u1ee3p kh\u00e1c, kh\u00e1ch h\u00e0ng s\u1ebd ch\u1ecbu tr\u00e1ch nhi\u1ec7m chi ph\u00ed v\u1eadn chuy\u1ec3n \u0111\u1ec3 g\u1eedi tr\u1ea3 s\u1ea3n ph\u1ea9m.<\/li>\n<\/ul>\n\n\n\n<p><em>N\u1ebfu b\u1ea1n c\u00f3 b\u1ea5t k\u1ef3 c\u00e2u h\u1ecfi n\u00e0o v\u1ec1 ch\u00ednh s\u00e1ch ho\u00e0n ti\u1ec1n v\u00e0 tr\u1ea3 s\u1ea3n ph\u1ea9m, vui l\u00f2ng li\u00ean h\u1ec7 v\u1edbi ch\u00fang t\u00f4i qua th\u00f4ng tin li\u00ean l\u1ea1c c\u00f3 s\u1eb5n tr\u00ean website c\u1ee7a Dulio. Ch\u00fang t\u00f4i lu\u00f4n s\u1eb5n s\u00e0ng h\u1ed7 tr\u1ee3 b\u1ea1n!<\/em><\/p>\n","protected":false},"excerpt":{"rendered":"<p>1. Gi\u1edbi thi\u1ec7u Ch\u00ednh s\u00e1ch ho\u00e0n ti\u1ec1n v\u00e0 tr\u1ea3 s\u1ea3n ph\u1ea9m c\u1ee7a Dulio nh\u1eb1m \u0111\u1ea3m b\u1ea3o s\u1ef1 h\u00e0i l\u00f2ng c\u1ee7a kh\u00e1ch h\u00e0ng v\u00e0 cung c\u1ea5p quy tr\u00ecnh r\u00f5 r\u00e0ng cho vi\u1ec7c tr\u1ea3 h\u00e0ng v\u00e0 ho\u00e0n [&hellip;]<\/p>\n","protected":false},"author":1,"featured_media":0,"parent":0,"menu_order":0,"comment_status":"closed","ping_status":"closed","template":"","meta":{"inline_featured_image":false,"footnotes":""},"class_list":["post-361","page","type-page","status-publish","hentry"],"yoast_head":"<!-- This site is optimized with the Yoast SEO plugin v25.6 - https:\/\/yoast.com\/wordpress\/plugins\/seo\/ -->\n<title>Ho\u00e0n Ti\u1ec1n &amp; Tr\u1ea3 H\u00e0ng - DULIO - Made Yours<\/title>\n<meta name=\"robots\" content=\"index, follow, max-snippet:-1, max-image-preview:large, max-video-preview:-1\" \/>\n<link rel=\"canonical\" href=\"https:\/\/dulio.vn\/?page_id=361\" \/>\n<meta property=\"og:locale\" content=\"en_US\" \/>\n<meta property=\"og:type\" content=\"article\" \/>\n<meta property=\"og:title\" content=\"Ho\u00e0n Ti\u1ec1n &amp; Tr\u1ea3 H\u00e0ng - DULIO - Made Yours\" \/>\n<meta property=\"og:description\" content=\"1. Gi\u1edbi thi\u1ec7u Ch\u00ednh s\u00e1ch ho\u00e0n ti\u1ec1n v\u00e0 tr\u1ea3 s\u1ea3n ph\u1ea9m c\u1ee7a Dulio nh\u1eb1m \u0111\u1ea3m b\u1ea3o s\u1ef1 h\u00e0i l\u00f2ng c\u1ee7a kh\u00e1ch h\u00e0ng v\u00e0 cung c\u1ea5p quy tr\u00ecnh r\u00f5 r\u00e0ng cho vi\u1ec7c tr\u1ea3 h\u00e0ng v\u00e0 ho\u00e0n [&hellip;]\" \/>\n<meta property=\"og:url\" content=\"https:\/\/dulio.vn\/?page_id=361\" \/>\n<meta property=\"og:site_name\" content=\"DULIO - Made Yours\" \/>\n<meta property=\"article:modified_time\" content=\"2025-08-06T08:42:43+00:00\" \/>\n<meta name=\"twitter:card\" content=\"summary_large_image\" \/>\n<meta name=\"twitter:label1\" content=\"Est. reading time\" \/>\n\t<meta name=\"twitter:data1\" content=\"2 minutes\" \/>\n<script type=\"application\/ld+json\" class=\"yoast-schema-graph\">{\"@context\":\"https:\/\/schema.org\",\"@graph\":[{\"@type\":\"WebPage\",\"@id\":\"https:\/\/dulio.vn\/?page_id=361\",\"url\":\"https:\/\/dulio.vn\/?page_id=361\",\"name\":\"Ho\u00e0n Ti\u1ec1n &amp; Tr\u1ea3 H\u00e0ng - DULIO - Made Yours\",\"isPartOf\":{\"@id\":\"https:\/\/dulio.vn\/#website\"},\"datePublished\":\"2025-08-06T08:42:42+00:00\",\"dateModified\":\"2025-08-06T08:42:43+00:00\",\"breadcrumb\":{\"@id\":\"https:\/\/dulio.vn\/?page_id=361#breadcrumb\"},\"inLanguage\":\"en-US\",\"potentialAction\":[{\"@type\":\"ReadAction\",\"target\":[\"https:\/\/dulio.vn\/?page_id=361\"]}]},{\"@type\":\"BreadcrumbList\",\"@id\":\"https:\/\/dulio.vn\/?page_id=361#breadcrumb\",\"itemListElement\":[{\"@type\":\"ListItem\",\"position\":1,\"name\":\"Home\",\"item\":\"https:\/\/dulio.vn\/\"},{\"@type\":\"ListItem\",\"position\":2,\"name\":\"Ho\u00e0n Ti\u1ec1n &amp; Tr\u1ea3 H\u00e0ng\"}]},{\"@type\":\"WebSite\",\"@id\":\"https:\/\/dulio.vn\/#website\",\"url\":\"https:\/\/dulio.vn\/\",\"name\":\"DULIO - Made Yours\",\"description\":\"Dulio, dulio, DULIO\",\"publisher\":{\"@id\":\"https:\/\/dulio.vn\/#organization\"},\"potentialAction\":[{\"@type\":\"SearchAction\",\"target\":{\"@type\":\"EntryPoint\",\"urlTemplate\":\"https:\/\/dulio.vn\/?s={search_term_string}\"},\"query-input\":{\"@type\":\"PropertyValueSpecification\",\"valueRequired\":true,\"valueName\":\"search_term_string\"}}],\"inLanguage\":\"en-US\"},{\"@type\":\"Organization\",\"@id\":\"https:\/\/dulio.vn\/#organization\",\"name\":\"DULIO - Made Yours\",\"url\":\"https:\/\/dulio.vn\/\",\"logo\":{\"@type\":\"ImageObject\",\"inLanguage\":\"en-US\",\"@id\":\"https:\/\/dulio.vn\/#\/schema\/logo\/image\/\",\"url\":\"https:\/\/dulio.vn\/wp-content\/uploads\/2025\/08\/cropped-okok.png\",\"contentUrl\":\"https:\/\/dulio.vn\/wp-content\/uploads\/2025\/08\/cropped-okok.png\",\"width\":1844,\"height\":460,\"caption\":\"DULIO - Made Yours\"},\"image\":{\"@id\":\"https:\/\/dulio.vn\/#\/schema\/logo\/image\/\"}}]}<\/script>\n<!-- \/ Yoast SEO plugin. -->","yoast_head_json":{"title":"Ho\u00e0n Ti\u1ec1n &amp; Tr\u1ea3 H\u00e0ng - DULIO - Made Yours","robots":{"index":"index","follow":"follow","max-snippet":"max-snippet:-1","max-image-preview":"max-image-preview:large","max-video-preview":"max-video-preview:-1"},"canonical":"https:\/\/dulio.vn\/?page_id=361","og_locale":"en_US","og_type":"article","og_title":"Ho\u00e0n Ti\u1ec1n &amp; Tr\u1ea3 H\u00e0ng - DULIO - Made Yours","og_description":"1. Gi\u1edbi thi\u1ec7u Ch\u00ednh s\u00e1ch ho\u00e0n ti\u1ec1n v\u00e0 tr\u1ea3 s\u1ea3n ph\u1ea9m c\u1ee7a Dulio nh\u1eb1m \u0111\u1ea3m b\u1ea3o s\u1ef1 h\u00e0i l\u00f2ng c\u1ee7a kh\u00e1ch h\u00e0ng v\u00e0 cung c\u1ea5p quy tr\u00ecnh r\u00f5 r\u00e0ng cho vi\u1ec7c tr\u1ea3 h\u00e0ng v\u00e0 ho\u00e0n [&hellip;]","og_url":"https:\/\/dulio.vn\/?page_id=361","og_site_name":"DULIO - Made Yours","article_modified_time":"2025-08-06T08:42:43+00:00","twitter_card":"summary_large_image","twitter_misc":{"Est. reading time":"2 minutes"},"schema":{"@context":"https:\/\/schema.org","@graph":[{"@type":"WebPage","@id":"https:\/\/dulio.vn\/?page_id=361","url":"https:\/\/dulio.vn\/?page_id=361","name":"Ho\u00e0n Ti\u1ec1n &amp; Tr\u1ea3 H\u00e0ng - DULIO - Made Yours","isPartOf":{"@id":"https:\/\/dulio.vn\/#website"},"datePublished":"2025-08-06T08:42:42+00:00","dateModified":"2025-08-06T08:42:43+00:00","breadcrumb":{"@id":"https:\/\/dulio.vn\/?page_id=361#breadcrumb"},"inLanguage":"en-US","potentialAction":[{"@type":"ReadAction","target":["https:\/\/dulio.vn\/?page_id=361"]}]},{"@type":"BreadcrumbList","@id":"https:\/\/dulio.vn\/?page_id=361#breadcrumb","itemListElement":[{"@type":"ListItem","position":1,"name":"Home","item":"https:\/\/dulio.vn\/"},{"@type":"ListItem","position":2,"name":"Ho\u00e0n Ti\u1ec1n &amp; Tr\u1ea3 H\u00e0ng"}]},{"@type":"WebSite","@id":"https:\/\/dulio.vn\/#website","url":"https:\/\/dulio.vn\/","name":"DULIO - Made Yours","description":"Dulio, dulio, DULIO","publisher":{"@id":"https:\/\/dulio.vn\/#organization"},"potentialAction":[{"@type":"SearchAction","target":{"@type":"EntryPoint","urlTemplate":"https:\/\/dulio.vn\/?s={search_term_string}"},"query-input":{"@type":"PropertyValueSpecification","valueRequired":true,"valueName":"search_term_string"}}],"inLanguage":"en-US"},{"@type":"Organization","@id":"https:\/\/dulio.vn\/#organization","name":"DULIO - Made Yours","url":"https:\/\/dulio.vn\/","logo":{"@type":"ImageObject","inLanguage":"en-US","@id":"https:\/\/dulio.vn\/#\/schema\/logo\/image\/","url":"https:\/\/dulio.vn\/wp-content\/uploads\/2025\/08\/cropped-okok.png","contentUrl":"https:\/\/dulio.vn\/wp-content\/uploads\/2025\/08\/cropped-okok.png","width":1844,"height":460,"caption":"DULIO - Made Yours"},"image":{"@id":"https:\/\/dulio.vn\/#\/schema\/logo\/image\/"}}]}},"_links":{"self":[{"href":"https:\/\/dulio.vn\/index.php?rest_route=\/wp\/v2\/pages\/361","targetHints":{"allow":["GET"]}}],"collection":[{"href":"https:\/\/dulio.vn\/index.php?rest_route=\/wp\/v2\/pages"}],"about":[{"href":"https:\/\/dulio.vn\/index.php?rest_route=\/wp\/v2\/types\/page"}],"author":[{"embeddable":true,"href":"https:\/\/dulio.vn\/index.php?rest_route=\/wp\/v2\/users\/1"}],"replies":[{"embeddable":true,"href":"https:\/\/dulio.vn\/index.php?rest_route=%2Fwp%2Fv2%2Fcomments&post=361"}],"version-history":[{"count":1,"href":"https:\/\/dulio.vn\/index.php?rest_route=\/wp\/v2\/pages\/361\/revisions"}],"predecessor-version":[{"id":362,"href":"https:\/\/dulio.vn\/index.php?rest_route=\/wp\/v2\/pages\/361\/revisions\/362"}],"wp:attachment":[{"href":"https:\/\/dulio.vn\/index.php?rest_route=%2Fwp%2Fv2%2Fmedia&parent=361"}],"curies":[{"name":"wp","href":"https:\/\/api.w.org\/{rel}","templated":true}]}}