{"id":306,"date":"2020-12-01T12:22:23","date_gmt":"2020-12-01T12:22:23","guid":{"rendered":"https:\/\/www.cssigniter.com\/demos\/amaryllis\/?post_type=product&#038;p=36"},"modified":"2025-08-07T08:06:42","modified_gmt":"2025-08-07T08:06:42","slug":"sample-product-003","status":"publish","type":"product","link":"https:\/\/dulio.vn\/?product=sample-product-003","title":{"rendered":"\u00c1O MNML"},"content":{"rendered":"","protected":false},"excerpt":{"rendered":"<h4>Chi\u1ebfc \u00e1o tr\u1eafng n\u00e0y n\u1ed5i b\u1eadt v\u1edbi thi\u1ebft k\u1ebf t\u1ed1i gi\u1ea3n, ch\u1ec9 c\u00f3 logo &#8220;DULIO&#8221; \u0111\u01b0\u1ee3c in tinh t\u1ebf \u1edf ng\u1ef1c tr\u00e1i c\u00f9ng d\u00f2ng ch\u1eef &#8220;THE MINIMALIST COLLABORATION&#8221;. S\u1ef1 \u0111\u01a1n gi\u1ea3n trong thi\u1ebft k\u1ebf k\u1ebft h\u1ee3p v\u1edbi ch\u1ea5t li\u1ec7u v\u1ea3i cao c\u1ea5p mang \u0111\u1ebfn c\u1ea3m gi\u00e1c tho\u1ea3i m\u00e1i v\u00e0 thanh l\u1ecbch cho ng\u01b0\u1eddi m\u1eb7c. \u0110\u00e2y l\u00e0 m\u1ed9t l\u1ef1a ch\u1ecdn ho\u00e0n h\u1ea3o cho nh\u1eefng ai y\u00eau th\u00edch phong c\u00e1ch th\u1eddi trang hi\u1ec7n \u0111\u1ea1i v\u00e0 tinh t\u1ebf.<\/h4>\n<h4>\u2022 100% Cotton<br \/>\n\u2022 Relaxed\/Loose Fit<br \/>\n\u2022 T\u00ean th\u01b0\u01a1ng hi\u1ec7u \u1edf g\u00f3c tr\u00e1i ng\u1ef1c<\/h4>\n","protected":false},"featured_media":386,"comment_status":"open","ping_status":"closed","template":"","meta":{"inline_featured_image":false},"product_brand":[],"product_cat":[22,20,33],"product_tag":[],"class_list":{"0":"post-306","1":"product","2":"type-product","3":"status-publish","4":"has-post-thumbnail","6":"product_cat-ao-thun","7":"product_cat-shop-all","8":"product_cat-tops","10":"first","11":"instock","12":"shipping-taxable","13":"purchasable","14":"product-type-variable"},"yoast_head":"<!-- This site is optimized with the Yoast SEO plugin v25.6 - https:\/\/yoast.com\/wordpress\/plugins\/seo\/ -->\n<title>\u00c1O MNML - DULIO - Made Yours<\/title>\n<meta name=\"robots\" content=\"index, follow, max-snippet:-1, max-image-preview:large, max-video-preview:-1\" \/>\n<link rel=\"canonical\" href=\"https:\/\/dulio.vn\/?product=sample-product-003\" \/>\n<meta property=\"og:locale\" content=\"en_US\" \/>\n<meta property=\"og:type\" content=\"article\" \/>\n<meta property=\"og:title\" content=\"\u00c1O MNML - DULIO - Made Yours\" \/>\n<meta property=\"og:description\" content=\"Chi\u1ebfc \u00e1o tr\u1eafng n\u00e0y n\u1ed5i b\u1eadt v\u1edbi thi\u1ebft k\u1ebf t\u1ed1i gi\u1ea3n, ch\u1ec9 c\u00f3 logo &quot;DULIO&quot; \u0111\u01b0\u1ee3c in tinh t\u1ebf \u1edf ng\u1ef1c tr\u00e1i c\u00f9ng d\u00f2ng ch\u1eef &quot;THE MINIMALIST COLLABORATION&quot;. S\u1ef1 \u0111\u01a1n gi\u1ea3n trong thi\u1ebft k\u1ebf k\u1ebft h\u1ee3p v\u1edbi ch\u1ea5t li\u1ec7u v\u1ea3i cao c\u1ea5p mang \u0111\u1ebfn c\u1ea3m gi\u00e1c tho\u1ea3i m\u00e1i v\u00e0 thanh l\u1ecbch cho ng\u01b0\u1eddi m\u1eb7c. \u0110\u00e2y l\u00e0 m\u1ed9t l\u1ef1a ch\u1ecdn ho\u00e0n h\u1ea3o cho nh\u1eefng ai y\u00eau th\u00edch phong c\u00e1ch th\u1eddi trang hi\u1ec7n \u0111\u1ea1i v\u00e0 tinh t\u1ebf. \u2022 100% Cotton \u2022 Relaxed\/Loose Fit \u2022 T\u00ean th\u01b0\u01a1ng hi\u1ec7u \u1edf g\u00f3c tr\u00e1i ng\u1ef1c\" \/>\n<meta property=\"og:url\" content=\"https:\/\/dulio.vn\/?product=sample-product-003\" \/>\n<meta property=\"og:site_name\" content=\"DULIO - Made Yours\" \/>\n<meta property=\"article:modified_time\" content=\"2025-08-07T08:06:42+00:00\" \/>\n<meta property=\"og:image\" content=\"https:\/\/dulio.vn\/wp-content\/uploads\/2025\/08\/mnml-front-white.png\" \/>\n\t<meta property=\"og:image:width\" content=\"2000\" \/>\n\t<meta property=\"og:image:height\" content=\"1596\" \/>\n\t<meta property=\"og:image:type\" content=\"image\/png\" \/>\n<meta name=\"twitter:card\" content=\"summary_large_image\" \/>\n<meta name=\"twitter:label1\" content=\"Est. reading time\" \/>\n\t<meta name=\"twitter:data1\" content=\"1 minute\" \/>\n<script type=\"application\/ld+json\" class=\"yoast-schema-graph\">{\"@context\":\"https:\/\/schema.org\",\"@graph\":[{\"@type\":\"WebPage\",\"@id\":\"https:\/\/dulio.vn\/?product=sample-product-003\",\"url\":\"https:\/\/dulio.vn\/?product=sample-product-003\",\"name\":\"\u00c1O MNML - DULIO - Made Yours\",\"isPartOf\":{\"@id\":\"https:\/\/dulio.vn\/#website\"},\"primaryImageOfPage\":{\"@id\":\"https:\/\/dulio.vn\/?product=sample-product-003#primaryimage\"},\"image\":{\"@id\":\"https:\/\/dulio.vn\/?product=sample-product-003#primaryimage\"},\"thumbnailUrl\":\"https:\/\/dulio.vn\/wp-content\/uploads\/2025\/08\/mnml-front-white.png\",\"datePublished\":\"2020-12-01T12:22:23+00:00\",\"dateModified\":\"2025-08-07T08:06:42+00:00\",\"breadcrumb\":{\"@id\":\"https:\/\/dulio.vn\/?product=sample-product-003#breadcrumb\"},\"inLanguage\":\"en-US\",\"potentialAction\":[{\"@type\":\"ReadAction\",\"target\":[\"https:\/\/dulio.vn\/?product=sample-product-003\"]}]},{\"@type\":\"ImageObject\",\"inLanguage\":\"en-US\",\"@id\":\"https:\/\/dulio.vn\/?product=sample-product-003#primaryimage\",\"url\":\"https:\/\/dulio.vn\/wp-content\/uploads\/2025\/08\/mnml-front-white.png\",\"contentUrl\":\"https:\/\/dulio.vn\/wp-content\/uploads\/2025\/08\/mnml-front-white.png\",\"width\":2000,\"height\":1596},{\"@type\":\"BreadcrumbList\",\"@id\":\"https:\/\/dulio.vn\/?product=sample-product-003#breadcrumb\",\"itemListElement\":[{\"@type\":\"ListItem\",\"position\":1,\"name\":\"Home\",\"item\":\"https:\/\/dulio.vn\/\"},{\"@type\":\"ListItem\",\"position\":2,\"name\":\"Shop\",\"item\":\"https:\/\/dulio.vn\/?page_id=8\"},{\"@type\":\"ListItem\",\"position\":3,\"name\":\"\u00c1O MNML\"}]},{\"@type\":\"WebSite\",\"@id\":\"https:\/\/dulio.vn\/#website\",\"url\":\"https:\/\/dulio.vn\/\",\"name\":\"DULIO - Made Yours\",\"description\":\"Dulio, dulio, DULIO\",\"publisher\":{\"@id\":\"https:\/\/dulio.vn\/#organization\"},\"potentialAction\":[{\"@type\":\"SearchAction\",\"target\":{\"@type\":\"EntryPoint\",\"urlTemplate\":\"https:\/\/dulio.vn\/?s={search_term_string}\"},\"query-input\":{\"@type\":\"PropertyValueSpecification\",\"valueRequired\":true,\"valueName\":\"search_term_string\"}}],\"inLanguage\":\"en-US\"},{\"@type\":\"Organization\",\"@id\":\"https:\/\/dulio.vn\/#organization\",\"name\":\"DULIO - Made Yours\",\"url\":\"https:\/\/dulio.vn\/\",\"logo\":{\"@type\":\"ImageObject\",\"inLanguage\":\"en-US\",\"@id\":\"https:\/\/dulio.vn\/#\/schema\/logo\/image\/\",\"url\":\"https:\/\/dulio.vn\/wp-content\/uploads\/2025\/08\/cropped-okok.png\",\"contentUrl\":\"https:\/\/dulio.vn\/wp-content\/uploads\/2025\/08\/cropped-okok.png\",\"width\":1844,\"height\":460,\"caption\":\"DULIO - Made Yours\"},\"image\":{\"@id\":\"https:\/\/dulio.vn\/#\/schema\/logo\/image\/\"}}]}<\/script>\n<!-- \/ Yoast SEO plugin. -->","yoast_head_json":{"title":"\u00c1O MNML - DULIO - Made Yours","robots":{"index":"index","follow":"follow","max-snippet":"max-snippet:-1","max-image-preview":"max-image-preview:large","max-video-preview":"max-video-preview:-1"},"canonical":"https:\/\/dulio.vn\/?product=sample-product-003","og_locale":"en_US","og_type":"article","og_title":"\u00c1O MNML - DULIO - Made Yours","og_description":"Chi\u1ebfc \u00e1o tr\u1eafng n\u00e0y n\u1ed5i b\u1eadt v\u1edbi thi\u1ebft k\u1ebf t\u1ed1i gi\u1ea3n, ch\u1ec9 c\u00f3 logo \"DULIO\" \u0111\u01b0\u1ee3c in tinh t\u1ebf \u1edf ng\u1ef1c tr\u00e1i c\u00f9ng d\u00f2ng ch\u1eef \"THE MINIMALIST COLLABORATION\". S\u1ef1 \u0111\u01a1n gi\u1ea3n trong thi\u1ebft k\u1ebf k\u1ebft h\u1ee3p v\u1edbi ch\u1ea5t li\u1ec7u v\u1ea3i cao c\u1ea5p mang \u0111\u1ebfn c\u1ea3m gi\u00e1c tho\u1ea3i m\u00e1i v\u00e0 thanh l\u1ecbch cho ng\u01b0\u1eddi m\u1eb7c. \u0110\u00e2y l\u00e0 m\u1ed9t l\u1ef1a ch\u1ecdn ho\u00e0n h\u1ea3o cho nh\u1eefng ai y\u00eau th\u00edch phong c\u00e1ch th\u1eddi trang hi\u1ec7n \u0111\u1ea1i v\u00e0 tinh t\u1ebf. \u2022 100% Cotton \u2022 Relaxed\/Loose Fit \u2022 T\u00ean th\u01b0\u01a1ng hi\u1ec7u \u1edf g\u00f3c tr\u00e1i ng\u1ef1c","og_url":"https:\/\/dulio.vn\/?product=sample-product-003","og_site_name":"DULIO - Made Yours","article_modified_time":"2025-08-07T08:06:42+00:00","og_image":[{"width":2000,"height":1596,"url":"https:\/\/dulio.vn\/wp-content\/uploads\/2025\/08\/mnml-front-white.png","type":"image\/png"}],"twitter_card":"summary_large_image","twitter_misc":{"Est. reading time":"1 minute"},"schema":{"@context":"https:\/\/schema.org","@graph":[{"@type":"WebPage","@id":"https:\/\/dulio.vn\/?product=sample-product-003","url":"https:\/\/dulio.vn\/?product=sample-product-003","name":"\u00c1O MNML - DULIO - Made Yours","isPartOf":{"@id":"https:\/\/dulio.vn\/#website"},"primaryImageOfPage":{"@id":"https:\/\/dulio.vn\/?product=sample-product-003#primaryimage"},"image":{"@id":"https:\/\/dulio.vn\/?product=sample-product-003#primaryimage"},"thumbnailUrl":"https:\/\/dulio.vn\/wp-content\/uploads\/2025\/08\/mnml-front-white.png","datePublished":"2020-12-01T12:22:23+00:00","dateModified":"2025-08-07T08:06:42+00:00","breadcrumb":{"@id":"https:\/\/dulio.vn\/?product=sample-product-003#breadcrumb"},"inLanguage":"en-US","potentialAction":[{"@type":"ReadAction","target":["https:\/\/dulio.vn\/?product=sample-product-003"]}]},{"@type":"ImageObject","inLanguage":"en-US","@id":"https:\/\/dulio.vn\/?product=sample-product-003#primaryimage","url":"https:\/\/dulio.vn\/wp-content\/uploads\/2025\/08\/mnml-front-white.png","contentUrl":"https:\/\/dulio.vn\/wp-content\/uploads\/2025\/08\/mnml-front-white.png","width":2000,"height":1596},{"@type":"BreadcrumbList","@id":"https:\/\/dulio.vn\/?product=sample-product-003#breadcrumb","itemListElement":[{"@type":"ListItem","position":1,"name":"Home","item":"https:\/\/dulio.vn\/"},{"@type":"ListItem","position":2,"name":"Shop","item":"https:\/\/dulio.vn\/?page_id=8"},{"@type":"ListItem","position":3,"name":"\u00c1O MNML"}]},{"@type":"WebSite","@id":"https:\/\/dulio.vn\/#website","url":"https:\/\/dulio.vn\/","name":"DULIO - Made Yours","description":"Dulio, dulio, DULIO","publisher":{"@id":"https:\/\/dulio.vn\/#organization"},"potentialAction":[{"@type":"SearchAction","target":{"@type":"EntryPoint","urlTemplate":"https:\/\/dulio.vn\/?s={search_term_string}"},"query-input":{"@type":"PropertyValueSpecification","valueRequired":true,"valueName":"search_term_string"}}],"inLanguage":"en-US"},{"@type":"Organization","@id":"https:\/\/dulio.vn\/#organization","name":"DULIO - Made Yours","url":"https:\/\/dulio.vn\/","logo":{"@type":"ImageObject","inLanguage":"en-US","@id":"https:\/\/dulio.vn\/#\/schema\/logo\/image\/","url":"https:\/\/dulio.vn\/wp-content\/uploads\/2025\/08\/cropped-okok.png","contentUrl":"https:\/\/dulio.vn\/wp-content\/uploads\/2025\/08\/cropped-okok.png","width":1844,"height":460,"caption":"DULIO - Made Yours"},"image":{"@id":"https:\/\/dulio.vn\/#\/schema\/logo\/image\/"}}]}},"_links":{"self":[{"href":"https:\/\/dulio.vn\/index.php?rest_route=\/wp\/v2\/product\/306","targetHints":{"allow":["GET"]}}],"collection":[{"href":"https:\/\/dulio.vn\/index.php?rest_route=\/wp\/v2\/product"}],"about":[{"href":"https:\/\/dulio.vn\/index.php?rest_route=\/wp\/v2\/types\/product"}],"replies":[{"embeddable":true,"href":"https:\/\/dulio.vn\/index.php?rest_route=%2Fwp%2Fv2%2Fcomments&post=306"}],"wp:featuredmedia":[{"embeddable":true,"href":"https:\/\/dulio.vn\/index.php?rest_route=\/wp\/v2\/media\/386"}],"wp:attachment":[{"href":"https:\/\/dulio.vn\/index.php?rest_route=%2Fwp%2Fv2%2Fmedia&parent=306"}],"wp:term":[{"taxonomy":"product_brand","embeddable":true,"href":"https:\/\/dulio.vn\/index.php?rest_route=%2Fwp%2Fv2%2Fproduct_brand&post=306"},{"taxonomy":"product_cat","embeddable":true,"href":"https:\/\/dulio.vn\/index.php?rest_route=%2Fwp%2Fv2%2Fproduct_cat&post=306"},{"taxonomy":"product_tag","embeddable":true,"href":"https:\/\/dulio.vn\/index.php?rest_route=%2Fwp%2Fv2%2Fproduct_tag&post=306"}],"curies":[{"name":"wp","href":"https:\/\/api.w.org\/{rel}","templated":true}]}}