{"id":307,"date":"2024-12-01T12:22:59","date_gmt":"2024-12-01T12:22:59","guid":{"rendered":"https:\/\/www.cssigniter.com\/demos\/amaryllis\/?post_type=product&#038;p=38"},"modified":"2025-08-07T09:10:54","modified_gmt":"2025-08-07T09:10:54","slug":"sample-product-004","status":"publish","type":"product","link":"https:\/\/dulio.vn\/?product=sample-product-004","title":{"rendered":"\u00c1O THUN LUMINOUS"},"content":{"rendered":"","protected":false},"excerpt":{"rendered":"<h4>Chi\u1ebfc \u00e1o thun m\u00e0u \u0111en n\u00e0y n\u1ed5i b\u1eadt v\u1edbi ch\u1eef &#8220;Dulio&#8221; \u1edf m\u1eb7t tr\u01b0\u1edbc. Ch\u1eef \u0111\u01b0\u1ee3c thi\u1ebft k\u1ebf v\u1edbi hi\u1ec7u \u1ee9ng <strong>3D<\/strong> kim lo\u1ea1i b\u00f3ng b\u1ea9y, c\u00f3 kh\u1ea3 n\u0103ng <strong>\u00e1nh l\u00ean c\u00e1c s\u1eafc th\u00e1i<\/strong> m\u00e0u xanh t\u00edm v\u00e0 h\u1ed3ng, t\u1ea1o c\u1ea3m gi\u00e1c hi\u1ec7n \u0111\u1ea1i v\u00e0 \u1ea5n t\u01b0\u1ee3ng. N\u1ec1n h\u1ecda ti\u1ebft g\u1ed3m nhi\u1ec1u d\u1ea5u c\u1ed9ng (+) nh\u1ecf m\u00e0u h\u1ed3ng\/t\u00edm nh\u1ea1t b\u1ed5 sung cho thi\u1ebft k\u1ebf \u0111\u1ed9c \u0111\u00e1o n\u00e0y.<\/h4>\n<h4>\u2022 100% Cotton<br \/>\n\u2022 Relaxed\/Loose Fit<br \/>\n\u2022 T\u00ean th\u01b0\u01a1ng hi\u1ec7u 3D thay \u0111\u1ed5i m\u00e0u s\u1eafc theo g\u00f3c nh\u00ecn<br \/>\n\u2022 Hi\u1ec7u \u1ee9ng n\u1ed5i<\/h4>\n","protected":false},"featured_media":385,"comment_status":"open","ping_status":"closed","template":"","meta":{"inline_featured_image":false},"product_brand":[],"product_cat":[22,20,33],"product_tag":[],"class_list":{"0":"post-307","1":"product","2":"type-product","3":"status-publish","4":"has-post-thumbnail","6":"product_cat-ao-thun","7":"product_cat-shop-all","8":"product_cat-tops","10":"first","11":"instock","12":"sale","13":"shipping-taxable","14":"purchasable","15":"product-type-variable"},"yoast_head":"<!-- This site is optimized with the Yoast SEO plugin v25.6 - https:\/\/yoast.com\/wordpress\/plugins\/seo\/ -->\n<title>\u00c1O THUN LUMINOUS - DULIO - Made Yours<\/title>\n<meta name=\"robots\" content=\"index, follow, max-snippet:-1, max-image-preview:large, max-video-preview:-1\" \/>\n<link rel=\"canonical\" href=\"https:\/\/dulio.vn\/?product=sample-product-004\" \/>\n<meta property=\"og:locale\" content=\"en_US\" \/>\n<meta property=\"og:type\" content=\"article\" \/>\n<meta property=\"og:title\" content=\"\u00c1O THUN LUMINOUS - DULIO - Made Yours\" \/>\n<meta property=\"og:description\" content=\"Chi\u1ebfc \u00e1o thun m\u00e0u \u0111en n\u00e0y n\u1ed5i b\u1eadt v\u1edbi ch\u1eef &quot;Dulio&quot; \u1edf m\u1eb7t tr\u01b0\u1edbc. Ch\u1eef \u0111\u01b0\u1ee3c thi\u1ebft k\u1ebf v\u1edbi hi\u1ec7u \u1ee9ng 3D kim lo\u1ea1i b\u00f3ng b\u1ea9y, c\u00f3 kh\u1ea3 n\u0103ng \u00e1nh l\u00ean c\u00e1c s\u1eafc th\u00e1i m\u00e0u xanh t\u00edm v\u00e0 h\u1ed3ng, t\u1ea1o c\u1ea3m gi\u00e1c hi\u1ec7n \u0111\u1ea1i v\u00e0 \u1ea5n t\u01b0\u1ee3ng. N\u1ec1n h\u1ecda ti\u1ebft g\u1ed3m nhi\u1ec1u d\u1ea5u c\u1ed9ng (+) nh\u1ecf m\u00e0u h\u1ed3ng\/t\u00edm nh\u1ea1t b\u1ed5 sung cho thi\u1ebft k\u1ebf \u0111\u1ed9c \u0111\u00e1o n\u00e0y. \u2022 100% Cotton \u2022 Relaxed\/Loose Fit \u2022 T\u00ean th\u01b0\u01a1ng hi\u1ec7u 3D thay \u0111\u1ed5i m\u00e0u s\u1eafc theo g\u00f3c nh\u00ecn \u2022 Hi\u1ec7u \u1ee9ng n\u1ed5i\" \/>\n<meta property=\"og:url\" content=\"https:\/\/dulio.vn\/?product=sample-product-004\" \/>\n<meta property=\"og:site_name\" content=\"DULIO - Made Yours\" \/>\n<meta property=\"article:modified_time\" content=\"2025-08-07T09:10:54+00:00\" \/>\n<meta property=\"og:image\" content=\"https:\/\/dulio.vn\/wp-content\/uploads\/2025\/08\/luminous-front-black-1.png\" \/>\n\t<meta property=\"og:image:width\" content=\"2000\" \/>\n\t<meta property=\"og:image:height\" content=\"1596\" \/>\n\t<meta property=\"og:image:type\" content=\"image\/png\" \/>\n<meta name=\"twitter:card\" content=\"summary_large_image\" \/>\n<meta name=\"twitter:label1\" content=\"Est. reading time\" \/>\n\t<meta name=\"twitter:data1\" content=\"1 minute\" \/>\n<script type=\"application\/ld+json\" class=\"yoast-schema-graph\">{\"@context\":\"https:\/\/schema.org\",\"@graph\":[{\"@type\":\"WebPage\",\"@id\":\"https:\/\/dulio.vn\/?product=sample-product-004\",\"url\":\"https:\/\/dulio.vn\/?product=sample-product-004\",\"name\":\"\u00c1O THUN LUMINOUS - DULIO - Made Yours\",\"isPartOf\":{\"@id\":\"https:\/\/dulio.vn\/#website\"},\"primaryImageOfPage\":{\"@id\":\"https:\/\/dulio.vn\/?product=sample-product-004#primaryimage\"},\"image\":{\"@id\":\"https:\/\/dulio.vn\/?product=sample-product-004#primaryimage\"},\"thumbnailUrl\":\"https:\/\/dulio.vn\/wp-content\/uploads\/2025\/08\/luminous-front-black-1.png\",\"datePublished\":\"2024-12-01T12:22:59+00:00\",\"dateModified\":\"2025-08-07T09:10:54+00:00\",\"breadcrumb\":{\"@id\":\"https:\/\/dulio.vn\/?product=sample-product-004#breadcrumb\"},\"inLanguage\":\"en-US\",\"potentialAction\":[{\"@type\":\"ReadAction\",\"target\":[\"https:\/\/dulio.vn\/?product=sample-product-004\"]}]},{\"@type\":\"ImageObject\",\"inLanguage\":\"en-US\",\"@id\":\"https:\/\/dulio.vn\/?product=sample-product-004#primaryimage\",\"url\":\"https:\/\/dulio.vn\/wp-content\/uploads\/2025\/08\/luminous-front-black-1.png\",\"contentUrl\":\"https:\/\/dulio.vn\/wp-content\/uploads\/2025\/08\/luminous-front-black-1.png\",\"width\":2000,\"height\":1596},{\"@type\":\"BreadcrumbList\",\"@id\":\"https:\/\/dulio.vn\/?product=sample-product-004#breadcrumb\",\"itemListElement\":[{\"@type\":\"ListItem\",\"position\":1,\"name\":\"Home\",\"item\":\"https:\/\/dulio.vn\/\"},{\"@type\":\"ListItem\",\"position\":2,\"name\":\"Shop\",\"item\":\"https:\/\/dulio.vn\/?page_id=8\"},{\"@type\":\"ListItem\",\"position\":3,\"name\":\"\u00c1O THUN LUMINOUS\"}]},{\"@type\":\"WebSite\",\"@id\":\"https:\/\/dulio.vn\/#website\",\"url\":\"https:\/\/dulio.vn\/\",\"name\":\"DULIO - Made Yours\",\"description\":\"Dulio, dulio, DULIO\",\"publisher\":{\"@id\":\"https:\/\/dulio.vn\/#organization\"},\"potentialAction\":[{\"@type\":\"SearchAction\",\"target\":{\"@type\":\"EntryPoint\",\"urlTemplate\":\"https:\/\/dulio.vn\/?s={search_term_string}\"},\"query-input\":{\"@type\":\"PropertyValueSpecification\",\"valueRequired\":true,\"valueName\":\"search_term_string\"}}],\"inLanguage\":\"en-US\"},{\"@type\":\"Organization\",\"@id\":\"https:\/\/dulio.vn\/#organization\",\"name\":\"DULIO - Made Yours\",\"url\":\"https:\/\/dulio.vn\/\",\"logo\":{\"@type\":\"ImageObject\",\"inLanguage\":\"en-US\",\"@id\":\"https:\/\/dulio.vn\/#\/schema\/logo\/image\/\",\"url\":\"https:\/\/dulio.vn\/wp-content\/uploads\/2025\/08\/cropped-okok.png\",\"contentUrl\":\"https:\/\/dulio.vn\/wp-content\/uploads\/2025\/08\/cropped-okok.png\",\"width\":1844,\"height\":460,\"caption\":\"DULIO - Made Yours\"},\"image\":{\"@id\":\"https:\/\/dulio.vn\/#\/schema\/logo\/image\/\"}}]}<\/script>\n<!-- \/ Yoast SEO plugin. -->","yoast_head_json":{"title":"\u00c1O THUN LUMINOUS - DULIO - Made Yours","robots":{"index":"index","follow":"follow","max-snippet":"max-snippet:-1","max-image-preview":"max-image-preview:large","max-video-preview":"max-video-preview:-1"},"canonical":"https:\/\/dulio.vn\/?product=sample-product-004","og_locale":"en_US","og_type":"article","og_title":"\u00c1O THUN LUMINOUS - DULIO - Made Yours","og_description":"Chi\u1ebfc \u00e1o thun m\u00e0u \u0111en n\u00e0y n\u1ed5i b\u1eadt v\u1edbi ch\u1eef \"Dulio\" \u1edf m\u1eb7t tr\u01b0\u1edbc. Ch\u1eef \u0111\u01b0\u1ee3c thi\u1ebft k\u1ebf v\u1edbi hi\u1ec7u \u1ee9ng 3D kim lo\u1ea1i b\u00f3ng b\u1ea9y, c\u00f3 kh\u1ea3 n\u0103ng \u00e1nh l\u00ean c\u00e1c s\u1eafc th\u00e1i m\u00e0u xanh t\u00edm v\u00e0 h\u1ed3ng, t\u1ea1o c\u1ea3m gi\u00e1c hi\u1ec7n \u0111\u1ea1i v\u00e0 \u1ea5n t\u01b0\u1ee3ng. N\u1ec1n h\u1ecda ti\u1ebft g\u1ed3m nhi\u1ec1u d\u1ea5u c\u1ed9ng (+) nh\u1ecf m\u00e0u h\u1ed3ng\/t\u00edm nh\u1ea1t b\u1ed5 sung cho thi\u1ebft k\u1ebf \u0111\u1ed9c \u0111\u00e1o n\u00e0y. \u2022 100% Cotton \u2022 Relaxed\/Loose Fit \u2022 T\u00ean th\u01b0\u01a1ng hi\u1ec7u 3D thay \u0111\u1ed5i m\u00e0u s\u1eafc theo g\u00f3c nh\u00ecn \u2022 Hi\u1ec7u \u1ee9ng n\u1ed5i","og_url":"https:\/\/dulio.vn\/?product=sample-product-004","og_site_name":"DULIO - Made Yours","article_modified_time":"2025-08-07T09:10:54+00:00","og_image":[{"width":2000,"height":1596,"url":"https:\/\/dulio.vn\/wp-content\/uploads\/2025\/08\/luminous-front-black-1.png","type":"image\/png"}],"twitter_card":"summary_large_image","twitter_misc":{"Est. reading time":"1 minute"},"schema":{"@context":"https:\/\/schema.org","@graph":[{"@type":"WebPage","@id":"https:\/\/dulio.vn\/?product=sample-product-004","url":"https:\/\/dulio.vn\/?product=sample-product-004","name":"\u00c1O THUN LUMINOUS - DULIO - Made Yours","isPartOf":{"@id":"https:\/\/dulio.vn\/#website"},"primaryImageOfPage":{"@id":"https:\/\/dulio.vn\/?product=sample-product-004#primaryimage"},"image":{"@id":"https:\/\/dulio.vn\/?product=sample-product-004#primaryimage"},"thumbnailUrl":"https:\/\/dulio.vn\/wp-content\/uploads\/2025\/08\/luminous-front-black-1.png","datePublished":"2024-12-01T12:22:59+00:00","dateModified":"2025-08-07T09:10:54+00:00","breadcrumb":{"@id":"https:\/\/dulio.vn\/?product=sample-product-004#breadcrumb"},"inLanguage":"en-US","potentialAction":[{"@type":"ReadAction","target":["https:\/\/dulio.vn\/?product=sample-product-004"]}]},{"@type":"ImageObject","inLanguage":"en-US","@id":"https:\/\/dulio.vn\/?product=sample-product-004#primaryimage","url":"https:\/\/dulio.vn\/wp-content\/uploads\/2025\/08\/luminous-front-black-1.png","contentUrl":"https:\/\/dulio.vn\/wp-content\/uploads\/2025\/08\/luminous-front-black-1.png","width":2000,"height":1596},{"@type":"BreadcrumbList","@id":"https:\/\/dulio.vn\/?product=sample-product-004#breadcrumb","itemListElement":[{"@type":"ListItem","position":1,"name":"Home","item":"https:\/\/dulio.vn\/"},{"@type":"ListItem","position":2,"name":"Shop","item":"https:\/\/dulio.vn\/?page_id=8"},{"@type":"ListItem","position":3,"name":"\u00c1O THUN LUMINOUS"}]},{"@type":"WebSite","@id":"https:\/\/dulio.vn\/#website","url":"https:\/\/dulio.vn\/","name":"DULIO - Made Yours","description":"Dulio, dulio, DULIO","publisher":{"@id":"https:\/\/dulio.vn\/#organization"},"potentialAction":[{"@type":"SearchAction","target":{"@type":"EntryPoint","urlTemplate":"https:\/\/dulio.vn\/?s={search_term_string}"},"query-input":{"@type":"PropertyValueSpecification","valueRequired":true,"valueName":"search_term_string"}}],"inLanguage":"en-US"},{"@type":"Organization","@id":"https:\/\/dulio.vn\/#organization","name":"DULIO - Made Yours","url":"https:\/\/dulio.vn\/","logo":{"@type":"ImageObject","inLanguage":"en-US","@id":"https:\/\/dulio.vn\/#\/schema\/logo\/image\/","url":"https:\/\/dulio.vn\/wp-content\/uploads\/2025\/08\/cropped-okok.png","contentUrl":"https:\/\/dulio.vn\/wp-content\/uploads\/2025\/08\/cropped-okok.png","width":1844,"height":460,"caption":"DULIO - Made Yours"},"image":{"@id":"https:\/\/dulio.vn\/#\/schema\/logo\/image\/"}}]}},"_links":{"self":[{"href":"https:\/\/dulio.vn\/index.php?rest_route=\/wp\/v2\/product\/307","targetHints":{"allow":["GET"]}}],"collection":[{"href":"https:\/\/dulio.vn\/index.php?rest_route=\/wp\/v2\/product"}],"about":[{"href":"https:\/\/dulio.vn\/index.php?rest_route=\/wp\/v2\/types\/product"}],"replies":[{"embeddable":true,"href":"https:\/\/dulio.vn\/index.php?rest_route=%2Fwp%2Fv2%2Fcomments&post=307"}],"wp:featuredmedia":[{"embeddable":true,"href":"https:\/\/dulio.vn\/index.php?rest_route=\/wp\/v2\/media\/385"}],"wp:attachment":[{"href":"https:\/\/dulio.vn\/index.php?rest_route=%2Fwp%2Fv2%2Fmedia&parent=307"}],"wp:term":[{"taxonomy":"product_brand","embeddable":true,"href":"https:\/\/dulio.vn\/index.php?rest_route=%2Fwp%2Fv2%2Fproduct_brand&post=307"},{"taxonomy":"product_cat","embeddable":true,"href":"https:\/\/dulio.vn\/index.php?rest_route=%2Fwp%2Fv2%2Fproduct_cat&post=307"},{"taxonomy":"product_tag","embeddable":true,"href":"https:\/\/dulio.vn\/index.php?rest_route=%2Fwp%2Fv2%2Fproduct_tag&post=307"}],"curies":[{"name":"wp","href":"https:\/\/api.w.org\/{rel}","templated":true}]}}