{"id":310,"date":"2020-12-02T09:28:10","date_gmt":"2020-12-02T09:28:10","guid":{"rendered":"https:\/\/www.cssigniter.com\/demos\/amaryllis\/?post_type=product&#038;p=49"},"modified":"2025-08-07T08:05:36","modified_gmt":"2025-08-07T08:05:36","slug":"sample-product-007","status":"publish","type":"product","link":"https:\/\/dulio.vn\/?product=sample-product-007","title":{"rendered":"\u00c1O PINKPEEK TR\u1eaeNG"},"content":{"rendered":"","protected":false},"excerpt":{"rendered":"<h4>Kh\u00e1m ph\u00e1 s\u1ef1 k\u1ebft h\u1ee3p t\u00e1o b\u1ea1o gi\u1eefa b\u00f3ng t\u1ed1i v\u00e0 \u00e1nh s\u00e1ng v\u1edbi chi\u1ebfc \u00e1o thun tr\u1eafng &#8220;PINK PEEK&#8221;. <b>H\u1ecda ti\u1ebft &#8220;DULIO&#8221; m\u00e0u h\u1ed3ng neon c\u00e1 t\u00ednh<\/b> v\u1edbi hi\u1ec7u \u1ee9ng &#8220;n\u1ee9t v\u1ee1&#8221; \u0111\u1ed9c \u0111\u00e1o h\u00e9 l\u1ed9 \u0111\u00f4i m\u1eaft \u0111\u1ea7y b\u00ed \u1ea9n, t\u1ea1o n\u00ean m\u1ed9t phong c\u00e1ch v\u1eeba m\u1ea1nh m\u1ebd v\u1eeba tinh ngh\u1ecbch. \u0110i\u1ec3m nh\u1ea5n <b>kim tuy\u1ebfn l\u1ea5p l\u00e1nh<\/b> tr\u00ean h\u1ecda ti\u1ebft s\u1ebd khi\u1ebfn b\u1ea1n tr\u1edf th\u00e0nh t\u00e2m \u0111i\u1ec3m c\u1ee7a m\u1ecdi \u00e1nh nh\u00ecn, kh\u1eb3ng \u0111\u1ecbnh gu th\u1eddi trang \u0111\u1ed9c \u0111\u00e1o v\u00e0 kh\u00e1c bi\u1ec7t.<\/h4>\n<h4>\u2022 100% Cotton<br \/>\n\u2022 Relaxed\/Loose Fit<br \/>\n\u2022 H\u1ecda ti\u1ebft \u0111\u00f4i m\u1eaft c\u00f9ng t\u00ean th\u01b0\u01a1ng hi\u1ec7u<br \/>\n\u2022 Hi\u1ec7u \u1ee9ng kim tuy\u1ebfn<\/h4>\n","protected":false},"featured_media":395,"comment_status":"open","ping_status":"closed","template":"","meta":{"inline_featured_image":false},"product_brand":[],"product_cat":[22,20,33],"product_tag":[],"class_list":{"0":"post-310","1":"product","2":"type-product","3":"status-publish","4":"has-post-thumbnail","6":"product_cat-ao-thun","7":"product_cat-shop-all","8":"product_cat-tops","10":"first","11":"instock","12":"shipping-taxable","13":"purchasable","14":"product-type-variable"},"yoast_head":"<!-- This site is optimized with the Yoast SEO plugin v25.6 - https:\/\/yoast.com\/wordpress\/plugins\/seo\/ -->\n<title>\u00c1O PINKPEEK TR\u1eaeNG - DULIO - Made Yours<\/title>\n<meta name=\"robots\" content=\"index, follow, max-snippet:-1, max-image-preview:large, max-video-preview:-1\" \/>\n<link rel=\"canonical\" href=\"https:\/\/dulio.vn\/?product=sample-product-007\" \/>\n<meta property=\"og:locale\" content=\"en_US\" \/>\n<meta property=\"og:type\" content=\"article\" \/>\n<meta property=\"og:title\" content=\"\u00c1O PINKPEEK TR\u1eaeNG - DULIO - Made Yours\" \/>\n<meta property=\"og:description\" content=\"Kh\u00e1m ph\u00e1 s\u1ef1 k\u1ebft h\u1ee3p t\u00e1o b\u1ea1o gi\u1eefa b\u00f3ng t\u1ed1i v\u00e0 \u00e1nh s\u00e1ng v\u1edbi chi\u1ebfc \u00e1o thun tr\u1eafng &quot;PINK PEEK&quot;. H\u1ecda ti\u1ebft &quot;DULIO&quot; m\u00e0u h\u1ed3ng neon c\u00e1 t\u00ednh v\u1edbi hi\u1ec7u \u1ee9ng &quot;n\u1ee9t v\u1ee1&quot; \u0111\u1ed9c \u0111\u00e1o h\u00e9 l\u1ed9 \u0111\u00f4i m\u1eaft \u0111\u1ea7y b\u00ed \u1ea9n, t\u1ea1o n\u00ean m\u1ed9t phong c\u00e1ch v\u1eeba m\u1ea1nh m\u1ebd v\u1eeba tinh ngh\u1ecbch. \u0110i\u1ec3m nh\u1ea5n kim tuy\u1ebfn l\u1ea5p l\u00e1nh tr\u00ean h\u1ecda ti\u1ebft s\u1ebd khi\u1ebfn b\u1ea1n tr\u1edf th\u00e0nh t\u00e2m \u0111i\u1ec3m c\u1ee7a m\u1ecdi \u00e1nh nh\u00ecn, kh\u1eb3ng \u0111\u1ecbnh gu th\u1eddi trang \u0111\u1ed9c \u0111\u00e1o v\u00e0 kh\u00e1c bi\u1ec7t. \u2022 100% Cotton \u2022 Relaxed\/Loose Fit \u2022 H\u1ecda ti\u1ebft \u0111\u00f4i m\u1eaft c\u00f9ng t\u00ean th\u01b0\u01a1ng hi\u1ec7u \u2022 Hi\u1ec7u \u1ee9ng kim tuy\u1ebfn\" \/>\n<meta property=\"og:url\" content=\"https:\/\/dulio.vn\/?product=sample-product-007\" \/>\n<meta property=\"og:site_name\" content=\"DULIO - Made Yours\" \/>\n<meta property=\"article:modified_time\" content=\"2025-08-07T08:05:36+00:00\" \/>\n<meta property=\"og:image\" content=\"https:\/\/dulio.vn\/wp-content\/uploads\/2025\/08\/pinkpeek-front-white.png\" \/>\n\t<meta property=\"og:image:width\" content=\"2000\" \/>\n\t<meta property=\"og:image:height\" content=\"1596\" \/>\n\t<meta property=\"og:image:type\" content=\"image\/png\" \/>\n<meta name=\"twitter:card\" content=\"summary_large_image\" \/>\n<meta name=\"twitter:label1\" content=\"Est. reading time\" \/>\n\t<meta name=\"twitter:data1\" content=\"1 minute\" \/>\n<script type=\"application\/ld+json\" class=\"yoast-schema-graph\">{\"@context\":\"https:\/\/schema.org\",\"@graph\":[{\"@type\":\"WebPage\",\"@id\":\"https:\/\/dulio.vn\/?product=sample-product-007\",\"url\":\"https:\/\/dulio.vn\/?product=sample-product-007\",\"name\":\"\u00c1O PINKPEEK TR\u1eaeNG - DULIO - Made Yours\",\"isPartOf\":{\"@id\":\"https:\/\/dulio.vn\/#website\"},\"primaryImageOfPage\":{\"@id\":\"https:\/\/dulio.vn\/?product=sample-product-007#primaryimage\"},\"image\":{\"@id\":\"https:\/\/dulio.vn\/?product=sample-product-007#primaryimage\"},\"thumbnailUrl\":\"https:\/\/dulio.vn\/wp-content\/uploads\/2025\/08\/pinkpeek-front-white.png\",\"datePublished\":\"2020-12-02T09:28:10+00:00\",\"dateModified\":\"2025-08-07T08:05:36+00:00\",\"breadcrumb\":{\"@id\":\"https:\/\/dulio.vn\/?product=sample-product-007#breadcrumb\"},\"inLanguage\":\"en-US\",\"potentialAction\":[{\"@type\":\"ReadAction\",\"target\":[\"https:\/\/dulio.vn\/?product=sample-product-007\"]}]},{\"@type\":\"ImageObject\",\"inLanguage\":\"en-US\",\"@id\":\"https:\/\/dulio.vn\/?product=sample-product-007#primaryimage\",\"url\":\"https:\/\/dulio.vn\/wp-content\/uploads\/2025\/08\/pinkpeek-front-white.png\",\"contentUrl\":\"https:\/\/dulio.vn\/wp-content\/uploads\/2025\/08\/pinkpeek-front-white.png\",\"width\":2000,\"height\":1596},{\"@type\":\"BreadcrumbList\",\"@id\":\"https:\/\/dulio.vn\/?product=sample-product-007#breadcrumb\",\"itemListElement\":[{\"@type\":\"ListItem\",\"position\":1,\"name\":\"Home\",\"item\":\"https:\/\/dulio.vn\/\"},{\"@type\":\"ListItem\",\"position\":2,\"name\":\"Shop\",\"item\":\"https:\/\/dulio.vn\/?page_id=8\"},{\"@type\":\"ListItem\",\"position\":3,\"name\":\"\u00c1O PINKPEEK TR\u1eaeNG\"}]},{\"@type\":\"WebSite\",\"@id\":\"https:\/\/dulio.vn\/#website\",\"url\":\"https:\/\/dulio.vn\/\",\"name\":\"DULIO - Made Yours\",\"description\":\"Dulio, dulio, DULIO\",\"publisher\":{\"@id\":\"https:\/\/dulio.vn\/#organization\"},\"potentialAction\":[{\"@type\":\"SearchAction\",\"target\":{\"@type\":\"EntryPoint\",\"urlTemplate\":\"https:\/\/dulio.vn\/?s={search_term_string}\"},\"query-input\":{\"@type\":\"PropertyValueSpecification\",\"valueRequired\":true,\"valueName\":\"search_term_string\"}}],\"inLanguage\":\"en-US\"},{\"@type\":\"Organization\",\"@id\":\"https:\/\/dulio.vn\/#organization\",\"name\":\"DULIO - Made Yours\",\"url\":\"https:\/\/dulio.vn\/\",\"logo\":{\"@type\":\"ImageObject\",\"inLanguage\":\"en-US\",\"@id\":\"https:\/\/dulio.vn\/#\/schema\/logo\/image\/\",\"url\":\"https:\/\/dulio.vn\/wp-content\/uploads\/2025\/08\/cropped-okok.png\",\"contentUrl\":\"https:\/\/dulio.vn\/wp-content\/uploads\/2025\/08\/cropped-okok.png\",\"width\":1844,\"height\":460,\"caption\":\"DULIO - Made Yours\"},\"image\":{\"@id\":\"https:\/\/dulio.vn\/#\/schema\/logo\/image\/\"}}]}<\/script>\n<!-- \/ Yoast SEO plugin. -->","yoast_head_json":{"title":"\u00c1O PINKPEEK TR\u1eaeNG - DULIO - Made Yours","robots":{"index":"index","follow":"follow","max-snippet":"max-snippet:-1","max-image-preview":"max-image-preview:large","max-video-preview":"max-video-preview:-1"},"canonical":"https:\/\/dulio.vn\/?product=sample-product-007","og_locale":"en_US","og_type":"article","og_title":"\u00c1O PINKPEEK TR\u1eaeNG - DULIO - Made Yours","og_description":"Kh\u00e1m ph\u00e1 s\u1ef1 k\u1ebft h\u1ee3p t\u00e1o b\u1ea1o gi\u1eefa b\u00f3ng t\u1ed1i v\u00e0 \u00e1nh s\u00e1ng v\u1edbi chi\u1ebfc \u00e1o thun tr\u1eafng \"PINK PEEK\". H\u1ecda ti\u1ebft \"DULIO\" m\u00e0u h\u1ed3ng neon c\u00e1 t\u00ednh v\u1edbi hi\u1ec7u \u1ee9ng \"n\u1ee9t v\u1ee1\" \u0111\u1ed9c \u0111\u00e1o h\u00e9 l\u1ed9 \u0111\u00f4i m\u1eaft \u0111\u1ea7y b\u00ed \u1ea9n, t\u1ea1o n\u00ean m\u1ed9t phong c\u00e1ch v\u1eeba m\u1ea1nh m\u1ebd v\u1eeba tinh ngh\u1ecbch. \u0110i\u1ec3m nh\u1ea5n kim tuy\u1ebfn l\u1ea5p l\u00e1nh tr\u00ean h\u1ecda ti\u1ebft s\u1ebd khi\u1ebfn b\u1ea1n tr\u1edf th\u00e0nh t\u00e2m \u0111i\u1ec3m c\u1ee7a m\u1ecdi \u00e1nh nh\u00ecn, kh\u1eb3ng \u0111\u1ecbnh gu th\u1eddi trang \u0111\u1ed9c \u0111\u00e1o v\u00e0 kh\u00e1c bi\u1ec7t. \u2022 100% Cotton \u2022 Relaxed\/Loose Fit \u2022 H\u1ecda ti\u1ebft \u0111\u00f4i m\u1eaft c\u00f9ng t\u00ean th\u01b0\u01a1ng hi\u1ec7u \u2022 Hi\u1ec7u \u1ee9ng kim tuy\u1ebfn","og_url":"https:\/\/dulio.vn\/?product=sample-product-007","og_site_name":"DULIO - Made Yours","article_modified_time":"2025-08-07T08:05:36+00:00","og_image":[{"width":2000,"height":1596,"url":"https:\/\/dulio.vn\/wp-content\/uploads\/2025\/08\/pinkpeek-front-white.png","type":"image\/png"}],"twitter_card":"summary_large_image","twitter_misc":{"Est. reading time":"1 minute"},"schema":{"@context":"https:\/\/schema.org","@graph":[{"@type":"WebPage","@id":"https:\/\/dulio.vn\/?product=sample-product-007","url":"https:\/\/dulio.vn\/?product=sample-product-007","name":"\u00c1O PINKPEEK TR\u1eaeNG - DULIO - Made Yours","isPartOf":{"@id":"https:\/\/dulio.vn\/#website"},"primaryImageOfPage":{"@id":"https:\/\/dulio.vn\/?product=sample-product-007#primaryimage"},"image":{"@id":"https:\/\/dulio.vn\/?product=sample-product-007#primaryimage"},"thumbnailUrl":"https:\/\/dulio.vn\/wp-content\/uploads\/2025\/08\/pinkpeek-front-white.png","datePublished":"2020-12-02T09:28:10+00:00","dateModified":"2025-08-07T08:05:36+00:00","breadcrumb":{"@id":"https:\/\/dulio.vn\/?product=sample-product-007#breadcrumb"},"inLanguage":"en-US","potentialAction":[{"@type":"ReadAction","target":["https:\/\/dulio.vn\/?product=sample-product-007"]}]},{"@type":"ImageObject","inLanguage":"en-US","@id":"https:\/\/dulio.vn\/?product=sample-product-007#primaryimage","url":"https:\/\/dulio.vn\/wp-content\/uploads\/2025\/08\/pinkpeek-front-white.png","contentUrl":"https:\/\/dulio.vn\/wp-content\/uploads\/2025\/08\/pinkpeek-front-white.png","width":2000,"height":1596},{"@type":"BreadcrumbList","@id":"https:\/\/dulio.vn\/?product=sample-product-007#breadcrumb","itemListElement":[{"@type":"ListItem","position":1,"name":"Home","item":"https:\/\/dulio.vn\/"},{"@type":"ListItem","position":2,"name":"Shop","item":"https:\/\/dulio.vn\/?page_id=8"},{"@type":"ListItem","position":3,"name":"\u00c1O PINKPEEK TR\u1eaeNG"}]},{"@type":"WebSite","@id":"https:\/\/dulio.vn\/#website","url":"https:\/\/dulio.vn\/","name":"DULIO - Made Yours","description":"Dulio, dulio, DULIO","publisher":{"@id":"https:\/\/dulio.vn\/#organization"},"potentialAction":[{"@type":"SearchAction","target":{"@type":"EntryPoint","urlTemplate":"https:\/\/dulio.vn\/?s={search_term_string}"},"query-input":{"@type":"PropertyValueSpecification","valueRequired":true,"valueName":"search_term_string"}}],"inLanguage":"en-US"},{"@type":"Organization","@id":"https:\/\/dulio.vn\/#organization","name":"DULIO - Made Yours","url":"https:\/\/dulio.vn\/","logo":{"@type":"ImageObject","inLanguage":"en-US","@id":"https:\/\/dulio.vn\/#\/schema\/logo\/image\/","url":"https:\/\/dulio.vn\/wp-content\/uploads\/2025\/08\/cropped-okok.png","contentUrl":"https:\/\/dulio.vn\/wp-content\/uploads\/2025\/08\/cropped-okok.png","width":1844,"height":460,"caption":"DULIO - Made Yours"},"image":{"@id":"https:\/\/dulio.vn\/#\/schema\/logo\/image\/"}}]}},"_links":{"self":[{"href":"https:\/\/dulio.vn\/index.php?rest_route=\/wp\/v2\/product\/310","targetHints":{"allow":["GET"]}}],"collection":[{"href":"https:\/\/dulio.vn\/index.php?rest_route=\/wp\/v2\/product"}],"about":[{"href":"https:\/\/dulio.vn\/index.php?rest_route=\/wp\/v2\/types\/product"}],"replies":[{"embeddable":true,"href":"https:\/\/dulio.vn\/index.php?rest_route=%2Fwp%2Fv2%2Fcomments&post=310"}],"wp:featuredmedia":[{"embeddable":true,"href":"https:\/\/dulio.vn\/index.php?rest_route=\/wp\/v2\/media\/395"}],"wp:attachment":[{"href":"https:\/\/dulio.vn\/index.php?rest_route=%2Fwp%2Fv2%2Fmedia&parent=310"}],"wp:term":[{"taxonomy":"product_brand","embeddable":true,"href":"https:\/\/dulio.vn\/index.php?rest_route=%2Fwp%2Fv2%2Fproduct_brand&post=310"},{"taxonomy":"product_cat","embeddable":true,"href":"https:\/\/dulio.vn\/index.php?rest_route=%2Fwp%2Fv2%2Fproduct_cat&post=310"},{"taxonomy":"product_tag","embeddable":true,"href":"https:\/\/dulio.vn\/index.php?rest_route=%2Fwp%2Fv2%2Fproduct_tag&post=310"}],"curies":[{"name":"wp","href":"https:\/\/api.w.org\/{rel}","templated":true}]}}