{"id":311,"date":"2020-12-02T09:39:32","date_gmt":"2020-12-02T09:39:32","guid":{"rendered":"https:\/\/www.cssigniter.com\/demos\/amaryllis\/?post_type=product&#038;p=51"},"modified":"2025-08-07T08:05:17","modified_gmt":"2025-08-07T08:05:17","slug":"sample-product-008","status":"publish","type":"product","link":"https:\/\/dulio.vn\/?product=sample-product-008","title":{"rendered":"\u00c1O PARADISE"},"content":{"rendered":"","protected":false},"excerpt":{"rendered":"<h4>H\u00e3y \u0111\u1ec3 chi\u1ebfc \u00e1o thun \u0111en n\u00e0y \u0111\u01b0a b\u1ea1n \u0111\u1ebfn m\u1ed9t &#8220;thi\u00ean \u0111\u01b0\u1eddng&#8221; phong c\u00e1ch \u0111\u1ea7y \u1ea5n t\u01b0\u1ee3ng. D\u00f2ng ch\u1eef <b>&#8220;DULIO PARADISE&#8221; m\u00e0u h\u1ed3ng neon<\/b> kh\u00f4ng ch\u1ec9 thu h\u00fat b\u1edfi m\u00e0u s\u1eafc r\u1ef1c r\u1ee1 m\u00e0 c\u00f2n b\u1edfi <b>hi\u1ec7u \u1ee9ng n\u1ed5i 3D \u0111\u1ed9c \u0111\u00e1o<\/b>, t\u1ea1o n\u00ean m\u1ed9t tr\u1ea3i nghi\u1ec7m th\u1ecb gi\u00e1c v\u00e0 x\u00fac gi\u00e1c th\u00fa v\u1ecb. Thi\u1ebft k\u1ebf \u0111\u01a1n gi\u1ea3n nh\u01b0ng \u0111\u1ea7y c\u00e1 t\u00ednh n\u00e0y l\u00e0 l\u1ef1a ch\u1ecdn ho\u00e0n h\u1ea3o \u0111\u1ec3 b\u1ea1n th\u1ec3 hi\u1ec7n s\u1ef1 t\u1ef1 tin v\u00e0 gu th\u1ea9m m\u1ef9 hi\u1ec7n \u0111\u1ea1i.<\/h4>\n<h4>\u2022 100% Cotton<br \/>\n\u2022 Relaxed\/Loose Fit<br \/>\n\u2022 T\u00ean th\u01b0\u01a1ng hi\u1ec7u c\u00f3 hi\u1ec7u \u1ee9ng n\u1ed5i<\/h4>\n","protected":false},"featured_media":387,"comment_status":"open","ping_status":"closed","template":"","meta":{"inline_featured_image":false},"product_brand":[],"product_cat":[22,20,33],"product_tag":[],"class_list":{"0":"post-311","1":"product","2":"type-product","3":"status-publish","4":"has-post-thumbnail","6":"product_cat-ao-thun","7":"product_cat-shop-all","8":"product_cat-tops","10":"first","11":"instock","12":"shipping-taxable","13":"purchasable","14":"product-type-variable"},"yoast_head":"<!-- This site is optimized with the Yoast SEO plugin v25.6 - https:\/\/yoast.com\/wordpress\/plugins\/seo\/ -->\n<title>\u00c1O PARADISE - DULIO - Made Yours<\/title>\n<meta name=\"robots\" content=\"index, follow, max-snippet:-1, max-image-preview:large, max-video-preview:-1\" \/>\n<link rel=\"canonical\" href=\"https:\/\/dulio.vn\/?product=sample-product-008\" \/>\n<meta property=\"og:locale\" content=\"en_US\" \/>\n<meta property=\"og:type\" content=\"article\" \/>\n<meta property=\"og:title\" content=\"\u00c1O PARADISE - DULIO - Made Yours\" \/>\n<meta property=\"og:description\" content=\"H\u00e3y \u0111\u1ec3 chi\u1ebfc \u00e1o thun \u0111en n\u00e0y \u0111\u01b0a b\u1ea1n \u0111\u1ebfn m\u1ed9t &quot;thi\u00ean \u0111\u01b0\u1eddng&quot; phong c\u00e1ch \u0111\u1ea7y \u1ea5n t\u01b0\u1ee3ng. D\u00f2ng ch\u1eef &quot;DULIO PARADISE&quot; m\u00e0u h\u1ed3ng neon kh\u00f4ng ch\u1ec9 thu h\u00fat b\u1edfi m\u00e0u s\u1eafc r\u1ef1c r\u1ee1 m\u00e0 c\u00f2n b\u1edfi hi\u1ec7u \u1ee9ng n\u1ed5i 3D \u0111\u1ed9c \u0111\u00e1o, t\u1ea1o n\u00ean m\u1ed9t tr\u1ea3i nghi\u1ec7m th\u1ecb gi\u00e1c v\u00e0 x\u00fac gi\u00e1c th\u00fa v\u1ecb. Thi\u1ebft k\u1ebf \u0111\u01a1n gi\u1ea3n nh\u01b0ng \u0111\u1ea7y c\u00e1 t\u00ednh n\u00e0y l\u00e0 l\u1ef1a ch\u1ecdn ho\u00e0n h\u1ea3o \u0111\u1ec3 b\u1ea1n th\u1ec3 hi\u1ec7n s\u1ef1 t\u1ef1 tin v\u00e0 gu th\u1ea9m m\u1ef9 hi\u1ec7n \u0111\u1ea1i. \u2022 100% Cotton \u2022 Relaxed\/Loose Fit \u2022 T\u00ean th\u01b0\u01a1ng hi\u1ec7u c\u00f3 hi\u1ec7u \u1ee9ng n\u1ed5i\" \/>\n<meta property=\"og:url\" content=\"https:\/\/dulio.vn\/?product=sample-product-008\" \/>\n<meta property=\"og:site_name\" content=\"DULIO - Made Yours\" \/>\n<meta property=\"article:modified_time\" content=\"2025-08-07T08:05:17+00:00\" \/>\n<meta property=\"og:image\" content=\"https:\/\/dulio.vn\/wp-content\/uploads\/2025\/08\/dulioparadise-front-black.png\" \/>\n\t<meta property=\"og:image:width\" content=\"2524\" \/>\n\t<meta property=\"og:image:height\" content=\"2013\" \/>\n\t<meta property=\"og:image:type\" content=\"image\/png\" \/>\n<meta name=\"twitter:card\" content=\"summary_large_image\" \/>\n<meta name=\"twitter:label1\" content=\"Est. reading time\" \/>\n\t<meta name=\"twitter:data1\" content=\"1 minute\" \/>\n<script type=\"application\/ld+json\" class=\"yoast-schema-graph\">{\"@context\":\"https:\/\/schema.org\",\"@graph\":[{\"@type\":\"WebPage\",\"@id\":\"https:\/\/dulio.vn\/?product=sample-product-008\",\"url\":\"https:\/\/dulio.vn\/?product=sample-product-008\",\"name\":\"\u00c1O PARADISE - DULIO - Made Yours\",\"isPartOf\":{\"@id\":\"https:\/\/dulio.vn\/#website\"},\"primaryImageOfPage\":{\"@id\":\"https:\/\/dulio.vn\/?product=sample-product-008#primaryimage\"},\"image\":{\"@id\":\"https:\/\/dulio.vn\/?product=sample-product-008#primaryimage\"},\"thumbnailUrl\":\"https:\/\/dulio.vn\/wp-content\/uploads\/2025\/08\/dulioparadise-front-black.png\",\"datePublished\":\"2020-12-02T09:39:32+00:00\",\"dateModified\":\"2025-08-07T08:05:17+00:00\",\"breadcrumb\":{\"@id\":\"https:\/\/dulio.vn\/?product=sample-product-008#breadcrumb\"},\"inLanguage\":\"en-US\",\"potentialAction\":[{\"@type\":\"ReadAction\",\"target\":[\"https:\/\/dulio.vn\/?product=sample-product-008\"]}]},{\"@type\":\"ImageObject\",\"inLanguage\":\"en-US\",\"@id\":\"https:\/\/dulio.vn\/?product=sample-product-008#primaryimage\",\"url\":\"https:\/\/dulio.vn\/wp-content\/uploads\/2025\/08\/dulioparadise-front-black.png\",\"contentUrl\":\"https:\/\/dulio.vn\/wp-content\/uploads\/2025\/08\/dulioparadise-front-black.png\",\"width\":2524,\"height\":2013},{\"@type\":\"BreadcrumbList\",\"@id\":\"https:\/\/dulio.vn\/?product=sample-product-008#breadcrumb\",\"itemListElement\":[{\"@type\":\"ListItem\",\"position\":1,\"name\":\"Home\",\"item\":\"https:\/\/dulio.vn\/\"},{\"@type\":\"ListItem\",\"position\":2,\"name\":\"Shop\",\"item\":\"https:\/\/dulio.vn\/?page_id=8\"},{\"@type\":\"ListItem\",\"position\":3,\"name\":\"\u00c1O PARADISE\"}]},{\"@type\":\"WebSite\",\"@id\":\"https:\/\/dulio.vn\/#website\",\"url\":\"https:\/\/dulio.vn\/\",\"name\":\"DULIO - Made Yours\",\"description\":\"Dulio, dulio, DULIO\",\"publisher\":{\"@id\":\"https:\/\/dulio.vn\/#organization\"},\"potentialAction\":[{\"@type\":\"SearchAction\",\"target\":{\"@type\":\"EntryPoint\",\"urlTemplate\":\"https:\/\/dulio.vn\/?s={search_term_string}\"},\"query-input\":{\"@type\":\"PropertyValueSpecification\",\"valueRequired\":true,\"valueName\":\"search_term_string\"}}],\"inLanguage\":\"en-US\"},{\"@type\":\"Organization\",\"@id\":\"https:\/\/dulio.vn\/#organization\",\"name\":\"DULIO - Made Yours\",\"url\":\"https:\/\/dulio.vn\/\",\"logo\":{\"@type\":\"ImageObject\",\"inLanguage\":\"en-US\",\"@id\":\"https:\/\/dulio.vn\/#\/schema\/logo\/image\/\",\"url\":\"https:\/\/dulio.vn\/wp-content\/uploads\/2025\/08\/cropped-okok.png\",\"contentUrl\":\"https:\/\/dulio.vn\/wp-content\/uploads\/2025\/08\/cropped-okok.png\",\"width\":1844,\"height\":460,\"caption\":\"DULIO - Made Yours\"},\"image\":{\"@id\":\"https:\/\/dulio.vn\/#\/schema\/logo\/image\/\"}}]}<\/script>\n<!-- \/ Yoast SEO plugin. -->","yoast_head_json":{"title":"\u00c1O PARADISE - DULIO - Made Yours","robots":{"index":"index","follow":"follow","max-snippet":"max-snippet:-1","max-image-preview":"max-image-preview:large","max-video-preview":"max-video-preview:-1"},"canonical":"https:\/\/dulio.vn\/?product=sample-product-008","og_locale":"en_US","og_type":"article","og_title":"\u00c1O PARADISE - DULIO - Made Yours","og_description":"H\u00e3y \u0111\u1ec3 chi\u1ebfc \u00e1o thun \u0111en n\u00e0y \u0111\u01b0a b\u1ea1n \u0111\u1ebfn m\u1ed9t \"thi\u00ean \u0111\u01b0\u1eddng\" phong c\u00e1ch \u0111\u1ea7y \u1ea5n t\u01b0\u1ee3ng. D\u00f2ng ch\u1eef \"DULIO PARADISE\" m\u00e0u h\u1ed3ng neon kh\u00f4ng ch\u1ec9 thu h\u00fat b\u1edfi m\u00e0u s\u1eafc r\u1ef1c r\u1ee1 m\u00e0 c\u00f2n b\u1edfi hi\u1ec7u \u1ee9ng n\u1ed5i 3D \u0111\u1ed9c \u0111\u00e1o, t\u1ea1o n\u00ean m\u1ed9t tr\u1ea3i nghi\u1ec7m th\u1ecb gi\u00e1c v\u00e0 x\u00fac gi\u00e1c th\u00fa v\u1ecb. Thi\u1ebft k\u1ebf \u0111\u01a1n gi\u1ea3n nh\u01b0ng \u0111\u1ea7y c\u00e1 t\u00ednh n\u00e0y l\u00e0 l\u1ef1a ch\u1ecdn ho\u00e0n h\u1ea3o \u0111\u1ec3 b\u1ea1n th\u1ec3 hi\u1ec7n s\u1ef1 t\u1ef1 tin v\u00e0 gu th\u1ea9m m\u1ef9 hi\u1ec7n \u0111\u1ea1i. \u2022 100% Cotton \u2022 Relaxed\/Loose Fit \u2022 T\u00ean th\u01b0\u01a1ng hi\u1ec7u c\u00f3 hi\u1ec7u \u1ee9ng n\u1ed5i","og_url":"https:\/\/dulio.vn\/?product=sample-product-008","og_site_name":"DULIO - Made Yours","article_modified_time":"2025-08-07T08:05:17+00:00","og_image":[{"width":2524,"height":2013,"url":"https:\/\/dulio.vn\/wp-content\/uploads\/2025\/08\/dulioparadise-front-black.png","type":"image\/png"}],"twitter_card":"summary_large_image","twitter_misc":{"Est. reading time":"1 minute"},"schema":{"@context":"https:\/\/schema.org","@graph":[{"@type":"WebPage","@id":"https:\/\/dulio.vn\/?product=sample-product-008","url":"https:\/\/dulio.vn\/?product=sample-product-008","name":"\u00c1O PARADISE - DULIO - Made Yours","isPartOf":{"@id":"https:\/\/dulio.vn\/#website"},"primaryImageOfPage":{"@id":"https:\/\/dulio.vn\/?product=sample-product-008#primaryimage"},"image":{"@id":"https:\/\/dulio.vn\/?product=sample-product-008#primaryimage"},"thumbnailUrl":"https:\/\/dulio.vn\/wp-content\/uploads\/2025\/08\/dulioparadise-front-black.png","datePublished":"2020-12-02T09:39:32+00:00","dateModified":"2025-08-07T08:05:17+00:00","breadcrumb":{"@id":"https:\/\/dulio.vn\/?product=sample-product-008#breadcrumb"},"inLanguage":"en-US","potentialAction":[{"@type":"ReadAction","target":["https:\/\/dulio.vn\/?product=sample-product-008"]}]},{"@type":"ImageObject","inLanguage":"en-US","@id":"https:\/\/dulio.vn\/?product=sample-product-008#primaryimage","url":"https:\/\/dulio.vn\/wp-content\/uploads\/2025\/08\/dulioparadise-front-black.png","contentUrl":"https:\/\/dulio.vn\/wp-content\/uploads\/2025\/08\/dulioparadise-front-black.png","width":2524,"height":2013},{"@type":"BreadcrumbList","@id":"https:\/\/dulio.vn\/?product=sample-product-008#breadcrumb","itemListElement":[{"@type":"ListItem","position":1,"name":"Home","item":"https:\/\/dulio.vn\/"},{"@type":"ListItem","position":2,"name":"Shop","item":"https:\/\/dulio.vn\/?page_id=8"},{"@type":"ListItem","position":3,"name":"\u00c1O PARADISE"}]},{"@type":"WebSite","@id":"https:\/\/dulio.vn\/#website","url":"https:\/\/dulio.vn\/","name":"DULIO - Made Yours","description":"Dulio, dulio, DULIO","publisher":{"@id":"https:\/\/dulio.vn\/#organization"},"potentialAction":[{"@type":"SearchAction","target":{"@type":"EntryPoint","urlTemplate":"https:\/\/dulio.vn\/?s={search_term_string}"},"query-input":{"@type":"PropertyValueSpecification","valueRequired":true,"valueName":"search_term_string"}}],"inLanguage":"en-US"},{"@type":"Organization","@id":"https:\/\/dulio.vn\/#organization","name":"DULIO - Made Yours","url":"https:\/\/dulio.vn\/","logo":{"@type":"ImageObject","inLanguage":"en-US","@id":"https:\/\/dulio.vn\/#\/schema\/logo\/image\/","url":"https:\/\/dulio.vn\/wp-content\/uploads\/2025\/08\/cropped-okok.png","contentUrl":"https:\/\/dulio.vn\/wp-content\/uploads\/2025\/08\/cropped-okok.png","width":1844,"height":460,"caption":"DULIO - Made Yours"},"image":{"@id":"https:\/\/dulio.vn\/#\/schema\/logo\/image\/"}}]}},"_links":{"self":[{"href":"https:\/\/dulio.vn\/index.php?rest_route=\/wp\/v2\/product\/311","targetHints":{"allow":["GET"]}}],"collection":[{"href":"https:\/\/dulio.vn\/index.php?rest_route=\/wp\/v2\/product"}],"about":[{"href":"https:\/\/dulio.vn\/index.php?rest_route=\/wp\/v2\/types\/product"}],"replies":[{"embeddable":true,"href":"https:\/\/dulio.vn\/index.php?rest_route=%2Fwp%2Fv2%2Fcomments&post=311"}],"wp:featuredmedia":[{"embeddable":true,"href":"https:\/\/dulio.vn\/index.php?rest_route=\/wp\/v2\/media\/387"}],"wp:attachment":[{"href":"https:\/\/dulio.vn\/index.php?rest_route=%2Fwp%2Fv2%2Fmedia&parent=311"}],"wp:term":[{"taxonomy":"product_brand","embeddable":true,"href":"https:\/\/dulio.vn\/index.php?rest_route=%2Fwp%2Fv2%2Fproduct_brand&post=311"},{"taxonomy":"product_cat","embeddable":true,"href":"https:\/\/dulio.vn\/index.php?rest_route=%2Fwp%2Fv2%2Fproduct_cat&post=311"},{"taxonomy":"product_tag","embeddable":true,"href":"https:\/\/dulio.vn\/index.php?rest_route=%2Fwp%2Fv2%2Fproduct_tag&post=311"}],"curies":[{"name":"wp","href":"https:\/\/api.w.org\/{rel}","templated":true}]}}