{"id":314,"date":"2020-12-02T09:52:53","date_gmt":"2020-12-02T09:52:53","guid":{"rendered":"https:\/\/www.cssigniter.com\/demos\/amaryllis\/?post_type=product&#038;p=57"},"modified":"2025-08-07T08:31:20","modified_gmt":"2025-08-07T08:31:20","slug":"314","status":"publish","type":"product","link":"https:\/\/dulio.vn\/?product=314","title":{"rendered":"\u00c1O CORES SUAVES"},"content":{"rendered":"","protected":false},"excerpt":{"rendered":"<h4>Chi\u1ebfc \u00e1o n\u00e0y mang \u0111\u1ebfn m\u1ed9t v\u1ebb \u0111\u1eb9p thanh l\u1ecbch v\u1edbi n\u1ec1n m\u00e0u tr\u1eafng kem nh\u1eb9 nh\u00e0ng, t\u1ea1o c\u1ea3m gi\u00e1c tho\u1ea3i m\u00e1i v\u00e0 d\u1ec5 ch\u1ecbu. \u0110i\u1ec3m nh\u1ea5n n\u1ed5i b\u1eadt n\u1eb1m \u1edf m\u1eb7t sau c\u1ee7a \u00e1o, n\u01a1i in h\u00ecnh m\u1ed9t b\u1ee9c tranh ngh\u1ec7 thu\u1eadt \u0111\u1ea7y tinh t\u1ebf m\u00f4 t\u1ea3 c\u00e1c lo\u00e0i hoa v\u00e0 c\u00e2y c\u1ecf. H\u00ecnh \u1ea3nh \u0111\u01b0\u1ee3c kh\u1eafc h\u1ecda v\u1edbi nh\u1eefng \u0111\u01b0\u1eddng n\u00e9t m\u1ec1m m\u1ea1i, mang l\u1ea1i c\u1ea3m gi\u00e1c g\u1ea7n g\u0169i v\u1edbi thi\u00ean nhi\u00ean, nh\u01b0 m\u1ed9t b\u1ee9c tranh s\u1ed1ng \u0111\u1ed9ng \u0111ang h\u00f2a quy\u1ec7n v\u00e0o cu\u1ed9c s\u1ed1ng h\u00e0ng ng\u00e0y. D\u00f2ng ch\u1eef &#8220;CORES SUAVES&#8221; n\u1eb1m \u1edf ph\u00eda tr\u00ean, kh\u00f4ng ch\u1ec9 l\u00e0 m\u1ed9t chi ti\u1ebft thi\u1ebft k\u1ebf m\u00e0 c\u00f2n th\u1ec3 hi\u1ec7n phong c\u00e1ch ngh\u1ec7 thu\u1eadt hi\u1ec7n \u0111\u1ea1i, nh\u1ea5n m\u1ea1nh th\u00f4ng \u0111i\u1ec7p v\u1ec1 s\u1ef1 nh\u1eb9 nh\u00e0ng v\u00e0 tinh t\u1ebf trong cu\u1ed9c s\u1ed1ng. \u00c1o c\u00f3 ki\u1ec3u d\u00e1ng r\u1ed9ng r\u00e3i, t\u1ea1o s\u1ef1 tho\u1ea3i m\u00e1i cho ng\u01b0\u1eddi m\u1eb7c, d\u1ec5 d\u00e0ng ph\u1ed1i h\u1ee3p v\u1edbi nhi\u1ec1u trang ph\u1ee5c kh\u00e1c nhau, t\u1eeb qu\u1ea7n jeans \u0111\u1ebfn ch\u00e2n v\u00e1y, ph\u00f9 h\u1ee3p cho c\u1ea3 nh\u1eefng bu\u1ed5i d\u1ea1o ph\u1ed1 hay c\u00e1c s\u1ef1 ki\u1ec7n kh\u00f4ng qu\u00e1 trang tr\u1ecdng. V\u1edbi chi\u1ebfc \u00e1o n\u00e0y, b\u1ea1n kh\u00f4ng ch\u1ec9 m\u1eb7c m\u1ed9t m\u00f3n \u0111\u1ed3 th\u1eddi trang m\u00e0 c\u00f2n mang theo b\u00ean m\u00ecnh m\u1ed9t t\u00e1c ph\u1ea9m ngh\u1ec7 thu\u1eadt, truy\u1ec1n t\u1ea3i c\u1ea3m h\u1ee9ng v\u00e0 s\u1ef1 y\u00eau th\u00edch \u0111\u1ed1i v\u1edbi v\u1ebb \u0111\u1eb9p t\u1ef1 nhi\u00ean.<\/h4>\n<h4>\u2022 100% Cotton<br \/>\n\u2022 Relaxed\/Loose Fit<br \/>\n\u2022 H\u1ecda ti\u1ebft hoa c\u1ecf<\/h4>\n","protected":false},"featured_media":480,"comment_status":"open","ping_status":"closed","template":"","meta":{"inline_featured_image":false},"product_brand":[],"product_cat":[32,20,33],"product_tag":[],"class_list":{"0":"post-314","1":"product","2":"type-product","3":"status-publish","4":"has-post-thumbnail","6":"product_cat-ao-graphic","7":"product_cat-shop-all","8":"product_cat-tops","10":"first","11":"instock","12":"shipping-taxable","13":"purchasable","14":"product-type-variable"},"yoast_head":"<!-- This site is optimized with the Yoast SEO plugin v25.6 - https:\/\/yoast.com\/wordpress\/plugins\/seo\/ -->\n<title>\u00c1O CORES SUAVES - DULIO - Made Yours<\/title>\n<meta name=\"robots\" content=\"index, follow, max-snippet:-1, max-image-preview:large, max-video-preview:-1\" \/>\n<link rel=\"canonical\" href=\"https:\/\/dulio.vn\/?product=314\" \/>\n<meta property=\"og:locale\" content=\"en_US\" \/>\n<meta property=\"og:type\" content=\"article\" \/>\n<meta property=\"og:title\" content=\"\u00c1O CORES SUAVES - DULIO - Made Yours\" \/>\n<meta property=\"og:description\" content=\"Chi\u1ebfc \u00e1o n\u00e0y mang \u0111\u1ebfn m\u1ed9t v\u1ebb \u0111\u1eb9p thanh l\u1ecbch v\u1edbi n\u1ec1n m\u00e0u tr\u1eafng kem nh\u1eb9 nh\u00e0ng, t\u1ea1o c\u1ea3m gi\u00e1c tho\u1ea3i m\u00e1i v\u00e0 d\u1ec5 ch\u1ecbu. \u0110i\u1ec3m nh\u1ea5n n\u1ed5i b\u1eadt n\u1eb1m \u1edf m\u1eb7t sau c\u1ee7a \u00e1o, n\u01a1i in h\u00ecnh m\u1ed9t b\u1ee9c tranh ngh\u1ec7 thu\u1eadt \u0111\u1ea7y tinh t\u1ebf m\u00f4 t\u1ea3 c\u00e1c lo\u00e0i hoa v\u00e0 c\u00e2y c\u1ecf. H\u00ecnh \u1ea3nh \u0111\u01b0\u1ee3c kh\u1eafc h\u1ecda v\u1edbi nh\u1eefng \u0111\u01b0\u1eddng n\u00e9t m\u1ec1m m\u1ea1i, mang l\u1ea1i c\u1ea3m gi\u00e1c g\u1ea7n g\u0169i v\u1edbi thi\u00ean nhi\u00ean, nh\u01b0 m\u1ed9t b\u1ee9c tranh s\u1ed1ng \u0111\u1ed9ng \u0111ang h\u00f2a quy\u1ec7n v\u00e0o cu\u1ed9c s\u1ed1ng h\u00e0ng ng\u00e0y. D\u00f2ng ch\u1eef &quot;CORES SUAVES&quot; n\u1eb1m \u1edf ph\u00eda tr\u00ean, kh\u00f4ng ch\u1ec9 l\u00e0 m\u1ed9t chi ti\u1ebft thi\u1ebft k\u1ebf m\u00e0 c\u00f2n th\u1ec3 hi\u1ec7n phong c\u00e1ch ngh\u1ec7 thu\u1eadt hi\u1ec7n \u0111\u1ea1i, nh\u1ea5n m\u1ea1nh th\u00f4ng \u0111i\u1ec7p v\u1ec1 s\u1ef1 nh\u1eb9 nh\u00e0ng v\u00e0 tinh t\u1ebf trong cu\u1ed9c s\u1ed1ng. \u00c1o c\u00f3 ki\u1ec3u d\u00e1ng r\u1ed9ng r\u00e3i, t\u1ea1o s\u1ef1 tho\u1ea3i m\u00e1i cho ng\u01b0\u1eddi m\u1eb7c, d\u1ec5 d\u00e0ng ph\u1ed1i h\u1ee3p v\u1edbi nhi\u1ec1u trang ph\u1ee5c kh\u00e1c nhau, t\u1eeb qu\u1ea7n jeans \u0111\u1ebfn ch\u00e2n v\u00e1y, ph\u00f9 h\u1ee3p cho c\u1ea3 nh\u1eefng bu\u1ed5i d\u1ea1o ph\u1ed1 hay c\u00e1c s\u1ef1 ki\u1ec7n kh\u00f4ng qu\u00e1 trang tr\u1ecdng. V\u1edbi chi\u1ebfc \u00e1o n\u00e0y, b\u1ea1n kh\u00f4ng ch\u1ec9 m\u1eb7c m\u1ed9t m\u00f3n \u0111\u1ed3 th\u1eddi trang m\u00e0 c\u00f2n mang theo b\u00ean m\u00ecnh m\u1ed9t t\u00e1c ph\u1ea9m ngh\u1ec7 thu\u1eadt, truy\u1ec1n t\u1ea3i c\u1ea3m h\u1ee9ng v\u00e0 s\u1ef1 y\u00eau th\u00edch \u0111\u1ed1i v\u1edbi v\u1ebb \u0111\u1eb9p t\u1ef1 nhi\u00ean. \u2022 100% Cotton \u2022 Relaxed\/Loose Fit \u2022 H\u1ecda ti\u1ebft hoa c\u1ecf\" \/>\n<meta property=\"og:url\" content=\"https:\/\/dulio.vn\/?product=314\" \/>\n<meta property=\"og:site_name\" content=\"DULIO - Made Yours\" \/>\n<meta property=\"article:modified_time\" content=\"2025-08-07T08:31:20+00:00\" \/>\n<meta property=\"og:image\" content=\"https:\/\/dulio.vn\/wp-content\/uploads\/2025\/08\/cores-back-cream.png\" \/>\n\t<meta property=\"og:image:width\" content=\"2000\" \/>\n\t<meta property=\"og:image:height\" content=\"1596\" \/>\n\t<meta property=\"og:image:type\" content=\"image\/png\" \/>\n<meta name=\"twitter:card\" content=\"summary_large_image\" \/>\n<meta name=\"twitter:label1\" content=\"Est. reading time\" \/>\n\t<meta name=\"twitter:data1\" content=\"1 minute\" \/>\n<script type=\"application\/ld+json\" class=\"yoast-schema-graph\">{\"@context\":\"https:\/\/schema.org\",\"@graph\":[{\"@type\":\"WebPage\",\"@id\":\"https:\/\/dulio.vn\/?product=314\",\"url\":\"https:\/\/dulio.vn\/?product=314\",\"name\":\"\u00c1O CORES SUAVES - DULIO - Made Yours\",\"isPartOf\":{\"@id\":\"https:\/\/dulio.vn\/#website\"},\"primaryImageOfPage\":{\"@id\":\"https:\/\/dulio.vn\/?product=314#primaryimage\"},\"image\":{\"@id\":\"https:\/\/dulio.vn\/?product=314#primaryimage\"},\"thumbnailUrl\":\"https:\/\/dulio.vn\/wp-content\/uploads\/2025\/08\/cores-back-cream.png\",\"datePublished\":\"2020-12-02T09:52:53+00:00\",\"dateModified\":\"2025-08-07T08:31:20+00:00\",\"breadcrumb\":{\"@id\":\"https:\/\/dulio.vn\/?product=314#breadcrumb\"},\"inLanguage\":\"en-US\",\"potentialAction\":[{\"@type\":\"ReadAction\",\"target\":[\"https:\/\/dulio.vn\/?product=314\"]}]},{\"@type\":\"ImageObject\",\"inLanguage\":\"en-US\",\"@id\":\"https:\/\/dulio.vn\/?product=314#primaryimage\",\"url\":\"https:\/\/dulio.vn\/wp-content\/uploads\/2025\/08\/cores-back-cream.png\",\"contentUrl\":\"https:\/\/dulio.vn\/wp-content\/uploads\/2025\/08\/cores-back-cream.png\",\"width\":2000,\"height\":1596},{\"@type\":\"BreadcrumbList\",\"@id\":\"https:\/\/dulio.vn\/?product=314#breadcrumb\",\"itemListElement\":[{\"@type\":\"ListItem\",\"position\":1,\"name\":\"Home\",\"item\":\"https:\/\/dulio.vn\/\"},{\"@type\":\"ListItem\",\"position\":2,\"name\":\"Shop\",\"item\":\"https:\/\/dulio.vn\/?page_id=8\"},{\"@type\":\"ListItem\",\"position\":3,\"name\":\"\u00c1O CORES SUAVES\"}]},{\"@type\":\"WebSite\",\"@id\":\"https:\/\/dulio.vn\/#website\",\"url\":\"https:\/\/dulio.vn\/\",\"name\":\"DULIO - Made Yours\",\"description\":\"Dulio, dulio, DULIO\",\"publisher\":{\"@id\":\"https:\/\/dulio.vn\/#organization\"},\"potentialAction\":[{\"@type\":\"SearchAction\",\"target\":{\"@type\":\"EntryPoint\",\"urlTemplate\":\"https:\/\/dulio.vn\/?s={search_term_string}\"},\"query-input\":{\"@type\":\"PropertyValueSpecification\",\"valueRequired\":true,\"valueName\":\"search_term_string\"}}],\"inLanguage\":\"en-US\"},{\"@type\":\"Organization\",\"@id\":\"https:\/\/dulio.vn\/#organization\",\"name\":\"DULIO - Made Yours\",\"url\":\"https:\/\/dulio.vn\/\",\"logo\":{\"@type\":\"ImageObject\",\"inLanguage\":\"en-US\",\"@id\":\"https:\/\/dulio.vn\/#\/schema\/logo\/image\/\",\"url\":\"https:\/\/dulio.vn\/wp-content\/uploads\/2025\/08\/cropped-okok.png\",\"contentUrl\":\"https:\/\/dulio.vn\/wp-content\/uploads\/2025\/08\/cropped-okok.png\",\"width\":1844,\"height\":460,\"caption\":\"DULIO - Made Yours\"},\"image\":{\"@id\":\"https:\/\/dulio.vn\/#\/schema\/logo\/image\/\"}}]}<\/script>\n<!-- \/ Yoast SEO plugin. -->","yoast_head_json":{"title":"\u00c1O CORES SUAVES - DULIO - Made Yours","robots":{"index":"index","follow":"follow","max-snippet":"max-snippet:-1","max-image-preview":"max-image-preview:large","max-video-preview":"max-video-preview:-1"},"canonical":"https:\/\/dulio.vn\/?product=314","og_locale":"en_US","og_type":"article","og_title":"\u00c1O CORES SUAVES - DULIO - Made Yours","og_description":"Chi\u1ebfc \u00e1o n\u00e0y mang \u0111\u1ebfn m\u1ed9t v\u1ebb \u0111\u1eb9p thanh l\u1ecbch v\u1edbi n\u1ec1n m\u00e0u tr\u1eafng kem nh\u1eb9 nh\u00e0ng, t\u1ea1o c\u1ea3m gi\u00e1c tho\u1ea3i m\u00e1i v\u00e0 d\u1ec5 ch\u1ecbu. \u0110i\u1ec3m nh\u1ea5n n\u1ed5i b\u1eadt n\u1eb1m \u1edf m\u1eb7t sau c\u1ee7a \u00e1o, n\u01a1i in h\u00ecnh m\u1ed9t b\u1ee9c tranh ngh\u1ec7 thu\u1eadt \u0111\u1ea7y tinh t\u1ebf m\u00f4 t\u1ea3 c\u00e1c lo\u00e0i hoa v\u00e0 c\u00e2y c\u1ecf. H\u00ecnh \u1ea3nh \u0111\u01b0\u1ee3c kh\u1eafc h\u1ecda v\u1edbi nh\u1eefng \u0111\u01b0\u1eddng n\u00e9t m\u1ec1m m\u1ea1i, mang l\u1ea1i c\u1ea3m gi\u00e1c g\u1ea7n g\u0169i v\u1edbi thi\u00ean nhi\u00ean, nh\u01b0 m\u1ed9t b\u1ee9c tranh s\u1ed1ng \u0111\u1ed9ng \u0111ang h\u00f2a quy\u1ec7n v\u00e0o cu\u1ed9c s\u1ed1ng h\u00e0ng ng\u00e0y. D\u00f2ng ch\u1eef \"CORES SUAVES\" n\u1eb1m \u1edf ph\u00eda tr\u00ean, kh\u00f4ng ch\u1ec9 l\u00e0 m\u1ed9t chi ti\u1ebft thi\u1ebft k\u1ebf m\u00e0 c\u00f2n th\u1ec3 hi\u1ec7n phong c\u00e1ch ngh\u1ec7 thu\u1eadt hi\u1ec7n \u0111\u1ea1i, nh\u1ea5n m\u1ea1nh th\u00f4ng \u0111i\u1ec7p v\u1ec1 s\u1ef1 nh\u1eb9 nh\u00e0ng v\u00e0 tinh t\u1ebf trong cu\u1ed9c s\u1ed1ng. \u00c1o c\u00f3 ki\u1ec3u d\u00e1ng r\u1ed9ng r\u00e3i, t\u1ea1o s\u1ef1 tho\u1ea3i m\u00e1i cho ng\u01b0\u1eddi m\u1eb7c, d\u1ec5 d\u00e0ng ph\u1ed1i h\u1ee3p v\u1edbi nhi\u1ec1u trang ph\u1ee5c kh\u00e1c nhau, t\u1eeb qu\u1ea7n jeans \u0111\u1ebfn ch\u00e2n v\u00e1y, ph\u00f9 h\u1ee3p cho c\u1ea3 nh\u1eefng bu\u1ed5i d\u1ea1o ph\u1ed1 hay c\u00e1c s\u1ef1 ki\u1ec7n kh\u00f4ng qu\u00e1 trang tr\u1ecdng. V\u1edbi chi\u1ebfc \u00e1o n\u00e0y, b\u1ea1n kh\u00f4ng ch\u1ec9 m\u1eb7c m\u1ed9t m\u00f3n \u0111\u1ed3 th\u1eddi trang m\u00e0 c\u00f2n mang theo b\u00ean m\u00ecnh m\u1ed9t t\u00e1c ph\u1ea9m ngh\u1ec7 thu\u1eadt, truy\u1ec1n t\u1ea3i c\u1ea3m h\u1ee9ng v\u00e0 s\u1ef1 y\u00eau th\u00edch \u0111\u1ed1i v\u1edbi v\u1ebb \u0111\u1eb9p t\u1ef1 nhi\u00ean. \u2022 100% Cotton \u2022 Relaxed\/Loose Fit \u2022 H\u1ecda ti\u1ebft hoa c\u1ecf","og_url":"https:\/\/dulio.vn\/?product=314","og_site_name":"DULIO - Made Yours","article_modified_time":"2025-08-07T08:31:20+00:00","og_image":[{"width":2000,"height":1596,"url":"https:\/\/dulio.vn\/wp-content\/uploads\/2025\/08\/cores-back-cream.png","type":"image\/png"}],"twitter_card":"summary_large_image","twitter_misc":{"Est. reading time":"1 minute"},"schema":{"@context":"https:\/\/schema.org","@graph":[{"@type":"WebPage","@id":"https:\/\/dulio.vn\/?product=314","url":"https:\/\/dulio.vn\/?product=314","name":"\u00c1O CORES SUAVES - DULIO - Made Yours","isPartOf":{"@id":"https:\/\/dulio.vn\/#website"},"primaryImageOfPage":{"@id":"https:\/\/dulio.vn\/?product=314#primaryimage"},"image":{"@id":"https:\/\/dulio.vn\/?product=314#primaryimage"},"thumbnailUrl":"https:\/\/dulio.vn\/wp-content\/uploads\/2025\/08\/cores-back-cream.png","datePublished":"2020-12-02T09:52:53+00:00","dateModified":"2025-08-07T08:31:20+00:00","breadcrumb":{"@id":"https:\/\/dulio.vn\/?product=314#breadcrumb"},"inLanguage":"en-US","potentialAction":[{"@type":"ReadAction","target":["https:\/\/dulio.vn\/?product=314"]}]},{"@type":"ImageObject","inLanguage":"en-US","@id":"https:\/\/dulio.vn\/?product=314#primaryimage","url":"https:\/\/dulio.vn\/wp-content\/uploads\/2025\/08\/cores-back-cream.png","contentUrl":"https:\/\/dulio.vn\/wp-content\/uploads\/2025\/08\/cores-back-cream.png","width":2000,"height":1596},{"@type":"BreadcrumbList","@id":"https:\/\/dulio.vn\/?product=314#breadcrumb","itemListElement":[{"@type":"ListItem","position":1,"name":"Home","item":"https:\/\/dulio.vn\/"},{"@type":"ListItem","position":2,"name":"Shop","item":"https:\/\/dulio.vn\/?page_id=8"},{"@type":"ListItem","position":3,"name":"\u00c1O CORES SUAVES"}]},{"@type":"WebSite","@id":"https:\/\/dulio.vn\/#website","url":"https:\/\/dulio.vn\/","name":"DULIO - Made Yours","description":"Dulio, dulio, DULIO","publisher":{"@id":"https:\/\/dulio.vn\/#organization"},"potentialAction":[{"@type":"SearchAction","target":{"@type":"EntryPoint","urlTemplate":"https:\/\/dulio.vn\/?s={search_term_string}"},"query-input":{"@type":"PropertyValueSpecification","valueRequired":true,"valueName":"search_term_string"}}],"inLanguage":"en-US"},{"@type":"Organization","@id":"https:\/\/dulio.vn\/#organization","name":"DULIO - Made Yours","url":"https:\/\/dulio.vn\/","logo":{"@type":"ImageObject","inLanguage":"en-US","@id":"https:\/\/dulio.vn\/#\/schema\/logo\/image\/","url":"https:\/\/dulio.vn\/wp-content\/uploads\/2025\/08\/cropped-okok.png","contentUrl":"https:\/\/dulio.vn\/wp-content\/uploads\/2025\/08\/cropped-okok.png","width":1844,"height":460,"caption":"DULIO - Made Yours"},"image":{"@id":"https:\/\/dulio.vn\/#\/schema\/logo\/image\/"}}]}},"_links":{"self":[{"href":"https:\/\/dulio.vn\/index.php?rest_route=\/wp\/v2\/product\/314","targetHints":{"allow":["GET"]}}],"collection":[{"href":"https:\/\/dulio.vn\/index.php?rest_route=\/wp\/v2\/product"}],"about":[{"href":"https:\/\/dulio.vn\/index.php?rest_route=\/wp\/v2\/types\/product"}],"replies":[{"embeddable":true,"href":"https:\/\/dulio.vn\/index.php?rest_route=%2Fwp%2Fv2%2Fcomments&post=314"}],"wp:featuredmedia":[{"embeddable":true,"href":"https:\/\/dulio.vn\/index.php?rest_route=\/wp\/v2\/media\/480"}],"wp:attachment":[{"href":"https:\/\/dulio.vn\/index.php?rest_route=%2Fwp%2Fv2%2Fmedia&parent=314"}],"wp:term":[{"taxonomy":"product_brand","embeddable":true,"href":"https:\/\/dulio.vn\/index.php?rest_route=%2Fwp%2Fv2%2Fproduct_brand&post=314"},{"taxonomy":"product_cat","embeddable":true,"href":"https:\/\/dulio.vn\/index.php?rest_route=%2Fwp%2Fv2%2Fproduct_cat&post=314"},{"taxonomy":"product_tag","embeddable":true,"href":"https:\/\/dulio.vn\/index.php?rest_route=%2Fwp%2Fv2%2Fproduct_tag&post=314"}],"curies":[{"name":"wp","href":"https:\/\/api.w.org\/{rel}","templated":true}]}}