{"id":315,"date":"2020-12-02T09:54:08","date_gmt":"2020-12-02T09:54:08","guid":{"rendered":"https:\/\/www.cssigniter.com\/demos\/amaryllis\/?post_type=product&#038;p=59"},"modified":"2025-08-07T08:04:11","modified_gmt":"2025-08-07T08:04:11","slug":"315","status":"publish","type":"product","link":"https:\/\/dulio.vn\/?product=315","title":{"rendered":"\u00c1O DULIO LEAVES"},"content":{"rendered":"","protected":false},"excerpt":{"rendered":"<h4>N\u1ed5i b\u1eadt v\u1edbi <b>h\u1ecda ti\u1ebft hoa v\u0103n c\u1ed5 \u0111i\u1ec3n m\u00e0u x\u00e1m, l\u1ea5y \u00fd t\u01b0\u1edfng t\u1eeb l\u00e1 c\u00e2y<\/b>, chi\u1ebfc \u00e1o n\u00e0y l\u00e0 s\u1ef1 k\u1ebft h\u1ee3p ho\u00e0n h\u1ea3o gi\u1eefa v\u1ebb \u0111\u1eb9p truy\u1ec1n th\u1ed1ng v\u00e0 tinh th\u1ea7n hi\u1ec7n \u0111\u1ea1i. \u0110i\u1ec3m nh\u1ea5n \u0111\u1eb7c bi\u1ec7t l\u00e0 d\u00f2ng ch\u1eef <b>&#8220;DULIO&#8221; m\u00e0u tr\u1eafng v\u1edbi hi\u1ec7u \u1ee9ng n\u1ed5i 3D \u1ea5n t\u01b0\u1ee3ng<\/b>, thu h\u00fat m\u1ecdi \u00e1nh nh\u00ecn v\u00e0 kh\u1eb3ng \u0111\u1ecbnh phong c\u00e1ch \u0111\u1ed9c \u0111\u00e1o c\u1ee7a b\u1ea1n.<\/h4>\n<h4>\u2022 100% Cotton<br \/>\n\u2022 Relaxed\/Loose Fit<br \/>\n\u2022 N\u1ec1n h\u00ecnh v\u00e2n l\u00e1<br \/>\n\u2022 T\u00ean th\u01b0\u01a1ng hi\u1ec7u c\u00f3 hi\u1ec7u \u1ee9ng n\u1ed5i<\/h4>\n","protected":false},"featured_media":389,"comment_status":"open","ping_status":"closed","template":"","meta":{"inline_featured_image":false},"product_brand":[],"product_cat":[22,20,33],"product_tag":[],"class_list":{"0":"post-315","1":"product","2":"type-product","3":"status-publish","4":"has-post-thumbnail","6":"product_cat-ao-thun","7":"product_cat-shop-all","8":"product_cat-tops","10":"first","11":"instock","12":"shipping-taxable","13":"purchasable","14":"product-type-variable"},"yoast_head":"<!-- This site is optimized with the Yoast SEO plugin v25.6 - https:\/\/yoast.com\/wordpress\/plugins\/seo\/ -->\n<title>\u00c1O DULIO LEAVES - DULIO - Made Yours<\/title>\n<meta name=\"robots\" content=\"index, follow, max-snippet:-1, max-image-preview:large, max-video-preview:-1\" \/>\n<link rel=\"canonical\" href=\"https:\/\/dulio.vn\/?product=315\" \/>\n<meta property=\"og:locale\" content=\"en_US\" \/>\n<meta property=\"og:type\" content=\"article\" \/>\n<meta property=\"og:title\" content=\"\u00c1O DULIO LEAVES - DULIO - Made Yours\" \/>\n<meta property=\"og:description\" content=\"N\u1ed5i b\u1eadt v\u1edbi h\u1ecda ti\u1ebft hoa v\u0103n c\u1ed5 \u0111i\u1ec3n m\u00e0u x\u00e1m, l\u1ea5y \u00fd t\u01b0\u1edfng t\u1eeb l\u00e1 c\u00e2y, chi\u1ebfc \u00e1o n\u00e0y l\u00e0 s\u1ef1 k\u1ebft h\u1ee3p ho\u00e0n h\u1ea3o gi\u1eefa v\u1ebb \u0111\u1eb9p truy\u1ec1n th\u1ed1ng v\u00e0 tinh th\u1ea7n hi\u1ec7n \u0111\u1ea1i. \u0110i\u1ec3m nh\u1ea5n \u0111\u1eb7c bi\u1ec7t l\u00e0 d\u00f2ng ch\u1eef &quot;DULIO&quot; m\u00e0u tr\u1eafng v\u1edbi hi\u1ec7u \u1ee9ng n\u1ed5i 3D \u1ea5n t\u01b0\u1ee3ng, thu h\u00fat m\u1ecdi \u00e1nh nh\u00ecn v\u00e0 kh\u1eb3ng \u0111\u1ecbnh phong c\u00e1ch \u0111\u1ed9c \u0111\u00e1o c\u1ee7a b\u1ea1n. \u2022 100% Cotton \u2022 Relaxed\/Loose Fit \u2022 N\u1ec1n h\u00ecnh v\u00e2n l\u00e1 \u2022 T\u00ean th\u01b0\u01a1ng hi\u1ec7u c\u00f3 hi\u1ec7u \u1ee9ng n\u1ed5i\" \/>\n<meta property=\"og:url\" content=\"https:\/\/dulio.vn\/?product=315\" \/>\n<meta property=\"og:site_name\" content=\"DULIO - Made Yours\" \/>\n<meta property=\"article:modified_time\" content=\"2025-08-07T08:04:11+00:00\" \/>\n<meta property=\"og:image\" content=\"https:\/\/dulio.vn\/wp-content\/uploads\/2025\/08\/DULIOleaves-front-black.png\" \/>\n\t<meta property=\"og:image:width\" content=\"2000\" \/>\n\t<meta property=\"og:image:height\" content=\"1595\" \/>\n\t<meta property=\"og:image:type\" content=\"image\/png\" \/>\n<meta name=\"twitter:card\" content=\"summary_large_image\" \/>\n<meta name=\"twitter:label1\" content=\"Est. reading time\" \/>\n\t<meta name=\"twitter:data1\" content=\"1 minute\" \/>\n<script type=\"application\/ld+json\" class=\"yoast-schema-graph\">{\"@context\":\"https:\/\/schema.org\",\"@graph\":[{\"@type\":\"WebPage\",\"@id\":\"https:\/\/dulio.vn\/?product=315\",\"url\":\"https:\/\/dulio.vn\/?product=315\",\"name\":\"\u00c1O DULIO LEAVES - DULIO - Made Yours\",\"isPartOf\":{\"@id\":\"https:\/\/dulio.vn\/#website\"},\"primaryImageOfPage\":{\"@id\":\"https:\/\/dulio.vn\/?product=315#primaryimage\"},\"image\":{\"@id\":\"https:\/\/dulio.vn\/?product=315#primaryimage\"},\"thumbnailUrl\":\"https:\/\/dulio.vn\/wp-content\/uploads\/2025\/08\/DULIOleaves-front-black.png\",\"datePublished\":\"2020-12-02T09:54:08+00:00\",\"dateModified\":\"2025-08-07T08:04:11+00:00\",\"breadcrumb\":{\"@id\":\"https:\/\/dulio.vn\/?product=315#breadcrumb\"},\"inLanguage\":\"en-US\",\"potentialAction\":[{\"@type\":\"ReadAction\",\"target\":[\"https:\/\/dulio.vn\/?product=315\"]}]},{\"@type\":\"ImageObject\",\"inLanguage\":\"en-US\",\"@id\":\"https:\/\/dulio.vn\/?product=315#primaryimage\",\"url\":\"https:\/\/dulio.vn\/wp-content\/uploads\/2025\/08\/DULIOleaves-front-black.png\",\"contentUrl\":\"https:\/\/dulio.vn\/wp-content\/uploads\/2025\/08\/DULIOleaves-front-black.png\",\"width\":2000,\"height\":1595},{\"@type\":\"BreadcrumbList\",\"@id\":\"https:\/\/dulio.vn\/?product=315#breadcrumb\",\"itemListElement\":[{\"@type\":\"ListItem\",\"position\":1,\"name\":\"Home\",\"item\":\"https:\/\/dulio.vn\/\"},{\"@type\":\"ListItem\",\"position\":2,\"name\":\"Shop\",\"item\":\"https:\/\/dulio.vn\/?page_id=8\"},{\"@type\":\"ListItem\",\"position\":3,\"name\":\"\u00c1O DULIO LEAVES\"}]},{\"@type\":\"WebSite\",\"@id\":\"https:\/\/dulio.vn\/#website\",\"url\":\"https:\/\/dulio.vn\/\",\"name\":\"DULIO - Made Yours\",\"description\":\"Dulio, dulio, DULIO\",\"publisher\":{\"@id\":\"https:\/\/dulio.vn\/#organization\"},\"potentialAction\":[{\"@type\":\"SearchAction\",\"target\":{\"@type\":\"EntryPoint\",\"urlTemplate\":\"https:\/\/dulio.vn\/?s={search_term_string}\"},\"query-input\":{\"@type\":\"PropertyValueSpecification\",\"valueRequired\":true,\"valueName\":\"search_term_string\"}}],\"inLanguage\":\"en-US\"},{\"@type\":\"Organization\",\"@id\":\"https:\/\/dulio.vn\/#organization\",\"name\":\"DULIO - Made Yours\",\"url\":\"https:\/\/dulio.vn\/\",\"logo\":{\"@type\":\"ImageObject\",\"inLanguage\":\"en-US\",\"@id\":\"https:\/\/dulio.vn\/#\/schema\/logo\/image\/\",\"url\":\"https:\/\/dulio.vn\/wp-content\/uploads\/2025\/08\/cropped-okok.png\",\"contentUrl\":\"https:\/\/dulio.vn\/wp-content\/uploads\/2025\/08\/cropped-okok.png\",\"width\":1844,\"height\":460,\"caption\":\"DULIO - Made Yours\"},\"image\":{\"@id\":\"https:\/\/dulio.vn\/#\/schema\/logo\/image\/\"}}]}<\/script>\n<!-- \/ Yoast SEO plugin. -->","yoast_head_json":{"title":"\u00c1O DULIO LEAVES - DULIO - Made Yours","robots":{"index":"index","follow":"follow","max-snippet":"max-snippet:-1","max-image-preview":"max-image-preview:large","max-video-preview":"max-video-preview:-1"},"canonical":"https:\/\/dulio.vn\/?product=315","og_locale":"en_US","og_type":"article","og_title":"\u00c1O DULIO LEAVES - DULIO - Made Yours","og_description":"N\u1ed5i b\u1eadt v\u1edbi h\u1ecda ti\u1ebft hoa v\u0103n c\u1ed5 \u0111i\u1ec3n m\u00e0u x\u00e1m, l\u1ea5y \u00fd t\u01b0\u1edfng t\u1eeb l\u00e1 c\u00e2y, chi\u1ebfc \u00e1o n\u00e0y l\u00e0 s\u1ef1 k\u1ebft h\u1ee3p ho\u00e0n h\u1ea3o gi\u1eefa v\u1ebb \u0111\u1eb9p truy\u1ec1n th\u1ed1ng v\u00e0 tinh th\u1ea7n hi\u1ec7n \u0111\u1ea1i. \u0110i\u1ec3m nh\u1ea5n \u0111\u1eb7c bi\u1ec7t l\u00e0 d\u00f2ng ch\u1eef \"DULIO\" m\u00e0u tr\u1eafng v\u1edbi hi\u1ec7u \u1ee9ng n\u1ed5i 3D \u1ea5n t\u01b0\u1ee3ng, thu h\u00fat m\u1ecdi \u00e1nh nh\u00ecn v\u00e0 kh\u1eb3ng \u0111\u1ecbnh phong c\u00e1ch \u0111\u1ed9c \u0111\u00e1o c\u1ee7a b\u1ea1n. \u2022 100% Cotton \u2022 Relaxed\/Loose Fit \u2022 N\u1ec1n h\u00ecnh v\u00e2n l\u00e1 \u2022 T\u00ean th\u01b0\u01a1ng hi\u1ec7u c\u00f3 hi\u1ec7u \u1ee9ng n\u1ed5i","og_url":"https:\/\/dulio.vn\/?product=315","og_site_name":"DULIO - Made Yours","article_modified_time":"2025-08-07T08:04:11+00:00","og_image":[{"width":2000,"height":1595,"url":"https:\/\/dulio.vn\/wp-content\/uploads\/2025\/08\/DULIOleaves-front-black.png","type":"image\/png"}],"twitter_card":"summary_large_image","twitter_misc":{"Est. reading time":"1 minute"},"schema":{"@context":"https:\/\/schema.org","@graph":[{"@type":"WebPage","@id":"https:\/\/dulio.vn\/?product=315","url":"https:\/\/dulio.vn\/?product=315","name":"\u00c1O DULIO LEAVES - DULIO - Made Yours","isPartOf":{"@id":"https:\/\/dulio.vn\/#website"},"primaryImageOfPage":{"@id":"https:\/\/dulio.vn\/?product=315#primaryimage"},"image":{"@id":"https:\/\/dulio.vn\/?product=315#primaryimage"},"thumbnailUrl":"https:\/\/dulio.vn\/wp-content\/uploads\/2025\/08\/DULIOleaves-front-black.png","datePublished":"2020-12-02T09:54:08+00:00","dateModified":"2025-08-07T08:04:11+00:00","breadcrumb":{"@id":"https:\/\/dulio.vn\/?product=315#breadcrumb"},"inLanguage":"en-US","potentialAction":[{"@type":"ReadAction","target":["https:\/\/dulio.vn\/?product=315"]}]},{"@type":"ImageObject","inLanguage":"en-US","@id":"https:\/\/dulio.vn\/?product=315#primaryimage","url":"https:\/\/dulio.vn\/wp-content\/uploads\/2025\/08\/DULIOleaves-front-black.png","contentUrl":"https:\/\/dulio.vn\/wp-content\/uploads\/2025\/08\/DULIOleaves-front-black.png","width":2000,"height":1595},{"@type":"BreadcrumbList","@id":"https:\/\/dulio.vn\/?product=315#breadcrumb","itemListElement":[{"@type":"ListItem","position":1,"name":"Home","item":"https:\/\/dulio.vn\/"},{"@type":"ListItem","position":2,"name":"Shop","item":"https:\/\/dulio.vn\/?page_id=8"},{"@type":"ListItem","position":3,"name":"\u00c1O DULIO LEAVES"}]},{"@type":"WebSite","@id":"https:\/\/dulio.vn\/#website","url":"https:\/\/dulio.vn\/","name":"DULIO - Made Yours","description":"Dulio, dulio, DULIO","publisher":{"@id":"https:\/\/dulio.vn\/#organization"},"potentialAction":[{"@type":"SearchAction","target":{"@type":"EntryPoint","urlTemplate":"https:\/\/dulio.vn\/?s={search_term_string}"},"query-input":{"@type":"PropertyValueSpecification","valueRequired":true,"valueName":"search_term_string"}}],"inLanguage":"en-US"},{"@type":"Organization","@id":"https:\/\/dulio.vn\/#organization","name":"DULIO - Made Yours","url":"https:\/\/dulio.vn\/","logo":{"@type":"ImageObject","inLanguage":"en-US","@id":"https:\/\/dulio.vn\/#\/schema\/logo\/image\/","url":"https:\/\/dulio.vn\/wp-content\/uploads\/2025\/08\/cropped-okok.png","contentUrl":"https:\/\/dulio.vn\/wp-content\/uploads\/2025\/08\/cropped-okok.png","width":1844,"height":460,"caption":"DULIO - Made Yours"},"image":{"@id":"https:\/\/dulio.vn\/#\/schema\/logo\/image\/"}}]}},"_links":{"self":[{"href":"https:\/\/dulio.vn\/index.php?rest_route=\/wp\/v2\/product\/315","targetHints":{"allow":["GET"]}}],"collection":[{"href":"https:\/\/dulio.vn\/index.php?rest_route=\/wp\/v2\/product"}],"about":[{"href":"https:\/\/dulio.vn\/index.php?rest_route=\/wp\/v2\/types\/product"}],"replies":[{"embeddable":true,"href":"https:\/\/dulio.vn\/index.php?rest_route=%2Fwp%2Fv2%2Fcomments&post=315"}],"wp:featuredmedia":[{"embeddable":true,"href":"https:\/\/dulio.vn\/index.php?rest_route=\/wp\/v2\/media\/389"}],"wp:attachment":[{"href":"https:\/\/dulio.vn\/index.php?rest_route=%2Fwp%2Fv2%2Fmedia&parent=315"}],"wp:term":[{"taxonomy":"product_brand","embeddable":true,"href":"https:\/\/dulio.vn\/index.php?rest_route=%2Fwp%2Fv2%2Fproduct_brand&post=315"},{"taxonomy":"product_cat","embeddable":true,"href":"https:\/\/dulio.vn\/index.php?rest_route=%2Fwp%2Fv2%2Fproduct_cat&post=315"},{"taxonomy":"product_tag","embeddable":true,"href":"https:\/\/dulio.vn\/index.php?rest_route=%2Fwp%2Fv2%2Fproduct_tag&post=315"}],"curies":[{"name":"wp","href":"https:\/\/api.w.org\/{rel}","templated":true}]}}