{"id":317,"date":"2020-12-02T09:56:43","date_gmt":"2020-12-02T09:56:43","guid":{"rendered":"https:\/\/www.cssigniter.com\/demos\/amaryllis\/?post_type=product&#038;p=63"},"modified":"2025-08-07T08:30:56","modified_gmt":"2025-08-07T08:30:56","slug":"317","status":"publish","type":"product","link":"https:\/\/dulio.vn\/?product=317","title":{"rendered":"\u00c1O SKULL"},"content":{"rendered":"","protected":false},"excerpt":{"rendered":"<h4>Chi\u1ebfc \u00e1o ph\u00f4ng m\u00e0u \u0111en n\u00e0y n\u1ed5i b\u1eadt v\u1edbi h\u00ecnh in \u0111\u1ea7u l\u00e2u ngh\u1ec7 thu\u1eadt \u1edf gi\u1eefa. \u0110\u1ea7u l\u00e2u \u0111\u01b0\u1ee3c thi\u1ebft k\u1ebf theo phong c\u00e1ch \u0111\u1ed5 b\u00f3ng, v\u1edbi m\u1ed9t n\u1eeda m\u00e0u t\u00edm v\u00e0 n\u1eeda c\u00f2n l\u1ea1i m\u00e0u tr\u1eafng ng\u00e0. M\u1ed9t b\u00e0n tay x\u01b0\u01a1ng x\u1ea9u che m\u1eb7t, t\u1ea1o d\u00e1ng v\u1ebb b\u00ed \u1ea9n. Ph\u00eda sau \u0111\u1ea7u l\u00e2u l\u00e0 v\u1ea7ng s\u00e1ng h\u00ecnh ng\u00f4i sao. Ch\u1eef &#8220;DULIO&#8221; m\u00e0u t\u00edm \u0111\u01b0\u1ee3c in d\u1ecdc b\u00ean tr\u00e1i \u0111\u1ea7u l\u00e2u, t\u1ea1o n\u00ean t\u1ed5ng th\u1ec3 c\u00e1 t\u00ednh v\u00e0 hi\u1ec7n \u0111\u1ea1i.<\/h4>\n<h4>\u2022 100% Cotton<br \/>\n\u2022 Relaxed\/Loose Fit<br \/>\n\u2022 H\u1ecda ti\u1ebft h\u00ecnh \u0111\u1ea7u l\u00e2u<\/h4>\n","protected":false},"featured_media":475,"comment_status":"open","ping_status":"closed","template":"","meta":{"inline_featured_image":false},"product_brand":[],"product_cat":[32,20,33],"product_tag":[],"class_list":{"0":"post-317","1":"product","2":"type-product","3":"status-publish","4":"has-post-thumbnail","6":"product_cat-ao-graphic","7":"product_cat-shop-all","8":"product_cat-tops","10":"first","11":"instock","12":"shipping-taxable","13":"purchasable","14":"product-type-variable"},"yoast_head":"<!-- This site is optimized with the Yoast SEO plugin v25.6 - https:\/\/yoast.com\/wordpress\/plugins\/seo\/ -->\n<title>\u00c1O SKULL - DULIO - Made Yours<\/title>\n<meta name=\"robots\" content=\"index, follow, max-snippet:-1, max-image-preview:large, max-video-preview:-1\" \/>\n<link rel=\"canonical\" href=\"https:\/\/dulio.vn\/?product=317\" \/>\n<meta property=\"og:locale\" content=\"en_US\" \/>\n<meta property=\"og:type\" content=\"article\" \/>\n<meta property=\"og:title\" content=\"\u00c1O SKULL - DULIO - Made Yours\" \/>\n<meta property=\"og:description\" content=\"Chi\u1ebfc \u00e1o ph\u00f4ng m\u00e0u \u0111en n\u00e0y n\u1ed5i b\u1eadt v\u1edbi h\u00ecnh in \u0111\u1ea7u l\u00e2u ngh\u1ec7 thu\u1eadt \u1edf gi\u1eefa. \u0110\u1ea7u l\u00e2u \u0111\u01b0\u1ee3c thi\u1ebft k\u1ebf theo phong c\u00e1ch \u0111\u1ed5 b\u00f3ng, v\u1edbi m\u1ed9t n\u1eeda m\u00e0u t\u00edm v\u00e0 n\u1eeda c\u00f2n l\u1ea1i m\u00e0u tr\u1eafng ng\u00e0. M\u1ed9t b\u00e0n tay x\u01b0\u01a1ng x\u1ea9u che m\u1eb7t, t\u1ea1o d\u00e1ng v\u1ebb b\u00ed \u1ea9n. Ph\u00eda sau \u0111\u1ea7u l\u00e2u l\u00e0 v\u1ea7ng s\u00e1ng h\u00ecnh ng\u00f4i sao. Ch\u1eef &quot;DULIO&quot; m\u00e0u t\u00edm \u0111\u01b0\u1ee3c in d\u1ecdc b\u00ean tr\u00e1i \u0111\u1ea7u l\u00e2u, t\u1ea1o n\u00ean t\u1ed5ng th\u1ec3 c\u00e1 t\u00ednh v\u00e0 hi\u1ec7n \u0111\u1ea1i. \u2022 100% Cotton \u2022 Relaxed\/Loose Fit \u2022 H\u1ecda ti\u1ebft h\u00ecnh \u0111\u1ea7u l\u00e2u\" \/>\n<meta property=\"og:url\" content=\"https:\/\/dulio.vn\/?product=317\" \/>\n<meta property=\"og:site_name\" content=\"DULIO - Made Yours\" \/>\n<meta property=\"article:modified_time\" content=\"2025-08-07T08:30:56+00:00\" \/>\n<meta property=\"og:image\" content=\"https:\/\/dulio.vn\/wp-content\/uploads\/2025\/08\/skull-front-black.png\" \/>\n\t<meta property=\"og:image:width\" content=\"2000\" \/>\n\t<meta property=\"og:image:height\" content=\"1596\" \/>\n\t<meta property=\"og:image:type\" content=\"image\/png\" \/>\n<meta name=\"twitter:card\" content=\"summary_large_image\" \/>\n<meta name=\"twitter:label1\" content=\"Est. reading time\" \/>\n\t<meta name=\"twitter:data1\" content=\"1 minute\" \/>\n<script type=\"application\/ld+json\" class=\"yoast-schema-graph\">{\"@context\":\"https:\/\/schema.org\",\"@graph\":[{\"@type\":\"WebPage\",\"@id\":\"https:\/\/dulio.vn\/?product=317\",\"url\":\"https:\/\/dulio.vn\/?product=317\",\"name\":\"\u00c1O SKULL - DULIO - Made Yours\",\"isPartOf\":{\"@id\":\"https:\/\/dulio.vn\/#website\"},\"primaryImageOfPage\":{\"@id\":\"https:\/\/dulio.vn\/?product=317#primaryimage\"},\"image\":{\"@id\":\"https:\/\/dulio.vn\/?product=317#primaryimage\"},\"thumbnailUrl\":\"https:\/\/dulio.vn\/wp-content\/uploads\/2025\/08\/skull-front-black.png\",\"datePublished\":\"2020-12-02T09:56:43+00:00\",\"dateModified\":\"2025-08-07T08:30:56+00:00\",\"breadcrumb\":{\"@id\":\"https:\/\/dulio.vn\/?product=317#breadcrumb\"},\"inLanguage\":\"en-US\",\"potentialAction\":[{\"@type\":\"ReadAction\",\"target\":[\"https:\/\/dulio.vn\/?product=317\"]}]},{\"@type\":\"ImageObject\",\"inLanguage\":\"en-US\",\"@id\":\"https:\/\/dulio.vn\/?product=317#primaryimage\",\"url\":\"https:\/\/dulio.vn\/wp-content\/uploads\/2025\/08\/skull-front-black.png\",\"contentUrl\":\"https:\/\/dulio.vn\/wp-content\/uploads\/2025\/08\/skull-front-black.png\",\"width\":2000,\"height\":1596},{\"@type\":\"BreadcrumbList\",\"@id\":\"https:\/\/dulio.vn\/?product=317#breadcrumb\",\"itemListElement\":[{\"@type\":\"ListItem\",\"position\":1,\"name\":\"Home\",\"item\":\"https:\/\/dulio.vn\/\"},{\"@type\":\"ListItem\",\"position\":2,\"name\":\"Shop\",\"item\":\"https:\/\/dulio.vn\/?page_id=8\"},{\"@type\":\"ListItem\",\"position\":3,\"name\":\"\u00c1O SKULL\"}]},{\"@type\":\"WebSite\",\"@id\":\"https:\/\/dulio.vn\/#website\",\"url\":\"https:\/\/dulio.vn\/\",\"name\":\"DULIO - Made Yours\",\"description\":\"Dulio, dulio, DULIO\",\"publisher\":{\"@id\":\"https:\/\/dulio.vn\/#organization\"},\"potentialAction\":[{\"@type\":\"SearchAction\",\"target\":{\"@type\":\"EntryPoint\",\"urlTemplate\":\"https:\/\/dulio.vn\/?s={search_term_string}\"},\"query-input\":{\"@type\":\"PropertyValueSpecification\",\"valueRequired\":true,\"valueName\":\"search_term_string\"}}],\"inLanguage\":\"en-US\"},{\"@type\":\"Organization\",\"@id\":\"https:\/\/dulio.vn\/#organization\",\"name\":\"DULIO - Made Yours\",\"url\":\"https:\/\/dulio.vn\/\",\"logo\":{\"@type\":\"ImageObject\",\"inLanguage\":\"en-US\",\"@id\":\"https:\/\/dulio.vn\/#\/schema\/logo\/image\/\",\"url\":\"https:\/\/dulio.vn\/wp-content\/uploads\/2025\/08\/cropped-okok.png\",\"contentUrl\":\"https:\/\/dulio.vn\/wp-content\/uploads\/2025\/08\/cropped-okok.png\",\"width\":1844,\"height\":460,\"caption\":\"DULIO - Made Yours\"},\"image\":{\"@id\":\"https:\/\/dulio.vn\/#\/schema\/logo\/image\/\"}}]}<\/script>\n<!-- \/ Yoast SEO plugin. -->","yoast_head_json":{"title":"\u00c1O SKULL - DULIO - Made Yours","robots":{"index":"index","follow":"follow","max-snippet":"max-snippet:-1","max-image-preview":"max-image-preview:large","max-video-preview":"max-video-preview:-1"},"canonical":"https:\/\/dulio.vn\/?product=317","og_locale":"en_US","og_type":"article","og_title":"\u00c1O SKULL - DULIO - Made Yours","og_description":"Chi\u1ebfc \u00e1o ph\u00f4ng m\u00e0u \u0111en n\u00e0y n\u1ed5i b\u1eadt v\u1edbi h\u00ecnh in \u0111\u1ea7u l\u00e2u ngh\u1ec7 thu\u1eadt \u1edf gi\u1eefa. \u0110\u1ea7u l\u00e2u \u0111\u01b0\u1ee3c thi\u1ebft k\u1ebf theo phong c\u00e1ch \u0111\u1ed5 b\u00f3ng, v\u1edbi m\u1ed9t n\u1eeda m\u00e0u t\u00edm v\u00e0 n\u1eeda c\u00f2n l\u1ea1i m\u00e0u tr\u1eafng ng\u00e0. M\u1ed9t b\u00e0n tay x\u01b0\u01a1ng x\u1ea9u che m\u1eb7t, t\u1ea1o d\u00e1ng v\u1ebb b\u00ed \u1ea9n. Ph\u00eda sau \u0111\u1ea7u l\u00e2u l\u00e0 v\u1ea7ng s\u00e1ng h\u00ecnh ng\u00f4i sao. Ch\u1eef \"DULIO\" m\u00e0u t\u00edm \u0111\u01b0\u1ee3c in d\u1ecdc b\u00ean tr\u00e1i \u0111\u1ea7u l\u00e2u, t\u1ea1o n\u00ean t\u1ed5ng th\u1ec3 c\u00e1 t\u00ednh v\u00e0 hi\u1ec7n \u0111\u1ea1i. \u2022 100% Cotton \u2022 Relaxed\/Loose Fit \u2022 H\u1ecda ti\u1ebft h\u00ecnh \u0111\u1ea7u l\u00e2u","og_url":"https:\/\/dulio.vn\/?product=317","og_site_name":"DULIO - Made Yours","article_modified_time":"2025-08-07T08:30:56+00:00","og_image":[{"width":2000,"height":1596,"url":"https:\/\/dulio.vn\/wp-content\/uploads\/2025\/08\/skull-front-black.png","type":"image\/png"}],"twitter_card":"summary_large_image","twitter_misc":{"Est. reading time":"1 minute"},"schema":{"@context":"https:\/\/schema.org","@graph":[{"@type":"WebPage","@id":"https:\/\/dulio.vn\/?product=317","url":"https:\/\/dulio.vn\/?product=317","name":"\u00c1O SKULL - DULIO - Made Yours","isPartOf":{"@id":"https:\/\/dulio.vn\/#website"},"primaryImageOfPage":{"@id":"https:\/\/dulio.vn\/?product=317#primaryimage"},"image":{"@id":"https:\/\/dulio.vn\/?product=317#primaryimage"},"thumbnailUrl":"https:\/\/dulio.vn\/wp-content\/uploads\/2025\/08\/skull-front-black.png","datePublished":"2020-12-02T09:56:43+00:00","dateModified":"2025-08-07T08:30:56+00:00","breadcrumb":{"@id":"https:\/\/dulio.vn\/?product=317#breadcrumb"},"inLanguage":"en-US","potentialAction":[{"@type":"ReadAction","target":["https:\/\/dulio.vn\/?product=317"]}]},{"@type":"ImageObject","inLanguage":"en-US","@id":"https:\/\/dulio.vn\/?product=317#primaryimage","url":"https:\/\/dulio.vn\/wp-content\/uploads\/2025\/08\/skull-front-black.png","contentUrl":"https:\/\/dulio.vn\/wp-content\/uploads\/2025\/08\/skull-front-black.png","width":2000,"height":1596},{"@type":"BreadcrumbList","@id":"https:\/\/dulio.vn\/?product=317#breadcrumb","itemListElement":[{"@type":"ListItem","position":1,"name":"Home","item":"https:\/\/dulio.vn\/"},{"@type":"ListItem","position":2,"name":"Shop","item":"https:\/\/dulio.vn\/?page_id=8"},{"@type":"ListItem","position":3,"name":"\u00c1O SKULL"}]},{"@type":"WebSite","@id":"https:\/\/dulio.vn\/#website","url":"https:\/\/dulio.vn\/","name":"DULIO - Made Yours","description":"Dulio, dulio, DULIO","publisher":{"@id":"https:\/\/dulio.vn\/#organization"},"potentialAction":[{"@type":"SearchAction","target":{"@type":"EntryPoint","urlTemplate":"https:\/\/dulio.vn\/?s={search_term_string}"},"query-input":{"@type":"PropertyValueSpecification","valueRequired":true,"valueName":"search_term_string"}}],"inLanguage":"en-US"},{"@type":"Organization","@id":"https:\/\/dulio.vn\/#organization","name":"DULIO - Made Yours","url":"https:\/\/dulio.vn\/","logo":{"@type":"ImageObject","inLanguage":"en-US","@id":"https:\/\/dulio.vn\/#\/schema\/logo\/image\/","url":"https:\/\/dulio.vn\/wp-content\/uploads\/2025\/08\/cropped-okok.png","contentUrl":"https:\/\/dulio.vn\/wp-content\/uploads\/2025\/08\/cropped-okok.png","width":1844,"height":460,"caption":"DULIO - Made Yours"},"image":{"@id":"https:\/\/dulio.vn\/#\/schema\/logo\/image\/"}}]}},"_links":{"self":[{"href":"https:\/\/dulio.vn\/index.php?rest_route=\/wp\/v2\/product\/317","targetHints":{"allow":["GET"]}}],"collection":[{"href":"https:\/\/dulio.vn\/index.php?rest_route=\/wp\/v2\/product"}],"about":[{"href":"https:\/\/dulio.vn\/index.php?rest_route=\/wp\/v2\/types\/product"}],"replies":[{"embeddable":true,"href":"https:\/\/dulio.vn\/index.php?rest_route=%2Fwp%2Fv2%2Fcomments&post=317"}],"wp:featuredmedia":[{"embeddable":true,"href":"https:\/\/dulio.vn\/index.php?rest_route=\/wp\/v2\/media\/475"}],"wp:attachment":[{"href":"https:\/\/dulio.vn\/index.php?rest_route=%2Fwp%2Fv2%2Fmedia&parent=317"}],"wp:term":[{"taxonomy":"product_brand","embeddable":true,"href":"https:\/\/dulio.vn\/index.php?rest_route=%2Fwp%2Fv2%2Fproduct_brand&post=317"},{"taxonomy":"product_cat","embeddable":true,"href":"https:\/\/dulio.vn\/index.php?rest_route=%2Fwp%2Fv2%2Fproduct_cat&post=317"},{"taxonomy":"product_tag","embeddable":true,"href":"https:\/\/dulio.vn\/index.php?rest_route=%2Fwp%2Fv2%2Fproduct_tag&post=317"}],"curies":[{"name":"wp","href":"https:\/\/api.w.org\/{rel}","templated":true}]}}