{"id":318,"date":"2020-12-02T09:57:55","date_gmt":"2020-12-02T09:57:55","guid":{"rendered":"https:\/\/www.cssigniter.com\/demos\/amaryllis\/?post_type=product&#038;p=65"},"modified":"2025-08-07T08:30:44","modified_gmt":"2025-08-07T08:30:44","slug":"318","status":"publish","type":"product","link":"https:\/\/dulio.vn\/?product=318","title":{"rendered":"\u00c1O FAKE PASS"},"content":{"rendered":"","protected":false},"excerpt":{"rendered":"<h4>\u0110i\u1ec3m \u0111\u1eb7c bi\u1ec7t c\u1ee7a chi\u1ebfc \u00e1o n\u1eb1m \u1edf h\u1ecda ti\u1ebft h\u00ecnh ch\u1eef nh\u1eadt bo tr\u00f2n m\u00e0u \u0111\u1ecf \u0111\u01b0\u1ee3c in \u1edf ch\u00ednh gi\u1eefa ng\u1ef1c. B\u00ean trong h\u00ecnh ch\u1eef nh\u1eadt n\u00e0y l\u00e0 d\u00f2ng ch\u1eef &#8220;FAKE&#8221; \u1edf tr\u00ean v\u00e0 &#8220;PASS&#8221; \u1edf d\u01b0\u1edbi, \u0111\u01b0\u1ee3c s\u1eafp x\u1ebfp theo chi\u1ec1u d\u1ecdc v\u00e0 in b\u1eb1ng m\u00e0u tr\u1eafng v\u1edbi ph\u00f4ng ch\u1eef \u0111\u1eadm, c\u00e1 t\u00ednh. Ch\u1eef &#8220;FAKE&#8221; c\u00f3 k\u00edch th\u01b0\u1edbc l\u1edbn h\u01a1n ch\u1eef &#8220;PASS&#8221;. G\u00f3c tr\u00ean b\u00ean ph\u1ea3i c\u1ee7a h\u00ecnh ch\u1eef nh\u1eadt m\u00e0u \u0111\u1ecf c\u00f3 k\u00fd hi\u1ec7u b\u1ea3n quy\u1ec1n \u00ae nh\u1ecf m\u00e0u tr\u1eafng.\u0110i\u1ec3m c\u1ea7n l\u01b0u \u00fd l\u00e0 h\u1ecda ti\u1ebft h\u00ecnh ch\u1eef nh\u1eadt m\u00e0u \u0111\u1ecf n\u00e0y \u0111\u01b0\u1ee3c d\u1eadp n\u1ed5i l\u00ean b\u1ec1 m\u1eb7t \u00e1o. \u0110i\u1ec1u n\u00e0y t\u1ea1o hi\u1ec7u \u1ee9ng 3D nh\u1eb9, mang \u0111\u1ebfn c\u1ea3m gi\u00e1c s\u1edd \u0111\u01b0\u1ee3c v\u00e0 t\u0103ng th\u00eam s\u1ef1 \u0111\u1ed9c \u0111\u00e1o, thu h\u00fat cho chi\u1ebfc \u00e1o so v\u1edbi c\u00e1c h\u00ecnh in ph\u1eb3ng th\u00f4ng th\u01b0\u1eddng.<\/h4>\n<h4>\u2022 100% Cotton<br \/>\n\u2022 Relaxed\/Loose Fit<br \/>\n\u2022 H\u1ecda ti\u1ebft h\u00ecnh vu\u00f4ng gi\u1eefa \u00e1o<br \/>\n\u2022 Hi\u1ec7u \u1ee9ng n\u1ed5i<\/h4>\n","protected":false},"featured_media":474,"comment_status":"open","ping_status":"closed","template":"","meta":{"inline_featured_image":false},"product_brand":[],"product_cat":[32,20,33],"product_tag":[],"class_list":{"0":"post-318","1":"product","2":"type-product","3":"status-publish","4":"has-post-thumbnail","6":"product_cat-ao-graphic","7":"product_cat-shop-all","8":"product_cat-tops","10":"first","11":"instock","12":"shipping-taxable","13":"purchasable","14":"product-type-variable"},"yoast_head":"<!-- This site is optimized with the Yoast SEO plugin v25.6 - https:\/\/yoast.com\/wordpress\/plugins\/seo\/ -->\n<title>\u00c1O FAKE PASS - DULIO - Made Yours<\/title>\n<meta name=\"robots\" content=\"index, follow, max-snippet:-1, max-image-preview:large, max-video-preview:-1\" \/>\n<link rel=\"canonical\" href=\"https:\/\/dulio.vn\/?product=318\" \/>\n<meta property=\"og:locale\" content=\"en_US\" \/>\n<meta property=\"og:type\" content=\"article\" \/>\n<meta property=\"og:title\" content=\"\u00c1O FAKE PASS - DULIO - Made Yours\" \/>\n<meta property=\"og:description\" content=\"\u0110i\u1ec3m \u0111\u1eb7c bi\u1ec7t c\u1ee7a chi\u1ebfc \u00e1o n\u1eb1m \u1edf h\u1ecda ti\u1ebft h\u00ecnh ch\u1eef nh\u1eadt bo tr\u00f2n m\u00e0u \u0111\u1ecf \u0111\u01b0\u1ee3c in \u1edf ch\u00ednh gi\u1eefa ng\u1ef1c. B\u00ean trong h\u00ecnh ch\u1eef nh\u1eadt n\u00e0y l\u00e0 d\u00f2ng ch\u1eef &quot;FAKE&quot; \u1edf tr\u00ean v\u00e0 &quot;PASS&quot; \u1edf d\u01b0\u1edbi, \u0111\u01b0\u1ee3c s\u1eafp x\u1ebfp theo chi\u1ec1u d\u1ecdc v\u00e0 in b\u1eb1ng m\u00e0u tr\u1eafng v\u1edbi ph\u00f4ng ch\u1eef \u0111\u1eadm, c\u00e1 t\u00ednh. Ch\u1eef &quot;FAKE&quot; c\u00f3 k\u00edch th\u01b0\u1edbc l\u1edbn h\u01a1n ch\u1eef &quot;PASS&quot;. G\u00f3c tr\u00ean b\u00ean ph\u1ea3i c\u1ee7a h\u00ecnh ch\u1eef nh\u1eadt m\u00e0u \u0111\u1ecf c\u00f3 k\u00fd hi\u1ec7u b\u1ea3n quy\u1ec1n \u00ae nh\u1ecf m\u00e0u tr\u1eafng.\u0110i\u1ec3m c\u1ea7n l\u01b0u \u00fd l\u00e0 h\u1ecda ti\u1ebft h\u00ecnh ch\u1eef nh\u1eadt m\u00e0u \u0111\u1ecf n\u00e0y \u0111\u01b0\u1ee3c d\u1eadp n\u1ed5i l\u00ean b\u1ec1 m\u1eb7t \u00e1o. \u0110i\u1ec1u n\u00e0y t\u1ea1o hi\u1ec7u \u1ee9ng 3D nh\u1eb9, mang \u0111\u1ebfn c\u1ea3m gi\u00e1c s\u1edd \u0111\u01b0\u1ee3c v\u00e0 t\u0103ng th\u00eam s\u1ef1 \u0111\u1ed9c \u0111\u00e1o, thu h\u00fat cho chi\u1ebfc \u00e1o so v\u1edbi c\u00e1c h\u00ecnh in ph\u1eb3ng th\u00f4ng th\u01b0\u1eddng. \u2022 100% Cotton \u2022 Relaxed\/Loose Fit \u2022 H\u1ecda ti\u1ebft h\u00ecnh vu\u00f4ng gi\u1eefa \u00e1o \u2022 Hi\u1ec7u \u1ee9ng n\u1ed5i\" \/>\n<meta property=\"og:url\" content=\"https:\/\/dulio.vn\/?product=318\" \/>\n<meta property=\"og:site_name\" content=\"DULIO - Made Yours\" \/>\n<meta property=\"article:modified_time\" content=\"2025-08-07T08:30:44+00:00\" \/>\n<meta property=\"og:image\" content=\"https:\/\/dulio.vn\/wp-content\/uploads\/2025\/08\/fakepass-front-macchiato.png\" \/>\n\t<meta property=\"og:image:width\" content=\"2000\" \/>\n\t<meta property=\"og:image:height\" content=\"1595\" \/>\n\t<meta property=\"og:image:type\" content=\"image\/png\" \/>\n<meta name=\"twitter:card\" content=\"summary_large_image\" \/>\n<meta name=\"twitter:label1\" content=\"Est. reading time\" \/>\n\t<meta name=\"twitter:data1\" content=\"1 minute\" \/>\n<script type=\"application\/ld+json\" class=\"yoast-schema-graph\">{\"@context\":\"https:\/\/schema.org\",\"@graph\":[{\"@type\":\"WebPage\",\"@id\":\"https:\/\/dulio.vn\/?product=318\",\"url\":\"https:\/\/dulio.vn\/?product=318\",\"name\":\"\u00c1O FAKE PASS - DULIO - Made Yours\",\"isPartOf\":{\"@id\":\"https:\/\/dulio.vn\/#website\"},\"primaryImageOfPage\":{\"@id\":\"https:\/\/dulio.vn\/?product=318#primaryimage\"},\"image\":{\"@id\":\"https:\/\/dulio.vn\/?product=318#primaryimage\"},\"thumbnailUrl\":\"https:\/\/dulio.vn\/wp-content\/uploads\/2025\/08\/fakepass-front-macchiato.png\",\"datePublished\":\"2020-12-02T09:57:55+00:00\",\"dateModified\":\"2025-08-07T08:30:44+00:00\",\"breadcrumb\":{\"@id\":\"https:\/\/dulio.vn\/?product=318#breadcrumb\"},\"inLanguage\":\"en-US\",\"potentialAction\":[{\"@type\":\"ReadAction\",\"target\":[\"https:\/\/dulio.vn\/?product=318\"]}]},{\"@type\":\"ImageObject\",\"inLanguage\":\"en-US\",\"@id\":\"https:\/\/dulio.vn\/?product=318#primaryimage\",\"url\":\"https:\/\/dulio.vn\/wp-content\/uploads\/2025\/08\/fakepass-front-macchiato.png\",\"contentUrl\":\"https:\/\/dulio.vn\/wp-content\/uploads\/2025\/08\/fakepass-front-macchiato.png\",\"width\":2000,\"height\":1595},{\"@type\":\"BreadcrumbList\",\"@id\":\"https:\/\/dulio.vn\/?product=318#breadcrumb\",\"itemListElement\":[{\"@type\":\"ListItem\",\"position\":1,\"name\":\"Home\",\"item\":\"https:\/\/dulio.vn\/\"},{\"@type\":\"ListItem\",\"position\":2,\"name\":\"Shop\",\"item\":\"https:\/\/dulio.vn\/?page_id=8\"},{\"@type\":\"ListItem\",\"position\":3,\"name\":\"\u00c1O FAKE PASS\"}]},{\"@type\":\"WebSite\",\"@id\":\"https:\/\/dulio.vn\/#website\",\"url\":\"https:\/\/dulio.vn\/\",\"name\":\"DULIO - Made Yours\",\"description\":\"Dulio, dulio, DULIO\",\"publisher\":{\"@id\":\"https:\/\/dulio.vn\/#organization\"},\"potentialAction\":[{\"@type\":\"SearchAction\",\"target\":{\"@type\":\"EntryPoint\",\"urlTemplate\":\"https:\/\/dulio.vn\/?s={search_term_string}\"},\"query-input\":{\"@type\":\"PropertyValueSpecification\",\"valueRequired\":true,\"valueName\":\"search_term_string\"}}],\"inLanguage\":\"en-US\"},{\"@type\":\"Organization\",\"@id\":\"https:\/\/dulio.vn\/#organization\",\"name\":\"DULIO - Made Yours\",\"url\":\"https:\/\/dulio.vn\/\",\"logo\":{\"@type\":\"ImageObject\",\"inLanguage\":\"en-US\",\"@id\":\"https:\/\/dulio.vn\/#\/schema\/logo\/image\/\",\"url\":\"https:\/\/dulio.vn\/wp-content\/uploads\/2025\/08\/cropped-okok.png\",\"contentUrl\":\"https:\/\/dulio.vn\/wp-content\/uploads\/2025\/08\/cropped-okok.png\",\"width\":1844,\"height\":460,\"caption\":\"DULIO - Made Yours\"},\"image\":{\"@id\":\"https:\/\/dulio.vn\/#\/schema\/logo\/image\/\"}}]}<\/script>\n<!-- \/ Yoast SEO plugin. -->","yoast_head_json":{"title":"\u00c1O FAKE PASS - DULIO - Made Yours","robots":{"index":"index","follow":"follow","max-snippet":"max-snippet:-1","max-image-preview":"max-image-preview:large","max-video-preview":"max-video-preview:-1"},"canonical":"https:\/\/dulio.vn\/?product=318","og_locale":"en_US","og_type":"article","og_title":"\u00c1O FAKE PASS - DULIO - Made Yours","og_description":"\u0110i\u1ec3m \u0111\u1eb7c bi\u1ec7t c\u1ee7a chi\u1ebfc \u00e1o n\u1eb1m \u1edf h\u1ecda ti\u1ebft h\u00ecnh ch\u1eef nh\u1eadt bo tr\u00f2n m\u00e0u \u0111\u1ecf \u0111\u01b0\u1ee3c in \u1edf ch\u00ednh gi\u1eefa ng\u1ef1c. B\u00ean trong h\u00ecnh ch\u1eef nh\u1eadt n\u00e0y l\u00e0 d\u00f2ng ch\u1eef \"FAKE\" \u1edf tr\u00ean v\u00e0 \"PASS\" \u1edf d\u01b0\u1edbi, \u0111\u01b0\u1ee3c s\u1eafp x\u1ebfp theo chi\u1ec1u d\u1ecdc v\u00e0 in b\u1eb1ng m\u00e0u tr\u1eafng v\u1edbi ph\u00f4ng ch\u1eef \u0111\u1eadm, c\u00e1 t\u00ednh. Ch\u1eef \"FAKE\" c\u00f3 k\u00edch th\u01b0\u1edbc l\u1edbn h\u01a1n ch\u1eef \"PASS\". G\u00f3c tr\u00ean b\u00ean ph\u1ea3i c\u1ee7a h\u00ecnh ch\u1eef nh\u1eadt m\u00e0u \u0111\u1ecf c\u00f3 k\u00fd hi\u1ec7u b\u1ea3n quy\u1ec1n \u00ae nh\u1ecf m\u00e0u tr\u1eafng.\u0110i\u1ec3m c\u1ea7n l\u01b0u \u00fd l\u00e0 h\u1ecda ti\u1ebft h\u00ecnh ch\u1eef nh\u1eadt m\u00e0u \u0111\u1ecf n\u00e0y \u0111\u01b0\u1ee3c d\u1eadp n\u1ed5i l\u00ean b\u1ec1 m\u1eb7t \u00e1o. \u0110i\u1ec1u n\u00e0y t\u1ea1o hi\u1ec7u \u1ee9ng 3D nh\u1eb9, mang \u0111\u1ebfn c\u1ea3m gi\u00e1c s\u1edd \u0111\u01b0\u1ee3c v\u00e0 t\u0103ng th\u00eam s\u1ef1 \u0111\u1ed9c \u0111\u00e1o, thu h\u00fat cho chi\u1ebfc \u00e1o so v\u1edbi c\u00e1c h\u00ecnh in ph\u1eb3ng th\u00f4ng th\u01b0\u1eddng. \u2022 100% Cotton \u2022 Relaxed\/Loose Fit \u2022 H\u1ecda ti\u1ebft h\u00ecnh vu\u00f4ng gi\u1eefa \u00e1o \u2022 Hi\u1ec7u \u1ee9ng n\u1ed5i","og_url":"https:\/\/dulio.vn\/?product=318","og_site_name":"DULIO - Made Yours","article_modified_time":"2025-08-07T08:30:44+00:00","og_image":[{"width":2000,"height":1595,"url":"https:\/\/dulio.vn\/wp-content\/uploads\/2025\/08\/fakepass-front-macchiato.png","type":"image\/png"}],"twitter_card":"summary_large_image","twitter_misc":{"Est. reading time":"1 minute"},"schema":{"@context":"https:\/\/schema.org","@graph":[{"@type":"WebPage","@id":"https:\/\/dulio.vn\/?product=318","url":"https:\/\/dulio.vn\/?product=318","name":"\u00c1O FAKE PASS - DULIO - Made Yours","isPartOf":{"@id":"https:\/\/dulio.vn\/#website"},"primaryImageOfPage":{"@id":"https:\/\/dulio.vn\/?product=318#primaryimage"},"image":{"@id":"https:\/\/dulio.vn\/?product=318#primaryimage"},"thumbnailUrl":"https:\/\/dulio.vn\/wp-content\/uploads\/2025\/08\/fakepass-front-macchiato.png","datePublished":"2020-12-02T09:57:55+00:00","dateModified":"2025-08-07T08:30:44+00:00","breadcrumb":{"@id":"https:\/\/dulio.vn\/?product=318#breadcrumb"},"inLanguage":"en-US","potentialAction":[{"@type":"ReadAction","target":["https:\/\/dulio.vn\/?product=318"]}]},{"@type":"ImageObject","inLanguage":"en-US","@id":"https:\/\/dulio.vn\/?product=318#primaryimage","url":"https:\/\/dulio.vn\/wp-content\/uploads\/2025\/08\/fakepass-front-macchiato.png","contentUrl":"https:\/\/dulio.vn\/wp-content\/uploads\/2025\/08\/fakepass-front-macchiato.png","width":2000,"height":1595},{"@type":"BreadcrumbList","@id":"https:\/\/dulio.vn\/?product=318#breadcrumb","itemListElement":[{"@type":"ListItem","position":1,"name":"Home","item":"https:\/\/dulio.vn\/"},{"@type":"ListItem","position":2,"name":"Shop","item":"https:\/\/dulio.vn\/?page_id=8"},{"@type":"ListItem","position":3,"name":"\u00c1O FAKE PASS"}]},{"@type":"WebSite","@id":"https:\/\/dulio.vn\/#website","url":"https:\/\/dulio.vn\/","name":"DULIO - Made Yours","description":"Dulio, dulio, DULIO","publisher":{"@id":"https:\/\/dulio.vn\/#organization"},"potentialAction":[{"@type":"SearchAction","target":{"@type":"EntryPoint","urlTemplate":"https:\/\/dulio.vn\/?s={search_term_string}"},"query-input":{"@type":"PropertyValueSpecification","valueRequired":true,"valueName":"search_term_string"}}],"inLanguage":"en-US"},{"@type":"Organization","@id":"https:\/\/dulio.vn\/#organization","name":"DULIO - Made Yours","url":"https:\/\/dulio.vn\/","logo":{"@type":"ImageObject","inLanguage":"en-US","@id":"https:\/\/dulio.vn\/#\/schema\/logo\/image\/","url":"https:\/\/dulio.vn\/wp-content\/uploads\/2025\/08\/cropped-okok.png","contentUrl":"https:\/\/dulio.vn\/wp-content\/uploads\/2025\/08\/cropped-okok.png","width":1844,"height":460,"caption":"DULIO - Made Yours"},"image":{"@id":"https:\/\/dulio.vn\/#\/schema\/logo\/image\/"}}]}},"_links":{"self":[{"href":"https:\/\/dulio.vn\/index.php?rest_route=\/wp\/v2\/product\/318","targetHints":{"allow":["GET"]}}],"collection":[{"href":"https:\/\/dulio.vn\/index.php?rest_route=\/wp\/v2\/product"}],"about":[{"href":"https:\/\/dulio.vn\/index.php?rest_route=\/wp\/v2\/types\/product"}],"replies":[{"embeddable":true,"href":"https:\/\/dulio.vn\/index.php?rest_route=%2Fwp%2Fv2%2Fcomments&post=318"}],"wp:featuredmedia":[{"embeddable":true,"href":"https:\/\/dulio.vn\/index.php?rest_route=\/wp\/v2\/media\/474"}],"wp:attachment":[{"href":"https:\/\/dulio.vn\/index.php?rest_route=%2Fwp%2Fv2%2Fmedia&parent=318"}],"wp:term":[{"taxonomy":"product_brand","embeddable":true,"href":"https:\/\/dulio.vn\/index.php?rest_route=%2Fwp%2Fv2%2Fproduct_brand&post=318"},{"taxonomy":"product_cat","embeddable":true,"href":"https:\/\/dulio.vn\/index.php?rest_route=%2Fwp%2Fv2%2Fproduct_cat&post=318"},{"taxonomy":"product_tag","embeddable":true,"href":"https:\/\/dulio.vn\/index.php?rest_route=%2Fwp%2Fv2%2Fproduct_tag&post=318"}],"curies":[{"name":"wp","href":"https:\/\/api.w.org\/{rel}","templated":true}]}}