{"id":321,"date":"2020-12-02T10:06:21","date_gmt":"2020-12-02T10:06:21","guid":{"rendered":"https:\/\/www.cssigniter.com\/demos\/amaryllis\/?post_type=product&#038;p=71"},"modified":"2025-08-07T08:30:31","modified_gmt":"2025-08-07T08:30:31","slug":"321","status":"publish","type":"product","link":"https:\/\/dulio.vn\/?product=321","title":{"rendered":"\u00c1O FADE TR\u1eaeNG"},"content":{"rendered":"","protected":false},"excerpt":{"rendered":"<h4>Chi\u1ebfc \u00e1o thun DULIO tr\u1eafng, form oversized, l\u00e0 tuy\u00ean ng\u00f4n t\u00e1o b\u1ea1o cho nh\u1eefng t\u00e2m h\u1ed3n kh\u00f4ng ng\u1ea1i kh\u00e1c bi\u1ec7t. N\u1ed5i b\u1eadt v\u1edbi h\u00ecnh in phong c\u00e1ch pop-art \u0111\u1ea7y m\u00e0u s\u1eafc, kh\u1eafc h\u1ecda hai b\u1ed9 x\u01b0\u01a1ng n\u0103ng \u0111\u1ed9ng c\u00f9ng th\u00f4ng \u0111i\u1ec7p m\u1ea1nh m\u1ebd\u00a0<b>&#8220;FEAR FADES, BONES REMAIN&#8221;<\/b>. \u0110\u00e2y l\u00e0 item ho\u00e0n h\u1ea3o \u0111\u1ec3 b\u1ea1n t\u1ef1 tin th\u1ec3 hi\u1ec7n c\u00e1 t\u00ednh \u0111\u1ed9c \u0111\u00e1o v\u00e0 tinh th\u1ea7n b\u1ea5t khu\u1ea5t trong phong c\u00e1ch streetwear c\u1ee7a m\u00ecnh.<\/h4>\n<h4>\u2022 100% Cotton<br \/>\n\u2022 Relaxed\/Loose Fit<br \/>\n\u2022 H\u1ecda ti\u1ebft b\u1eaft m\u1eaft<\/h4>\n","protected":false},"featured_media":473,"comment_status":"open","ping_status":"closed","template":"","meta":{"inline_featured_image":false},"product_brand":[],"product_cat":[32,20,33],"product_tag":[],"class_list":{"0":"post-321","1":"product","2":"type-product","3":"status-publish","4":"has-post-thumbnail","6":"product_cat-ao-graphic","7":"product_cat-shop-all","8":"product_cat-tops","10":"first","11":"instock","12":"shipping-taxable","13":"purchasable","14":"product-type-variable"},"yoast_head":"<!-- This site is optimized with the Yoast SEO plugin v25.6 - https:\/\/yoast.com\/wordpress\/plugins\/seo\/ -->\n<title>\u00c1O FADE TR\u1eaeNG - DULIO - Made Yours<\/title>\n<meta name=\"robots\" content=\"index, follow, max-snippet:-1, max-image-preview:large, max-video-preview:-1\" \/>\n<link rel=\"canonical\" href=\"https:\/\/dulio.vn\/?product=321\" \/>\n<meta property=\"og:locale\" content=\"en_US\" \/>\n<meta property=\"og:type\" content=\"article\" \/>\n<meta property=\"og:title\" content=\"\u00c1O FADE TR\u1eaeNG - DULIO - Made Yours\" \/>\n<meta property=\"og:description\" content=\"Chi\u1ebfc \u00e1o thun DULIO tr\u1eafng, form oversized, l\u00e0 tuy\u00ean ng\u00f4n t\u00e1o b\u1ea1o cho nh\u1eefng t\u00e2m h\u1ed3n kh\u00f4ng ng\u1ea1i kh\u00e1c bi\u1ec7t. N\u1ed5i b\u1eadt v\u1edbi h\u00ecnh in phong c\u00e1ch pop-art \u0111\u1ea7y m\u00e0u s\u1eafc, kh\u1eafc h\u1ecda hai b\u1ed9 x\u01b0\u01a1ng n\u0103ng \u0111\u1ed9ng c\u00f9ng th\u00f4ng \u0111i\u1ec7p m\u1ea1nh m\u1ebd\u00a0&quot;FEAR FADES, BONES REMAIN&quot;. \u0110\u00e2y l\u00e0 item ho\u00e0n h\u1ea3o \u0111\u1ec3 b\u1ea1n t\u1ef1 tin th\u1ec3 hi\u1ec7n c\u00e1 t\u00ednh \u0111\u1ed9c \u0111\u00e1o v\u00e0 tinh th\u1ea7n b\u1ea5t khu\u1ea5t trong phong c\u00e1ch streetwear c\u1ee7a m\u00ecnh. \u2022 100% Cotton \u2022 Relaxed\/Loose Fit \u2022 H\u1ecda ti\u1ebft b\u1eaft m\u1eaft\" \/>\n<meta property=\"og:url\" content=\"https:\/\/dulio.vn\/?product=321\" \/>\n<meta property=\"og:site_name\" content=\"DULIO - Made Yours\" \/>\n<meta property=\"article:modified_time\" content=\"2025-08-07T08:30:31+00:00\" \/>\n<meta property=\"og:image\" content=\"https:\/\/dulio.vn\/wp-content\/uploads\/2025\/08\/fade-front-white.png\" \/>\n\t<meta property=\"og:image:width\" content=\"2000\" \/>\n\t<meta property=\"og:image:height\" content=\"1595\" \/>\n\t<meta property=\"og:image:type\" content=\"image\/png\" \/>\n<meta name=\"twitter:card\" content=\"summary_large_image\" \/>\n<meta name=\"twitter:label1\" content=\"Est. reading time\" \/>\n\t<meta name=\"twitter:data1\" content=\"1 minute\" \/>\n<script type=\"application\/ld+json\" class=\"yoast-schema-graph\">{\"@context\":\"https:\/\/schema.org\",\"@graph\":[{\"@type\":\"WebPage\",\"@id\":\"https:\/\/dulio.vn\/?product=321\",\"url\":\"https:\/\/dulio.vn\/?product=321\",\"name\":\"\u00c1O FADE TR\u1eaeNG - DULIO - Made Yours\",\"isPartOf\":{\"@id\":\"https:\/\/dulio.vn\/#website\"},\"primaryImageOfPage\":{\"@id\":\"https:\/\/dulio.vn\/?product=321#primaryimage\"},\"image\":{\"@id\":\"https:\/\/dulio.vn\/?product=321#primaryimage\"},\"thumbnailUrl\":\"https:\/\/dulio.vn\/wp-content\/uploads\/2025\/08\/fade-front-white.png\",\"datePublished\":\"2020-12-02T10:06:21+00:00\",\"dateModified\":\"2025-08-07T08:30:31+00:00\",\"breadcrumb\":{\"@id\":\"https:\/\/dulio.vn\/?product=321#breadcrumb\"},\"inLanguage\":\"en-US\",\"potentialAction\":[{\"@type\":\"ReadAction\",\"target\":[\"https:\/\/dulio.vn\/?product=321\"]}]},{\"@type\":\"ImageObject\",\"inLanguage\":\"en-US\",\"@id\":\"https:\/\/dulio.vn\/?product=321#primaryimage\",\"url\":\"https:\/\/dulio.vn\/wp-content\/uploads\/2025\/08\/fade-front-white.png\",\"contentUrl\":\"https:\/\/dulio.vn\/wp-content\/uploads\/2025\/08\/fade-front-white.png\",\"width\":2000,\"height\":1595},{\"@type\":\"BreadcrumbList\",\"@id\":\"https:\/\/dulio.vn\/?product=321#breadcrumb\",\"itemListElement\":[{\"@type\":\"ListItem\",\"position\":1,\"name\":\"Home\",\"item\":\"https:\/\/dulio.vn\/\"},{\"@type\":\"ListItem\",\"position\":2,\"name\":\"Shop\",\"item\":\"https:\/\/dulio.vn\/?page_id=8\"},{\"@type\":\"ListItem\",\"position\":3,\"name\":\"\u00c1O FADE TR\u1eaeNG\"}]},{\"@type\":\"WebSite\",\"@id\":\"https:\/\/dulio.vn\/#website\",\"url\":\"https:\/\/dulio.vn\/\",\"name\":\"DULIO - Made Yours\",\"description\":\"Dulio, dulio, DULIO\",\"publisher\":{\"@id\":\"https:\/\/dulio.vn\/#organization\"},\"potentialAction\":[{\"@type\":\"SearchAction\",\"target\":{\"@type\":\"EntryPoint\",\"urlTemplate\":\"https:\/\/dulio.vn\/?s={search_term_string}\"},\"query-input\":{\"@type\":\"PropertyValueSpecification\",\"valueRequired\":true,\"valueName\":\"search_term_string\"}}],\"inLanguage\":\"en-US\"},{\"@type\":\"Organization\",\"@id\":\"https:\/\/dulio.vn\/#organization\",\"name\":\"DULIO - Made Yours\",\"url\":\"https:\/\/dulio.vn\/\",\"logo\":{\"@type\":\"ImageObject\",\"inLanguage\":\"en-US\",\"@id\":\"https:\/\/dulio.vn\/#\/schema\/logo\/image\/\",\"url\":\"https:\/\/dulio.vn\/wp-content\/uploads\/2025\/08\/cropped-okok.png\",\"contentUrl\":\"https:\/\/dulio.vn\/wp-content\/uploads\/2025\/08\/cropped-okok.png\",\"width\":1844,\"height\":460,\"caption\":\"DULIO - Made Yours\"},\"image\":{\"@id\":\"https:\/\/dulio.vn\/#\/schema\/logo\/image\/\"}}]}<\/script>\n<!-- \/ Yoast SEO plugin. -->","yoast_head_json":{"title":"\u00c1O FADE TR\u1eaeNG - DULIO - Made Yours","robots":{"index":"index","follow":"follow","max-snippet":"max-snippet:-1","max-image-preview":"max-image-preview:large","max-video-preview":"max-video-preview:-1"},"canonical":"https:\/\/dulio.vn\/?product=321","og_locale":"en_US","og_type":"article","og_title":"\u00c1O FADE TR\u1eaeNG - DULIO - Made Yours","og_description":"Chi\u1ebfc \u00e1o thun DULIO tr\u1eafng, form oversized, l\u00e0 tuy\u00ean ng\u00f4n t\u00e1o b\u1ea1o cho nh\u1eefng t\u00e2m h\u1ed3n kh\u00f4ng ng\u1ea1i kh\u00e1c bi\u1ec7t. N\u1ed5i b\u1eadt v\u1edbi h\u00ecnh in phong c\u00e1ch pop-art \u0111\u1ea7y m\u00e0u s\u1eafc, kh\u1eafc h\u1ecda hai b\u1ed9 x\u01b0\u01a1ng n\u0103ng \u0111\u1ed9ng c\u00f9ng th\u00f4ng \u0111i\u1ec7p m\u1ea1nh m\u1ebd\u00a0\"FEAR FADES, BONES REMAIN\". \u0110\u00e2y l\u00e0 item ho\u00e0n h\u1ea3o \u0111\u1ec3 b\u1ea1n t\u1ef1 tin th\u1ec3 hi\u1ec7n c\u00e1 t\u00ednh \u0111\u1ed9c \u0111\u00e1o v\u00e0 tinh th\u1ea7n b\u1ea5t khu\u1ea5t trong phong c\u00e1ch streetwear c\u1ee7a m\u00ecnh. \u2022 100% Cotton \u2022 Relaxed\/Loose Fit \u2022 H\u1ecda ti\u1ebft b\u1eaft m\u1eaft","og_url":"https:\/\/dulio.vn\/?product=321","og_site_name":"DULIO - Made Yours","article_modified_time":"2025-08-07T08:30:31+00:00","og_image":[{"width":2000,"height":1595,"url":"https:\/\/dulio.vn\/wp-content\/uploads\/2025\/08\/fade-front-white.png","type":"image\/png"}],"twitter_card":"summary_large_image","twitter_misc":{"Est. reading time":"1 minute"},"schema":{"@context":"https:\/\/schema.org","@graph":[{"@type":"WebPage","@id":"https:\/\/dulio.vn\/?product=321","url":"https:\/\/dulio.vn\/?product=321","name":"\u00c1O FADE TR\u1eaeNG - DULIO - Made Yours","isPartOf":{"@id":"https:\/\/dulio.vn\/#website"},"primaryImageOfPage":{"@id":"https:\/\/dulio.vn\/?product=321#primaryimage"},"image":{"@id":"https:\/\/dulio.vn\/?product=321#primaryimage"},"thumbnailUrl":"https:\/\/dulio.vn\/wp-content\/uploads\/2025\/08\/fade-front-white.png","datePublished":"2020-12-02T10:06:21+00:00","dateModified":"2025-08-07T08:30:31+00:00","breadcrumb":{"@id":"https:\/\/dulio.vn\/?product=321#breadcrumb"},"inLanguage":"en-US","potentialAction":[{"@type":"ReadAction","target":["https:\/\/dulio.vn\/?product=321"]}]},{"@type":"ImageObject","inLanguage":"en-US","@id":"https:\/\/dulio.vn\/?product=321#primaryimage","url":"https:\/\/dulio.vn\/wp-content\/uploads\/2025\/08\/fade-front-white.png","contentUrl":"https:\/\/dulio.vn\/wp-content\/uploads\/2025\/08\/fade-front-white.png","width":2000,"height":1595},{"@type":"BreadcrumbList","@id":"https:\/\/dulio.vn\/?product=321#breadcrumb","itemListElement":[{"@type":"ListItem","position":1,"name":"Home","item":"https:\/\/dulio.vn\/"},{"@type":"ListItem","position":2,"name":"Shop","item":"https:\/\/dulio.vn\/?page_id=8"},{"@type":"ListItem","position":3,"name":"\u00c1O FADE TR\u1eaeNG"}]},{"@type":"WebSite","@id":"https:\/\/dulio.vn\/#website","url":"https:\/\/dulio.vn\/","name":"DULIO - Made Yours","description":"Dulio, dulio, DULIO","publisher":{"@id":"https:\/\/dulio.vn\/#organization"},"potentialAction":[{"@type":"SearchAction","target":{"@type":"EntryPoint","urlTemplate":"https:\/\/dulio.vn\/?s={search_term_string}"},"query-input":{"@type":"PropertyValueSpecification","valueRequired":true,"valueName":"search_term_string"}}],"inLanguage":"en-US"},{"@type":"Organization","@id":"https:\/\/dulio.vn\/#organization","name":"DULIO - Made Yours","url":"https:\/\/dulio.vn\/","logo":{"@type":"ImageObject","inLanguage":"en-US","@id":"https:\/\/dulio.vn\/#\/schema\/logo\/image\/","url":"https:\/\/dulio.vn\/wp-content\/uploads\/2025\/08\/cropped-okok.png","contentUrl":"https:\/\/dulio.vn\/wp-content\/uploads\/2025\/08\/cropped-okok.png","width":1844,"height":460,"caption":"DULIO - Made Yours"},"image":{"@id":"https:\/\/dulio.vn\/#\/schema\/logo\/image\/"}}]}},"_links":{"self":[{"href":"https:\/\/dulio.vn\/index.php?rest_route=\/wp\/v2\/product\/321","targetHints":{"allow":["GET"]}}],"collection":[{"href":"https:\/\/dulio.vn\/index.php?rest_route=\/wp\/v2\/product"}],"about":[{"href":"https:\/\/dulio.vn\/index.php?rest_route=\/wp\/v2\/types\/product"}],"replies":[{"embeddable":true,"href":"https:\/\/dulio.vn\/index.php?rest_route=%2Fwp%2Fv2%2Fcomments&post=321"}],"wp:featuredmedia":[{"embeddable":true,"href":"https:\/\/dulio.vn\/index.php?rest_route=\/wp\/v2\/media\/473"}],"wp:attachment":[{"href":"https:\/\/dulio.vn\/index.php?rest_route=%2Fwp%2Fv2%2Fmedia&parent=321"}],"wp:term":[{"taxonomy":"product_brand","embeddable":true,"href":"https:\/\/dulio.vn\/index.php?rest_route=%2Fwp%2Fv2%2Fproduct_brand&post=321"},{"taxonomy":"product_cat","embeddable":true,"href":"https:\/\/dulio.vn\/index.php?rest_route=%2Fwp%2Fv2%2Fproduct_cat&post=321"},{"taxonomy":"product_tag","embeddable":true,"href":"https:\/\/dulio.vn\/index.php?rest_route=%2Fwp%2Fv2%2Fproduct_tag&post=321"}],"curies":[{"name":"wp","href":"https:\/\/api.w.org\/{rel}","templated":true}]}}