{"id":323,"date":"2020-12-02T10:08:47","date_gmt":"2020-12-02T10:08:47","guid":{"rendered":"https:\/\/www.cssigniter.com\/demos\/amaryllis\/?post_type=product&#038;p=74"},"modified":"2025-08-07T08:28:11","modified_gmt":"2025-08-07T08:28:11","slug":"323","status":"publish","type":"product","link":"https:\/\/dulio.vn\/?product=323","title":{"rendered":"\u00c1O GRADIENT WAVE"},"content":{"rendered":"","protected":false},"excerpt":{"rendered":"<h4>H\u00e3y kh\u1eb3ng \u0111\u1ecbnh phong c\u00e1ch v\u1edbi chi\u1ebfc \u00e1o thun tr\u1eafng &#8220;GRADIENT WAVE&#8221; \u2013 n\u01a1i ngh\u1ec7 thu\u1eadt k\u1ef9 thu\u1eadt s\u1ed1 g\u1eb7p g\u1ee1 th\u1eddi trang \u0111\u01b0\u1eddng ph\u1ed1 \u0111\u1ec9nh cao. Kh\u00f4ng ch\u1ec9 l\u00e0 m\u1ed9t chi\u1ebfc \u00e1o, \u0111\u00e2y l\u00e0 m\u1ed9t <b>b\u1ea3n tuy\u00ean ng\u00f4n th\u1ecb gi\u00e1c<\/b>, g\u00f3i g\u1ecdn tinh th\u1ea7n c\u1ee7a t\u01b0\u01a1ng lai v\u00e0 s\u1ef1 b\u00ed \u1ea9n c\u00f4ng ngh\u1ec7. V\u1edbi thi\u1ebft k\u1ebf &#8220;m\u00e0n h\u00ecnh hi\u1ec3n th\u1ecb&#8221; \u0111\u1ed9c \u0111\u00e1o, h\u00ecnh \u1ea3nh <b>s\u00f3ng chuy\u1ec3n s\u1eafc \u0111\u1ecf-\u0111en \u0111\u1ea7y m\u00ea ho\u1eb7c<\/b> v\u00e0 nh\u1eefng d\u00f2ng ch\u1eef &#8220;RESTRICTED&#8221; hay &#8220;2030 ESTD.&#8221;, chi\u1ebfc \u00e1o n\u00e0y kh\u00f4ng ch\u1ec9 thu h\u00fat \u00e1nh nh\u00ecn m\u00e0 c\u00f2n k\u00edch th\u00edch tr\u00ed t\u00f2 m\u00f2.<\/h4>\n<h4>\u2022 100% Cotton<br \/>\n\u2022 Relaxed\/Loose Fit<br \/>\n\u2022 N\u1ec1n h\u00ecnh g\u1ee3n s\u00f3ng<\/h4>\n","protected":false},"featured_media":476,"comment_status":"open","ping_status":"closed","template":"","meta":{"inline_featured_image":false},"product_brand":[],"product_cat":[32,20,33],"product_tag":[],"class_list":{"0":"post-323","1":"product","2":"type-product","3":"status-publish","4":"has-post-thumbnail","6":"product_cat-ao-graphic","7":"product_cat-shop-all","8":"product_cat-tops","10":"first","11":"instock","12":"shipping-taxable","13":"purchasable","14":"product-type-variable"},"yoast_head":"<!-- This site is optimized with the Yoast SEO plugin v25.6 - https:\/\/yoast.com\/wordpress\/plugins\/seo\/ -->\n<title>\u00c1O GRADIENT WAVE - DULIO - Made Yours<\/title>\n<meta name=\"robots\" content=\"index, follow, max-snippet:-1, max-image-preview:large, max-video-preview:-1\" \/>\n<link rel=\"canonical\" href=\"https:\/\/dulio.vn\/?product=323\" \/>\n<meta property=\"og:locale\" content=\"en_US\" \/>\n<meta property=\"og:type\" content=\"article\" \/>\n<meta property=\"og:title\" content=\"\u00c1O GRADIENT WAVE - DULIO - Made Yours\" \/>\n<meta property=\"og:description\" content=\"H\u00e3y kh\u1eb3ng \u0111\u1ecbnh phong c\u00e1ch v\u1edbi chi\u1ebfc \u00e1o thun tr\u1eafng &quot;GRADIENT WAVE&quot; \u2013 n\u01a1i ngh\u1ec7 thu\u1eadt k\u1ef9 thu\u1eadt s\u1ed1 g\u1eb7p g\u1ee1 th\u1eddi trang \u0111\u01b0\u1eddng ph\u1ed1 \u0111\u1ec9nh cao. Kh\u00f4ng ch\u1ec9 l\u00e0 m\u1ed9t chi\u1ebfc \u00e1o, \u0111\u00e2y l\u00e0 m\u1ed9t b\u1ea3n tuy\u00ean ng\u00f4n th\u1ecb gi\u00e1c, g\u00f3i g\u1ecdn tinh th\u1ea7n c\u1ee7a t\u01b0\u01a1ng lai v\u00e0 s\u1ef1 b\u00ed \u1ea9n c\u00f4ng ngh\u1ec7. V\u1edbi thi\u1ebft k\u1ebf &quot;m\u00e0n h\u00ecnh hi\u1ec3n th\u1ecb&quot; \u0111\u1ed9c \u0111\u00e1o, h\u00ecnh \u1ea3nh s\u00f3ng chuy\u1ec3n s\u1eafc \u0111\u1ecf-\u0111en \u0111\u1ea7y m\u00ea ho\u1eb7c v\u00e0 nh\u1eefng d\u00f2ng ch\u1eef &quot;RESTRICTED&quot; hay &quot;2030 ESTD.&quot;, chi\u1ebfc \u00e1o n\u00e0y kh\u00f4ng ch\u1ec9 thu h\u00fat \u00e1nh nh\u00ecn m\u00e0 c\u00f2n k\u00edch th\u00edch tr\u00ed t\u00f2 m\u00f2. \u2022 100% Cotton \u2022 Relaxed\/Loose Fit \u2022 N\u1ec1n h\u00ecnh g\u1ee3n s\u00f3ng\" \/>\n<meta property=\"og:url\" content=\"https:\/\/dulio.vn\/?product=323\" \/>\n<meta property=\"og:site_name\" content=\"DULIO - Made Yours\" \/>\n<meta property=\"article:modified_time\" content=\"2025-08-07T08:28:11+00:00\" \/>\n<meta property=\"og:image\" content=\"https:\/\/dulio.vn\/wp-content\/uploads\/2025\/08\/gradient-back-white.png\" \/>\n\t<meta property=\"og:image:width\" content=\"2000\" \/>\n\t<meta property=\"og:image:height\" content=\"1596\" \/>\n\t<meta property=\"og:image:type\" content=\"image\/png\" \/>\n<meta name=\"twitter:card\" content=\"summary_large_image\" \/>\n<meta name=\"twitter:label1\" content=\"Est. reading time\" \/>\n\t<meta name=\"twitter:data1\" content=\"1 minute\" \/>\n<script type=\"application\/ld+json\" class=\"yoast-schema-graph\">{\"@context\":\"https:\/\/schema.org\",\"@graph\":[{\"@type\":\"WebPage\",\"@id\":\"https:\/\/dulio.vn\/?product=323\",\"url\":\"https:\/\/dulio.vn\/?product=323\",\"name\":\"\u00c1O GRADIENT WAVE - DULIO - Made Yours\",\"isPartOf\":{\"@id\":\"https:\/\/dulio.vn\/#website\"},\"primaryImageOfPage\":{\"@id\":\"https:\/\/dulio.vn\/?product=323#primaryimage\"},\"image\":{\"@id\":\"https:\/\/dulio.vn\/?product=323#primaryimage\"},\"thumbnailUrl\":\"https:\/\/dulio.vn\/wp-content\/uploads\/2025\/08\/gradient-back-white.png\",\"datePublished\":\"2020-12-02T10:08:47+00:00\",\"dateModified\":\"2025-08-07T08:28:11+00:00\",\"breadcrumb\":{\"@id\":\"https:\/\/dulio.vn\/?product=323#breadcrumb\"},\"inLanguage\":\"en-US\",\"potentialAction\":[{\"@type\":\"ReadAction\",\"target\":[\"https:\/\/dulio.vn\/?product=323\"]}]},{\"@type\":\"ImageObject\",\"inLanguage\":\"en-US\",\"@id\":\"https:\/\/dulio.vn\/?product=323#primaryimage\",\"url\":\"https:\/\/dulio.vn\/wp-content\/uploads\/2025\/08\/gradient-back-white.png\",\"contentUrl\":\"https:\/\/dulio.vn\/wp-content\/uploads\/2025\/08\/gradient-back-white.png\",\"width\":2000,\"height\":1596},{\"@type\":\"BreadcrumbList\",\"@id\":\"https:\/\/dulio.vn\/?product=323#breadcrumb\",\"itemListElement\":[{\"@type\":\"ListItem\",\"position\":1,\"name\":\"Home\",\"item\":\"https:\/\/dulio.vn\/\"},{\"@type\":\"ListItem\",\"position\":2,\"name\":\"Shop\",\"item\":\"https:\/\/dulio.vn\/?page_id=8\"},{\"@type\":\"ListItem\",\"position\":3,\"name\":\"\u00c1O GRADIENT WAVE\"}]},{\"@type\":\"WebSite\",\"@id\":\"https:\/\/dulio.vn\/#website\",\"url\":\"https:\/\/dulio.vn\/\",\"name\":\"DULIO - Made Yours\",\"description\":\"Dulio, dulio, DULIO\",\"publisher\":{\"@id\":\"https:\/\/dulio.vn\/#organization\"},\"potentialAction\":[{\"@type\":\"SearchAction\",\"target\":{\"@type\":\"EntryPoint\",\"urlTemplate\":\"https:\/\/dulio.vn\/?s={search_term_string}\"},\"query-input\":{\"@type\":\"PropertyValueSpecification\",\"valueRequired\":true,\"valueName\":\"search_term_string\"}}],\"inLanguage\":\"en-US\"},{\"@type\":\"Organization\",\"@id\":\"https:\/\/dulio.vn\/#organization\",\"name\":\"DULIO - Made Yours\",\"url\":\"https:\/\/dulio.vn\/\",\"logo\":{\"@type\":\"ImageObject\",\"inLanguage\":\"en-US\",\"@id\":\"https:\/\/dulio.vn\/#\/schema\/logo\/image\/\",\"url\":\"https:\/\/dulio.vn\/wp-content\/uploads\/2025\/08\/cropped-okok.png\",\"contentUrl\":\"https:\/\/dulio.vn\/wp-content\/uploads\/2025\/08\/cropped-okok.png\",\"width\":1844,\"height\":460,\"caption\":\"DULIO - Made Yours\"},\"image\":{\"@id\":\"https:\/\/dulio.vn\/#\/schema\/logo\/image\/\"}}]}<\/script>\n<!-- \/ Yoast SEO plugin. -->","yoast_head_json":{"title":"\u00c1O GRADIENT WAVE - DULIO - Made Yours","robots":{"index":"index","follow":"follow","max-snippet":"max-snippet:-1","max-image-preview":"max-image-preview:large","max-video-preview":"max-video-preview:-1"},"canonical":"https:\/\/dulio.vn\/?product=323","og_locale":"en_US","og_type":"article","og_title":"\u00c1O GRADIENT WAVE - DULIO - Made Yours","og_description":"H\u00e3y kh\u1eb3ng \u0111\u1ecbnh phong c\u00e1ch v\u1edbi chi\u1ebfc \u00e1o thun tr\u1eafng \"GRADIENT WAVE\" \u2013 n\u01a1i ngh\u1ec7 thu\u1eadt k\u1ef9 thu\u1eadt s\u1ed1 g\u1eb7p g\u1ee1 th\u1eddi trang \u0111\u01b0\u1eddng ph\u1ed1 \u0111\u1ec9nh cao. Kh\u00f4ng ch\u1ec9 l\u00e0 m\u1ed9t chi\u1ebfc \u00e1o, \u0111\u00e2y l\u00e0 m\u1ed9t b\u1ea3n tuy\u00ean ng\u00f4n th\u1ecb gi\u00e1c, g\u00f3i g\u1ecdn tinh th\u1ea7n c\u1ee7a t\u01b0\u01a1ng lai v\u00e0 s\u1ef1 b\u00ed \u1ea9n c\u00f4ng ngh\u1ec7. V\u1edbi thi\u1ebft k\u1ebf \"m\u00e0n h\u00ecnh hi\u1ec3n th\u1ecb\" \u0111\u1ed9c \u0111\u00e1o, h\u00ecnh \u1ea3nh s\u00f3ng chuy\u1ec3n s\u1eafc \u0111\u1ecf-\u0111en \u0111\u1ea7y m\u00ea ho\u1eb7c v\u00e0 nh\u1eefng d\u00f2ng ch\u1eef \"RESTRICTED\" hay \"2030 ESTD.\", chi\u1ebfc \u00e1o n\u00e0y kh\u00f4ng ch\u1ec9 thu h\u00fat \u00e1nh nh\u00ecn m\u00e0 c\u00f2n k\u00edch th\u00edch tr\u00ed t\u00f2 m\u00f2. \u2022 100% Cotton \u2022 Relaxed\/Loose Fit \u2022 N\u1ec1n h\u00ecnh g\u1ee3n s\u00f3ng","og_url":"https:\/\/dulio.vn\/?product=323","og_site_name":"DULIO - Made Yours","article_modified_time":"2025-08-07T08:28:11+00:00","og_image":[{"width":2000,"height":1596,"url":"https:\/\/dulio.vn\/wp-content\/uploads\/2025\/08\/gradient-back-white.png","type":"image\/png"}],"twitter_card":"summary_large_image","twitter_misc":{"Est. reading time":"1 minute"},"schema":{"@context":"https:\/\/schema.org","@graph":[{"@type":"WebPage","@id":"https:\/\/dulio.vn\/?product=323","url":"https:\/\/dulio.vn\/?product=323","name":"\u00c1O GRADIENT WAVE - DULIO - Made Yours","isPartOf":{"@id":"https:\/\/dulio.vn\/#website"},"primaryImageOfPage":{"@id":"https:\/\/dulio.vn\/?product=323#primaryimage"},"image":{"@id":"https:\/\/dulio.vn\/?product=323#primaryimage"},"thumbnailUrl":"https:\/\/dulio.vn\/wp-content\/uploads\/2025\/08\/gradient-back-white.png","datePublished":"2020-12-02T10:08:47+00:00","dateModified":"2025-08-07T08:28:11+00:00","breadcrumb":{"@id":"https:\/\/dulio.vn\/?product=323#breadcrumb"},"inLanguage":"en-US","potentialAction":[{"@type":"ReadAction","target":["https:\/\/dulio.vn\/?product=323"]}]},{"@type":"ImageObject","inLanguage":"en-US","@id":"https:\/\/dulio.vn\/?product=323#primaryimage","url":"https:\/\/dulio.vn\/wp-content\/uploads\/2025\/08\/gradient-back-white.png","contentUrl":"https:\/\/dulio.vn\/wp-content\/uploads\/2025\/08\/gradient-back-white.png","width":2000,"height":1596},{"@type":"BreadcrumbList","@id":"https:\/\/dulio.vn\/?product=323#breadcrumb","itemListElement":[{"@type":"ListItem","position":1,"name":"Home","item":"https:\/\/dulio.vn\/"},{"@type":"ListItem","position":2,"name":"Shop","item":"https:\/\/dulio.vn\/?page_id=8"},{"@type":"ListItem","position":3,"name":"\u00c1O GRADIENT WAVE"}]},{"@type":"WebSite","@id":"https:\/\/dulio.vn\/#website","url":"https:\/\/dulio.vn\/","name":"DULIO - Made Yours","description":"Dulio, dulio, DULIO","publisher":{"@id":"https:\/\/dulio.vn\/#organization"},"potentialAction":[{"@type":"SearchAction","target":{"@type":"EntryPoint","urlTemplate":"https:\/\/dulio.vn\/?s={search_term_string}"},"query-input":{"@type":"PropertyValueSpecification","valueRequired":true,"valueName":"search_term_string"}}],"inLanguage":"en-US"},{"@type":"Organization","@id":"https:\/\/dulio.vn\/#organization","name":"DULIO - Made Yours","url":"https:\/\/dulio.vn\/","logo":{"@type":"ImageObject","inLanguage":"en-US","@id":"https:\/\/dulio.vn\/#\/schema\/logo\/image\/","url":"https:\/\/dulio.vn\/wp-content\/uploads\/2025\/08\/cropped-okok.png","contentUrl":"https:\/\/dulio.vn\/wp-content\/uploads\/2025\/08\/cropped-okok.png","width":1844,"height":460,"caption":"DULIO - Made Yours"},"image":{"@id":"https:\/\/dulio.vn\/#\/schema\/logo\/image\/"}}]}},"_links":{"self":[{"href":"https:\/\/dulio.vn\/index.php?rest_route=\/wp\/v2\/product\/323","targetHints":{"allow":["GET"]}}],"collection":[{"href":"https:\/\/dulio.vn\/index.php?rest_route=\/wp\/v2\/product"}],"about":[{"href":"https:\/\/dulio.vn\/index.php?rest_route=\/wp\/v2\/types\/product"}],"replies":[{"embeddable":true,"href":"https:\/\/dulio.vn\/index.php?rest_route=%2Fwp%2Fv2%2Fcomments&post=323"}],"wp:featuredmedia":[{"embeddable":true,"href":"https:\/\/dulio.vn\/index.php?rest_route=\/wp\/v2\/media\/476"}],"wp:attachment":[{"href":"https:\/\/dulio.vn\/index.php?rest_route=%2Fwp%2Fv2%2Fmedia&parent=323"}],"wp:term":[{"taxonomy":"product_brand","embeddable":true,"href":"https:\/\/dulio.vn\/index.php?rest_route=%2Fwp%2Fv2%2Fproduct_brand&post=323"},{"taxonomy":"product_cat","embeddable":true,"href":"https:\/\/dulio.vn\/index.php?rest_route=%2Fwp%2Fv2%2Fproduct_cat&post=323"},{"taxonomy":"product_tag","embeddable":true,"href":"https:\/\/dulio.vn\/index.php?rest_route=%2Fwp%2Fv2%2Fproduct_tag&post=323"}],"curies":[{"name":"wp","href":"https:\/\/api.w.org\/{rel}","templated":true}]}}