{"id":324,"date":"2020-12-02T10:09:19","date_gmt":"2020-12-02T10:09:19","guid":{"rendered":"https:\/\/www.cssigniter.com\/demos\/amaryllis\/?post_type=product&#038;p=76"},"modified":"2025-08-07T08:27:58","modified_gmt":"2025-08-07T08:27:58","slug":"324","status":"publish","type":"product","link":"https:\/\/dulio.vn\/?product=324","title":{"rendered":"\u00c1O EVIL DULIO"},"content":{"rendered":"","protected":false},"excerpt":{"rendered":"<h4>H\u00e3y \u0111\u1ec3 chi\u1ebfc \u00e1o thun m\u00e0u kem n\u00e0y tr\u1edf th\u00e0nh tuy\u00ean ng\u00f4n c\u1ee7a phong c\u00e1ch ngh\u1ec7 thu\u1eadt v\u00e0 s\u1ef1 b\u00ed \u1ea9n trong b\u1ea1n. V\u1edbi h\u00ecnh \u1ea3nh <b>\u0111\u00f4i m\u1eaft \u0111\u1ed1i l\u1eadp \u0111\u1ea7y k\u1ecbch t\u00ednh<\/b> c\u00f9ng d\u00f2ng ch\u1eef &#8220;<b>EVIL DULIO<\/b>&#8221; \u1ea5n t\u01b0\u1ee3ng, chi\u1ebfc \u00e1o kh\u00f4ng ch\u1ec9 l\u00e0 m\u1ed9t item th\u1eddi trang, m\u00e0 c\u00f2n l\u00e0 m\u1ed9t <b>b\u1ee9c tranh k\u1ec3 chuy\u1ec7n<\/b> \u0111\u1ea7y cu\u1ed1n h\u00fat. S\u1ef1 k\u1ebft h\u1ee3p gi\u1eefa phong c\u00e1ch truy\u1ec7n tranh c\u1ed5 \u0111i\u1ec3n v\u00e0 th\u00f4ng \u0111i\u1ec7p \u0111\u1ea7y b\u00ed \u1ea9n khi\u1ebfn chi\u1ebfc \u00e1o n\u00e0y tr\u1edf n\u00ean \u0111\u1ed9c nh\u1ea5t. M\u1eb7c chi\u1ebfc \u00e1o n\u00e0y, b\u1ea1n kh\u00f4ng ch\u1ec9 thu h\u00fat m\u1ecdi \u00e1nh nh\u00ecn m\u00e0 c\u00f2n kh\u01a1i g\u1ee3i s\u1ef1 t\u00f2 m\u00f2, th\u1ec3 hi\u1ec7n m\u1ed9t gu th\u1ea9m m\u1ef9 tinh t\u1ebf v\u00e0 m\u1ed9t c\u00e1 t\u00ednh kh\u00f4ng ng\u1ea1i kh\u00e1c bi\u1ec7t.<\/h4>\n<h4>\u2022 100% Cotton<br \/>\n\u2022 Relaxed\/Loose Fit<br \/>\n\u2022 N\u1ec1n h\u00ecnh hai con m\u1eaft<\/h4>\n","protected":false},"featured_media":471,"comment_status":"open","ping_status":"closed","template":"","meta":{"inline_featured_image":false},"product_brand":[],"product_cat":[32,20,33],"product_tag":[],"class_list":{"0":"post-324","1":"product","2":"type-product","3":"status-publish","4":"has-post-thumbnail","6":"product_cat-ao-graphic","7":"product_cat-shop-all","8":"product_cat-tops","10":"first","11":"instock","12":"shipping-taxable","13":"purchasable","14":"product-type-variable"},"yoast_head":"<!-- This site is optimized with the Yoast SEO plugin v25.6 - https:\/\/yoast.com\/wordpress\/plugins\/seo\/ -->\n<title>\u00c1O EVIL DULIO - DULIO - Made Yours<\/title>\n<meta name=\"robots\" content=\"index, follow, max-snippet:-1, max-image-preview:large, max-video-preview:-1\" \/>\n<link rel=\"canonical\" href=\"https:\/\/dulio.vn\/?product=324\" \/>\n<meta property=\"og:locale\" content=\"en_US\" \/>\n<meta property=\"og:type\" content=\"article\" \/>\n<meta property=\"og:title\" content=\"\u00c1O EVIL DULIO - DULIO - Made Yours\" \/>\n<meta property=\"og:description\" content=\"H\u00e3y \u0111\u1ec3 chi\u1ebfc \u00e1o thun m\u00e0u kem n\u00e0y tr\u1edf th\u00e0nh tuy\u00ean ng\u00f4n c\u1ee7a phong c\u00e1ch ngh\u1ec7 thu\u1eadt v\u00e0 s\u1ef1 b\u00ed \u1ea9n trong b\u1ea1n. V\u1edbi h\u00ecnh \u1ea3nh \u0111\u00f4i m\u1eaft \u0111\u1ed1i l\u1eadp \u0111\u1ea7y k\u1ecbch t\u00ednh c\u00f9ng d\u00f2ng ch\u1eef &quot;EVIL DULIO&quot; \u1ea5n t\u01b0\u1ee3ng, chi\u1ebfc \u00e1o kh\u00f4ng ch\u1ec9 l\u00e0 m\u1ed9t item th\u1eddi trang, m\u00e0 c\u00f2n l\u00e0 m\u1ed9t b\u1ee9c tranh k\u1ec3 chuy\u1ec7n \u0111\u1ea7y cu\u1ed1n h\u00fat. S\u1ef1 k\u1ebft h\u1ee3p gi\u1eefa phong c\u00e1ch truy\u1ec7n tranh c\u1ed5 \u0111i\u1ec3n v\u00e0 th\u00f4ng \u0111i\u1ec7p \u0111\u1ea7y b\u00ed \u1ea9n khi\u1ebfn chi\u1ebfc \u00e1o n\u00e0y tr\u1edf n\u00ean \u0111\u1ed9c nh\u1ea5t. M\u1eb7c chi\u1ebfc \u00e1o n\u00e0y, b\u1ea1n kh\u00f4ng ch\u1ec9 thu h\u00fat m\u1ecdi \u00e1nh nh\u00ecn m\u00e0 c\u00f2n kh\u01a1i g\u1ee3i s\u1ef1 t\u00f2 m\u00f2, th\u1ec3 hi\u1ec7n m\u1ed9t gu th\u1ea9m m\u1ef9 tinh t\u1ebf v\u00e0 m\u1ed9t c\u00e1 t\u00ednh kh\u00f4ng ng\u1ea1i kh\u00e1c bi\u1ec7t. \u2022 100% Cotton \u2022 Relaxed\/Loose Fit \u2022 N\u1ec1n h\u00ecnh hai con m\u1eaft\" \/>\n<meta property=\"og:url\" content=\"https:\/\/dulio.vn\/?product=324\" \/>\n<meta property=\"og:site_name\" content=\"DULIO - Made Yours\" \/>\n<meta property=\"article:modified_time\" content=\"2025-08-07T08:27:58+00:00\" \/>\n<meta property=\"og:image\" content=\"https:\/\/dulio.vn\/wp-content\/uploads\/2025\/08\/EVILdulio-front-cream.png\" \/>\n\t<meta property=\"og:image:width\" content=\"2000\" \/>\n\t<meta property=\"og:image:height\" content=\"1596\" \/>\n\t<meta property=\"og:image:type\" content=\"image\/png\" \/>\n<meta name=\"twitter:card\" content=\"summary_large_image\" \/>\n<meta name=\"twitter:label1\" content=\"Est. reading time\" \/>\n\t<meta name=\"twitter:data1\" content=\"1 minute\" \/>\n<script type=\"application\/ld+json\" class=\"yoast-schema-graph\">{\"@context\":\"https:\/\/schema.org\",\"@graph\":[{\"@type\":\"WebPage\",\"@id\":\"https:\/\/dulio.vn\/?product=324\",\"url\":\"https:\/\/dulio.vn\/?product=324\",\"name\":\"\u00c1O EVIL DULIO - DULIO - Made Yours\",\"isPartOf\":{\"@id\":\"https:\/\/dulio.vn\/#website\"},\"primaryImageOfPage\":{\"@id\":\"https:\/\/dulio.vn\/?product=324#primaryimage\"},\"image\":{\"@id\":\"https:\/\/dulio.vn\/?product=324#primaryimage\"},\"thumbnailUrl\":\"https:\/\/dulio.vn\/wp-content\/uploads\/2025\/08\/EVILdulio-front-cream.png\",\"datePublished\":\"2020-12-02T10:09:19+00:00\",\"dateModified\":\"2025-08-07T08:27:58+00:00\",\"breadcrumb\":{\"@id\":\"https:\/\/dulio.vn\/?product=324#breadcrumb\"},\"inLanguage\":\"en-US\",\"potentialAction\":[{\"@type\":\"ReadAction\",\"target\":[\"https:\/\/dulio.vn\/?product=324\"]}]},{\"@type\":\"ImageObject\",\"inLanguage\":\"en-US\",\"@id\":\"https:\/\/dulio.vn\/?product=324#primaryimage\",\"url\":\"https:\/\/dulio.vn\/wp-content\/uploads\/2025\/08\/EVILdulio-front-cream.png\",\"contentUrl\":\"https:\/\/dulio.vn\/wp-content\/uploads\/2025\/08\/EVILdulio-front-cream.png\",\"width\":2000,\"height\":1596},{\"@type\":\"BreadcrumbList\",\"@id\":\"https:\/\/dulio.vn\/?product=324#breadcrumb\",\"itemListElement\":[{\"@type\":\"ListItem\",\"position\":1,\"name\":\"Home\",\"item\":\"https:\/\/dulio.vn\/\"},{\"@type\":\"ListItem\",\"position\":2,\"name\":\"Shop\",\"item\":\"https:\/\/dulio.vn\/?page_id=8\"},{\"@type\":\"ListItem\",\"position\":3,\"name\":\"\u00c1O EVIL DULIO\"}]},{\"@type\":\"WebSite\",\"@id\":\"https:\/\/dulio.vn\/#website\",\"url\":\"https:\/\/dulio.vn\/\",\"name\":\"DULIO - Made Yours\",\"description\":\"Dulio, dulio, DULIO\",\"publisher\":{\"@id\":\"https:\/\/dulio.vn\/#organization\"},\"potentialAction\":[{\"@type\":\"SearchAction\",\"target\":{\"@type\":\"EntryPoint\",\"urlTemplate\":\"https:\/\/dulio.vn\/?s={search_term_string}\"},\"query-input\":{\"@type\":\"PropertyValueSpecification\",\"valueRequired\":true,\"valueName\":\"search_term_string\"}}],\"inLanguage\":\"en-US\"},{\"@type\":\"Organization\",\"@id\":\"https:\/\/dulio.vn\/#organization\",\"name\":\"DULIO - Made Yours\",\"url\":\"https:\/\/dulio.vn\/\",\"logo\":{\"@type\":\"ImageObject\",\"inLanguage\":\"en-US\",\"@id\":\"https:\/\/dulio.vn\/#\/schema\/logo\/image\/\",\"url\":\"https:\/\/dulio.vn\/wp-content\/uploads\/2025\/08\/cropped-okok.png\",\"contentUrl\":\"https:\/\/dulio.vn\/wp-content\/uploads\/2025\/08\/cropped-okok.png\",\"width\":1844,\"height\":460,\"caption\":\"DULIO - Made Yours\"},\"image\":{\"@id\":\"https:\/\/dulio.vn\/#\/schema\/logo\/image\/\"}}]}<\/script>\n<!-- \/ Yoast SEO plugin. -->","yoast_head_json":{"title":"\u00c1O EVIL DULIO - DULIO - Made Yours","robots":{"index":"index","follow":"follow","max-snippet":"max-snippet:-1","max-image-preview":"max-image-preview:large","max-video-preview":"max-video-preview:-1"},"canonical":"https:\/\/dulio.vn\/?product=324","og_locale":"en_US","og_type":"article","og_title":"\u00c1O EVIL DULIO - DULIO - Made Yours","og_description":"H\u00e3y \u0111\u1ec3 chi\u1ebfc \u00e1o thun m\u00e0u kem n\u00e0y tr\u1edf th\u00e0nh tuy\u00ean ng\u00f4n c\u1ee7a phong c\u00e1ch ngh\u1ec7 thu\u1eadt v\u00e0 s\u1ef1 b\u00ed \u1ea9n trong b\u1ea1n. V\u1edbi h\u00ecnh \u1ea3nh \u0111\u00f4i m\u1eaft \u0111\u1ed1i l\u1eadp \u0111\u1ea7y k\u1ecbch t\u00ednh c\u00f9ng d\u00f2ng ch\u1eef \"EVIL DULIO\" \u1ea5n t\u01b0\u1ee3ng, chi\u1ebfc \u00e1o kh\u00f4ng ch\u1ec9 l\u00e0 m\u1ed9t item th\u1eddi trang, m\u00e0 c\u00f2n l\u00e0 m\u1ed9t b\u1ee9c tranh k\u1ec3 chuy\u1ec7n \u0111\u1ea7y cu\u1ed1n h\u00fat. S\u1ef1 k\u1ebft h\u1ee3p gi\u1eefa phong c\u00e1ch truy\u1ec7n tranh c\u1ed5 \u0111i\u1ec3n v\u00e0 th\u00f4ng \u0111i\u1ec7p \u0111\u1ea7y b\u00ed \u1ea9n khi\u1ebfn chi\u1ebfc \u00e1o n\u00e0y tr\u1edf n\u00ean \u0111\u1ed9c nh\u1ea5t. M\u1eb7c chi\u1ebfc \u00e1o n\u00e0y, b\u1ea1n kh\u00f4ng ch\u1ec9 thu h\u00fat m\u1ecdi \u00e1nh nh\u00ecn m\u00e0 c\u00f2n kh\u01a1i g\u1ee3i s\u1ef1 t\u00f2 m\u00f2, th\u1ec3 hi\u1ec7n m\u1ed9t gu th\u1ea9m m\u1ef9 tinh t\u1ebf v\u00e0 m\u1ed9t c\u00e1 t\u00ednh kh\u00f4ng ng\u1ea1i kh\u00e1c bi\u1ec7t. \u2022 100% Cotton \u2022 Relaxed\/Loose Fit \u2022 N\u1ec1n h\u00ecnh hai con m\u1eaft","og_url":"https:\/\/dulio.vn\/?product=324","og_site_name":"DULIO - Made Yours","article_modified_time":"2025-08-07T08:27:58+00:00","og_image":[{"width":2000,"height":1596,"url":"https:\/\/dulio.vn\/wp-content\/uploads\/2025\/08\/EVILdulio-front-cream.png","type":"image\/png"}],"twitter_card":"summary_large_image","twitter_misc":{"Est. reading time":"1 minute"},"schema":{"@context":"https:\/\/schema.org","@graph":[{"@type":"WebPage","@id":"https:\/\/dulio.vn\/?product=324","url":"https:\/\/dulio.vn\/?product=324","name":"\u00c1O EVIL DULIO - DULIO - Made Yours","isPartOf":{"@id":"https:\/\/dulio.vn\/#website"},"primaryImageOfPage":{"@id":"https:\/\/dulio.vn\/?product=324#primaryimage"},"image":{"@id":"https:\/\/dulio.vn\/?product=324#primaryimage"},"thumbnailUrl":"https:\/\/dulio.vn\/wp-content\/uploads\/2025\/08\/EVILdulio-front-cream.png","datePublished":"2020-12-02T10:09:19+00:00","dateModified":"2025-08-07T08:27:58+00:00","breadcrumb":{"@id":"https:\/\/dulio.vn\/?product=324#breadcrumb"},"inLanguage":"en-US","potentialAction":[{"@type":"ReadAction","target":["https:\/\/dulio.vn\/?product=324"]}]},{"@type":"ImageObject","inLanguage":"en-US","@id":"https:\/\/dulio.vn\/?product=324#primaryimage","url":"https:\/\/dulio.vn\/wp-content\/uploads\/2025\/08\/EVILdulio-front-cream.png","contentUrl":"https:\/\/dulio.vn\/wp-content\/uploads\/2025\/08\/EVILdulio-front-cream.png","width":2000,"height":1596},{"@type":"BreadcrumbList","@id":"https:\/\/dulio.vn\/?product=324#breadcrumb","itemListElement":[{"@type":"ListItem","position":1,"name":"Home","item":"https:\/\/dulio.vn\/"},{"@type":"ListItem","position":2,"name":"Shop","item":"https:\/\/dulio.vn\/?page_id=8"},{"@type":"ListItem","position":3,"name":"\u00c1O EVIL DULIO"}]},{"@type":"WebSite","@id":"https:\/\/dulio.vn\/#website","url":"https:\/\/dulio.vn\/","name":"DULIO - Made Yours","description":"Dulio, dulio, DULIO","publisher":{"@id":"https:\/\/dulio.vn\/#organization"},"potentialAction":[{"@type":"SearchAction","target":{"@type":"EntryPoint","urlTemplate":"https:\/\/dulio.vn\/?s={search_term_string}"},"query-input":{"@type":"PropertyValueSpecification","valueRequired":true,"valueName":"search_term_string"}}],"inLanguage":"en-US"},{"@type":"Organization","@id":"https:\/\/dulio.vn\/#organization","name":"DULIO - Made Yours","url":"https:\/\/dulio.vn\/","logo":{"@type":"ImageObject","inLanguage":"en-US","@id":"https:\/\/dulio.vn\/#\/schema\/logo\/image\/","url":"https:\/\/dulio.vn\/wp-content\/uploads\/2025\/08\/cropped-okok.png","contentUrl":"https:\/\/dulio.vn\/wp-content\/uploads\/2025\/08\/cropped-okok.png","width":1844,"height":460,"caption":"DULIO - Made Yours"},"image":{"@id":"https:\/\/dulio.vn\/#\/schema\/logo\/image\/"}}]}},"_links":{"self":[{"href":"https:\/\/dulio.vn\/index.php?rest_route=\/wp\/v2\/product\/324","targetHints":{"allow":["GET"]}}],"collection":[{"href":"https:\/\/dulio.vn\/index.php?rest_route=\/wp\/v2\/product"}],"about":[{"href":"https:\/\/dulio.vn\/index.php?rest_route=\/wp\/v2\/types\/product"}],"replies":[{"embeddable":true,"href":"https:\/\/dulio.vn\/index.php?rest_route=%2Fwp%2Fv2%2Fcomments&post=324"}],"wp:featuredmedia":[{"embeddable":true,"href":"https:\/\/dulio.vn\/index.php?rest_route=\/wp\/v2\/media\/471"}],"wp:attachment":[{"href":"https:\/\/dulio.vn\/index.php?rest_route=%2Fwp%2Fv2%2Fmedia&parent=324"}],"wp:term":[{"taxonomy":"product_brand","embeddable":true,"href":"https:\/\/dulio.vn\/index.php?rest_route=%2Fwp%2Fv2%2Fproduct_brand&post=324"},{"taxonomy":"product_cat","embeddable":true,"href":"https:\/\/dulio.vn\/index.php?rest_route=%2Fwp%2Fv2%2Fproduct_cat&post=324"},{"taxonomy":"product_tag","embeddable":true,"href":"https:\/\/dulio.vn\/index.php?rest_route=%2Fwp%2Fv2%2Fproduct_tag&post=324"}],"curies":[{"name":"wp","href":"https:\/\/api.w.org\/{rel}","templated":true}]}}