{"id":325,"date":"2020-12-02T10:10:18","date_gmt":"2020-12-02T10:10:18","guid":{"rendered":"https:\/\/www.cssigniter.com\/demos\/amaryllis\/?post_type=product&#038;p=78"},"modified":"2025-08-07T08:27:39","modified_gmt":"2025-08-07T08:27:39","slug":"325","status":"publish","type":"product","link":"https:\/\/dulio.vn\/?product=325","title":{"rendered":"\u00c1O STARE DOWN"},"content":{"rendered":"","protected":false},"excerpt":{"rendered":"<h4>Kh\u00e1m ph\u00e1 chi\u1ebfc \u00e1o thun tr\u1eafng \u0111\u1ed9c \u0111\u00e1o, n\u01a1i \u00e1nh m\u1eaft ngh\u1ec7 thu\u1eadt g\u1eb7p g\u1ee1 t\u00ean th\u01b0\u01a1ng hi\u1ec7u \u0111\u1ea7y \u1ea5n t\u01b0\u1ee3ng. <b>\u0110\u00f4i m\u1eaft xanh d\u01b0\u01a1ng h\u00fat h\u1ed3n<\/b> nh\u01b0 \u0111ang d\u00f5i theo t\u1eebng b\u01b0\u1edbc ch\u00e2n b\u1ea1n, trong khi d\u00f2ng ch\u1eef <b>&#8220;DULIO&#8221; m\u00e0u \u0111\u1ecf t\u01b0\u01a1i n\u1ed5i b\u1eadt v\u1edbi hi\u1ec7u \u1ee9ng 3D<\/b>, t\u1ea1o n\u00ean m\u1ed9t \u0111i\u1ec3m nh\u1ea5n kh\u00f4ng th\u1ec3 b\u1ecf qua. Chi\u1ebfc \u00e1o n\u00e0y kh\u00f4ng ch\u1ec9 l\u00e0 m\u1ed9t trang ph\u1ee5c, m\u00e0 c\u00f2n l\u00e0 m\u1ed9t tuy\u00ean ng\u00f4n v\u1ec1 phong c\u00e1ch c\u00e1 nh\u00e2n, s\u1ef1 t\u1ef1 tin v\u00e0 gu th\u1ea9m m\u1ef9 \u0111\u1ed9c \u0111\u00e1o.<\/h4>\n<h4>\u2022 100% Cotton<br \/>\n\u2022 Relaxed\/Loose Fit<br \/>\n\u2022 H\u1ecda ti\u1ebft 2 con m\u1eaft<br \/>\n\u2022 T\u00ean th\u01b0\u01a1ng hi\u1ec7u c\u00f3 hi\u1ec7u \u1ee9ng n\u1ed5i<\/h4>\n","protected":false},"featured_media":470,"comment_status":"open","ping_status":"closed","template":"","meta":{"inline_featured_image":false},"product_brand":[],"product_cat":[32,20,33],"product_tag":[],"class_list":{"0":"post-325","1":"product","2":"type-product","3":"status-publish","4":"has-post-thumbnail","6":"product_cat-ao-graphic","7":"product_cat-shop-all","8":"product_cat-tops","10":"first","11":"instock","12":"shipping-taxable","13":"purchasable","14":"product-type-variable"},"yoast_head":"<!-- This site is optimized with the Yoast SEO plugin v25.6 - https:\/\/yoast.com\/wordpress\/plugins\/seo\/ -->\n<title>\u00c1O STARE DOWN - DULIO - Made Yours<\/title>\n<meta name=\"robots\" content=\"index, follow, max-snippet:-1, max-image-preview:large, max-video-preview:-1\" \/>\n<link rel=\"canonical\" href=\"https:\/\/dulio.vn\/?product=325\" \/>\n<meta property=\"og:locale\" content=\"en_US\" \/>\n<meta property=\"og:type\" content=\"article\" \/>\n<meta property=\"og:title\" content=\"\u00c1O STARE DOWN - DULIO - Made Yours\" \/>\n<meta property=\"og:description\" content=\"Kh\u00e1m ph\u00e1 chi\u1ebfc \u00e1o thun tr\u1eafng \u0111\u1ed9c \u0111\u00e1o, n\u01a1i \u00e1nh m\u1eaft ngh\u1ec7 thu\u1eadt g\u1eb7p g\u1ee1 t\u00ean th\u01b0\u01a1ng hi\u1ec7u \u0111\u1ea7y \u1ea5n t\u01b0\u1ee3ng. \u0110\u00f4i m\u1eaft xanh d\u01b0\u01a1ng h\u00fat h\u1ed3n nh\u01b0 \u0111ang d\u00f5i theo t\u1eebng b\u01b0\u1edbc ch\u00e2n b\u1ea1n, trong khi d\u00f2ng ch\u1eef &quot;DULIO&quot; m\u00e0u \u0111\u1ecf t\u01b0\u01a1i n\u1ed5i b\u1eadt v\u1edbi hi\u1ec7u \u1ee9ng 3D, t\u1ea1o n\u00ean m\u1ed9t \u0111i\u1ec3m nh\u1ea5n kh\u00f4ng th\u1ec3 b\u1ecf qua. Chi\u1ebfc \u00e1o n\u00e0y kh\u00f4ng ch\u1ec9 l\u00e0 m\u1ed9t trang ph\u1ee5c, m\u00e0 c\u00f2n l\u00e0 m\u1ed9t tuy\u00ean ng\u00f4n v\u1ec1 phong c\u00e1ch c\u00e1 nh\u00e2n, s\u1ef1 t\u1ef1 tin v\u00e0 gu th\u1ea9m m\u1ef9 \u0111\u1ed9c \u0111\u00e1o. \u2022 100% Cotton \u2022 Relaxed\/Loose Fit \u2022 H\u1ecda ti\u1ebft 2 con m\u1eaft \u2022 T\u00ean th\u01b0\u01a1ng hi\u1ec7u c\u00f3 hi\u1ec7u \u1ee9ng n\u1ed5i\" \/>\n<meta property=\"og:url\" content=\"https:\/\/dulio.vn\/?product=325\" \/>\n<meta property=\"og:site_name\" content=\"DULIO - Made Yours\" \/>\n<meta property=\"article:modified_time\" content=\"2025-08-07T08:27:39+00:00\" \/>\n<meta property=\"og:image\" content=\"https:\/\/dulio.vn\/wp-content\/uploads\/2025\/08\/DULIOeyes-front-white.png\" \/>\n\t<meta property=\"og:image:width\" content=\"2000\" \/>\n\t<meta property=\"og:image:height\" content=\"1595\" \/>\n\t<meta property=\"og:image:type\" content=\"image\/png\" \/>\n<meta name=\"twitter:card\" content=\"summary_large_image\" \/>\n<meta name=\"twitter:label1\" content=\"Est. reading time\" \/>\n\t<meta name=\"twitter:data1\" content=\"1 minute\" \/>\n<script type=\"application\/ld+json\" class=\"yoast-schema-graph\">{\"@context\":\"https:\/\/schema.org\",\"@graph\":[{\"@type\":\"WebPage\",\"@id\":\"https:\/\/dulio.vn\/?product=325\",\"url\":\"https:\/\/dulio.vn\/?product=325\",\"name\":\"\u00c1O STARE DOWN - DULIO - Made Yours\",\"isPartOf\":{\"@id\":\"https:\/\/dulio.vn\/#website\"},\"primaryImageOfPage\":{\"@id\":\"https:\/\/dulio.vn\/?product=325#primaryimage\"},\"image\":{\"@id\":\"https:\/\/dulio.vn\/?product=325#primaryimage\"},\"thumbnailUrl\":\"https:\/\/dulio.vn\/wp-content\/uploads\/2025\/08\/DULIOeyes-front-white.png\",\"datePublished\":\"2020-12-02T10:10:18+00:00\",\"dateModified\":\"2025-08-07T08:27:39+00:00\",\"breadcrumb\":{\"@id\":\"https:\/\/dulio.vn\/?product=325#breadcrumb\"},\"inLanguage\":\"en-US\",\"potentialAction\":[{\"@type\":\"ReadAction\",\"target\":[\"https:\/\/dulio.vn\/?product=325\"]}]},{\"@type\":\"ImageObject\",\"inLanguage\":\"en-US\",\"@id\":\"https:\/\/dulio.vn\/?product=325#primaryimage\",\"url\":\"https:\/\/dulio.vn\/wp-content\/uploads\/2025\/08\/DULIOeyes-front-white.png\",\"contentUrl\":\"https:\/\/dulio.vn\/wp-content\/uploads\/2025\/08\/DULIOeyes-front-white.png\",\"width\":2000,\"height\":1595},{\"@type\":\"BreadcrumbList\",\"@id\":\"https:\/\/dulio.vn\/?product=325#breadcrumb\",\"itemListElement\":[{\"@type\":\"ListItem\",\"position\":1,\"name\":\"Home\",\"item\":\"https:\/\/dulio.vn\/\"},{\"@type\":\"ListItem\",\"position\":2,\"name\":\"Shop\",\"item\":\"https:\/\/dulio.vn\/?page_id=8\"},{\"@type\":\"ListItem\",\"position\":3,\"name\":\"\u00c1O STARE DOWN\"}]},{\"@type\":\"WebSite\",\"@id\":\"https:\/\/dulio.vn\/#website\",\"url\":\"https:\/\/dulio.vn\/\",\"name\":\"DULIO - Made Yours\",\"description\":\"Dulio, dulio, DULIO\",\"publisher\":{\"@id\":\"https:\/\/dulio.vn\/#organization\"},\"potentialAction\":[{\"@type\":\"SearchAction\",\"target\":{\"@type\":\"EntryPoint\",\"urlTemplate\":\"https:\/\/dulio.vn\/?s={search_term_string}\"},\"query-input\":{\"@type\":\"PropertyValueSpecification\",\"valueRequired\":true,\"valueName\":\"search_term_string\"}}],\"inLanguage\":\"en-US\"},{\"@type\":\"Organization\",\"@id\":\"https:\/\/dulio.vn\/#organization\",\"name\":\"DULIO - Made Yours\",\"url\":\"https:\/\/dulio.vn\/\",\"logo\":{\"@type\":\"ImageObject\",\"inLanguage\":\"en-US\",\"@id\":\"https:\/\/dulio.vn\/#\/schema\/logo\/image\/\",\"url\":\"https:\/\/dulio.vn\/wp-content\/uploads\/2025\/08\/cropped-okok.png\",\"contentUrl\":\"https:\/\/dulio.vn\/wp-content\/uploads\/2025\/08\/cropped-okok.png\",\"width\":1844,\"height\":460,\"caption\":\"DULIO - Made Yours\"},\"image\":{\"@id\":\"https:\/\/dulio.vn\/#\/schema\/logo\/image\/\"}}]}<\/script>\n<!-- \/ Yoast SEO plugin. -->","yoast_head_json":{"title":"\u00c1O STARE DOWN - DULIO - Made Yours","robots":{"index":"index","follow":"follow","max-snippet":"max-snippet:-1","max-image-preview":"max-image-preview:large","max-video-preview":"max-video-preview:-1"},"canonical":"https:\/\/dulio.vn\/?product=325","og_locale":"en_US","og_type":"article","og_title":"\u00c1O STARE DOWN - DULIO - Made Yours","og_description":"Kh\u00e1m ph\u00e1 chi\u1ebfc \u00e1o thun tr\u1eafng \u0111\u1ed9c \u0111\u00e1o, n\u01a1i \u00e1nh m\u1eaft ngh\u1ec7 thu\u1eadt g\u1eb7p g\u1ee1 t\u00ean th\u01b0\u01a1ng hi\u1ec7u \u0111\u1ea7y \u1ea5n t\u01b0\u1ee3ng. \u0110\u00f4i m\u1eaft xanh d\u01b0\u01a1ng h\u00fat h\u1ed3n nh\u01b0 \u0111ang d\u00f5i theo t\u1eebng b\u01b0\u1edbc ch\u00e2n b\u1ea1n, trong khi d\u00f2ng ch\u1eef \"DULIO\" m\u00e0u \u0111\u1ecf t\u01b0\u01a1i n\u1ed5i b\u1eadt v\u1edbi hi\u1ec7u \u1ee9ng 3D, t\u1ea1o n\u00ean m\u1ed9t \u0111i\u1ec3m nh\u1ea5n kh\u00f4ng th\u1ec3 b\u1ecf qua. Chi\u1ebfc \u00e1o n\u00e0y kh\u00f4ng ch\u1ec9 l\u00e0 m\u1ed9t trang ph\u1ee5c, m\u00e0 c\u00f2n l\u00e0 m\u1ed9t tuy\u00ean ng\u00f4n v\u1ec1 phong c\u00e1ch c\u00e1 nh\u00e2n, s\u1ef1 t\u1ef1 tin v\u00e0 gu th\u1ea9m m\u1ef9 \u0111\u1ed9c \u0111\u00e1o. \u2022 100% Cotton \u2022 Relaxed\/Loose Fit \u2022 H\u1ecda ti\u1ebft 2 con m\u1eaft \u2022 T\u00ean th\u01b0\u01a1ng hi\u1ec7u c\u00f3 hi\u1ec7u \u1ee9ng n\u1ed5i","og_url":"https:\/\/dulio.vn\/?product=325","og_site_name":"DULIO - Made Yours","article_modified_time":"2025-08-07T08:27:39+00:00","og_image":[{"width":2000,"height":1595,"url":"https:\/\/dulio.vn\/wp-content\/uploads\/2025\/08\/DULIOeyes-front-white.png","type":"image\/png"}],"twitter_card":"summary_large_image","twitter_misc":{"Est. reading time":"1 minute"},"schema":{"@context":"https:\/\/schema.org","@graph":[{"@type":"WebPage","@id":"https:\/\/dulio.vn\/?product=325","url":"https:\/\/dulio.vn\/?product=325","name":"\u00c1O STARE DOWN - DULIO - Made Yours","isPartOf":{"@id":"https:\/\/dulio.vn\/#website"},"primaryImageOfPage":{"@id":"https:\/\/dulio.vn\/?product=325#primaryimage"},"image":{"@id":"https:\/\/dulio.vn\/?product=325#primaryimage"},"thumbnailUrl":"https:\/\/dulio.vn\/wp-content\/uploads\/2025\/08\/DULIOeyes-front-white.png","datePublished":"2020-12-02T10:10:18+00:00","dateModified":"2025-08-07T08:27:39+00:00","breadcrumb":{"@id":"https:\/\/dulio.vn\/?product=325#breadcrumb"},"inLanguage":"en-US","potentialAction":[{"@type":"ReadAction","target":["https:\/\/dulio.vn\/?product=325"]}]},{"@type":"ImageObject","inLanguage":"en-US","@id":"https:\/\/dulio.vn\/?product=325#primaryimage","url":"https:\/\/dulio.vn\/wp-content\/uploads\/2025\/08\/DULIOeyes-front-white.png","contentUrl":"https:\/\/dulio.vn\/wp-content\/uploads\/2025\/08\/DULIOeyes-front-white.png","width":2000,"height":1595},{"@type":"BreadcrumbList","@id":"https:\/\/dulio.vn\/?product=325#breadcrumb","itemListElement":[{"@type":"ListItem","position":1,"name":"Home","item":"https:\/\/dulio.vn\/"},{"@type":"ListItem","position":2,"name":"Shop","item":"https:\/\/dulio.vn\/?page_id=8"},{"@type":"ListItem","position":3,"name":"\u00c1O STARE DOWN"}]},{"@type":"WebSite","@id":"https:\/\/dulio.vn\/#website","url":"https:\/\/dulio.vn\/","name":"DULIO - Made Yours","description":"Dulio, dulio, DULIO","publisher":{"@id":"https:\/\/dulio.vn\/#organization"},"potentialAction":[{"@type":"SearchAction","target":{"@type":"EntryPoint","urlTemplate":"https:\/\/dulio.vn\/?s={search_term_string}"},"query-input":{"@type":"PropertyValueSpecification","valueRequired":true,"valueName":"search_term_string"}}],"inLanguage":"en-US"},{"@type":"Organization","@id":"https:\/\/dulio.vn\/#organization","name":"DULIO - Made Yours","url":"https:\/\/dulio.vn\/","logo":{"@type":"ImageObject","inLanguage":"en-US","@id":"https:\/\/dulio.vn\/#\/schema\/logo\/image\/","url":"https:\/\/dulio.vn\/wp-content\/uploads\/2025\/08\/cropped-okok.png","contentUrl":"https:\/\/dulio.vn\/wp-content\/uploads\/2025\/08\/cropped-okok.png","width":1844,"height":460,"caption":"DULIO - Made Yours"},"image":{"@id":"https:\/\/dulio.vn\/#\/schema\/logo\/image\/"}}]}},"_links":{"self":[{"href":"https:\/\/dulio.vn\/index.php?rest_route=\/wp\/v2\/product\/325","targetHints":{"allow":["GET"]}}],"collection":[{"href":"https:\/\/dulio.vn\/index.php?rest_route=\/wp\/v2\/product"}],"about":[{"href":"https:\/\/dulio.vn\/index.php?rest_route=\/wp\/v2\/types\/product"}],"replies":[{"embeddable":true,"href":"https:\/\/dulio.vn\/index.php?rest_route=%2Fwp%2Fv2%2Fcomments&post=325"}],"wp:featuredmedia":[{"embeddable":true,"href":"https:\/\/dulio.vn\/index.php?rest_route=\/wp\/v2\/media\/470"}],"wp:attachment":[{"href":"https:\/\/dulio.vn\/index.php?rest_route=%2Fwp%2Fv2%2Fmedia&parent=325"}],"wp:term":[{"taxonomy":"product_brand","embeddable":true,"href":"https:\/\/dulio.vn\/index.php?rest_route=%2Fwp%2Fv2%2Fproduct_brand&post=325"},{"taxonomy":"product_cat","embeddable":true,"href":"https:\/\/dulio.vn\/index.php?rest_route=%2Fwp%2Fv2%2Fproduct_cat&post=325"},{"taxonomy":"product_tag","embeddable":true,"href":"https:\/\/dulio.vn\/index.php?rest_route=%2Fwp%2Fv2%2Fproduct_tag&post=325"}],"curies":[{"name":"wp","href":"https:\/\/api.w.org\/{rel}","templated":true}]}}