{"id":326,"date":"2020-12-02T10:12:05","date_gmt":"2020-12-02T10:12:05","guid":{"rendered":"https:\/\/www.cssigniter.com\/demos\/amaryllis\/?post_type=product&#038;p=80"},"modified":"2025-08-07T08:27:23","modified_gmt":"2025-08-07T08:27:23","slug":"326","status":"publish","type":"product","link":"https:\/\/dulio.vn\/?product=326","title":{"rendered":"\u00c1O THE TRUTH"},"content":{"rendered":"","protected":false},"excerpt":{"rendered":"<h4>V\u1edbi h\u1ecda ti\u1ebft <b>\u0111\u00f4i m\u1eaft \u0111\u1ecf r\u1ef1c \u0111\u1ea7y quy\u1ec1n l\u1ef1c<\/b> \u0111\u01b0\u1ee3c \u0111\u1eb7t trong khung h\u00ecnh c\u1ed5 \u0111i\u1ec3n, chi\u1ebfc \u00e1o kh\u00f4ng ch\u1ec9 l\u00e0 m\u1ed9t item th\u1eddi trang, m\u00e0 c\u00f2n l\u00e0 m\u1ed9t t\u00e1c ph\u1ea9m ngh\u1ec7 thu\u1eadt mang \u0111\u1eadm t\u00ednh bi\u1ec3u t\u01b0\u1ee3ng. S\u1ef1 k\u1ebft h\u1ee3p gi\u1eefa \u0111\u00f4i m\u1eaft m\u1ea1nh m\u1ebd v\u00e0 th\u00f4ng \u0111i\u1ec7p &#8220;<b>Dulio the Truth<\/b>&#8221; t\u1ea1o n\u00ean m\u1ed9t c\u00e2u chuy\u1ec7n v\u1ec1 vi\u1ec7c nh\u00ecn th\u1ea5u m\u1ecdi th\u1ee9, v\u1ec1 s\u1ef1 th\u1eadt c\u00f3 th\u1ec3 \u0111\u00e1ng s\u1ee3 nh\u01b0ng v\u00f4 c\u00f9ng cu\u1ed1n h\u00fat.<\/h4>\n<h4>\u2022 100% Cotton<br \/>\n\u2022 Relaxed\/Loose Fit<br \/>\n\u2022 N\u1ec1n h\u00ecnh con m\u1eaft<\/h4>\n","protected":false},"featured_media":469,"comment_status":"open","ping_status":"closed","template":"","meta":{"inline_featured_image":false},"product_brand":[],"product_cat":[32,20,33],"product_tag":[],"class_list":{"0":"post-326","1":"product","2":"type-product","3":"status-publish","4":"has-post-thumbnail","6":"product_cat-ao-graphic","7":"product_cat-shop-all","8":"product_cat-tops","10":"first","11":"instock","12":"shipping-taxable","13":"purchasable","14":"product-type-variable"},"yoast_head":"<!-- This site is optimized with the Yoast SEO plugin v25.6 - https:\/\/yoast.com\/wordpress\/plugins\/seo\/ -->\n<title>\u00c1O THE TRUTH - DULIO - Made Yours<\/title>\n<meta name=\"robots\" content=\"index, follow, max-snippet:-1, max-image-preview:large, max-video-preview:-1\" \/>\n<link rel=\"canonical\" href=\"https:\/\/dulio.vn\/?product=326\" \/>\n<meta property=\"og:locale\" content=\"en_US\" \/>\n<meta property=\"og:type\" content=\"article\" \/>\n<meta property=\"og:title\" content=\"\u00c1O THE TRUTH - DULIO - Made Yours\" \/>\n<meta property=\"og:description\" content=\"V\u1edbi h\u1ecda ti\u1ebft \u0111\u00f4i m\u1eaft \u0111\u1ecf r\u1ef1c \u0111\u1ea7y quy\u1ec1n l\u1ef1c \u0111\u01b0\u1ee3c \u0111\u1eb7t trong khung h\u00ecnh c\u1ed5 \u0111i\u1ec3n, chi\u1ebfc \u00e1o kh\u00f4ng ch\u1ec9 l\u00e0 m\u1ed9t item th\u1eddi trang, m\u00e0 c\u00f2n l\u00e0 m\u1ed9t t\u00e1c ph\u1ea9m ngh\u1ec7 thu\u1eadt mang \u0111\u1eadm t\u00ednh bi\u1ec3u t\u01b0\u1ee3ng. S\u1ef1 k\u1ebft h\u1ee3p gi\u1eefa \u0111\u00f4i m\u1eaft m\u1ea1nh m\u1ebd v\u00e0 th\u00f4ng \u0111i\u1ec7p &quot;Dulio the Truth&quot; t\u1ea1o n\u00ean m\u1ed9t c\u00e2u chuy\u1ec7n v\u1ec1 vi\u1ec7c nh\u00ecn th\u1ea5u m\u1ecdi th\u1ee9, v\u1ec1 s\u1ef1 th\u1eadt c\u00f3 th\u1ec3 \u0111\u00e1ng s\u1ee3 nh\u01b0ng v\u00f4 c\u00f9ng cu\u1ed1n h\u00fat. \u2022 100% Cotton \u2022 Relaxed\/Loose Fit \u2022 N\u1ec1n h\u00ecnh con m\u1eaft\" \/>\n<meta property=\"og:url\" content=\"https:\/\/dulio.vn\/?product=326\" \/>\n<meta property=\"og:site_name\" content=\"DULIO - Made Yours\" \/>\n<meta property=\"article:modified_time\" content=\"2025-08-07T08:27:23+00:00\" \/>\n<meta property=\"og:image\" content=\"https:\/\/dulio.vn\/wp-content\/uploads\/2025\/08\/DULIOthetruth-front-white.png\" \/>\n\t<meta property=\"og:image:width\" content=\"2000\" \/>\n\t<meta property=\"og:image:height\" content=\"1595\" \/>\n\t<meta property=\"og:image:type\" content=\"image\/png\" \/>\n<meta name=\"twitter:card\" content=\"summary_large_image\" \/>\n<meta name=\"twitter:label1\" content=\"Est. reading time\" \/>\n\t<meta name=\"twitter:data1\" content=\"1 minute\" \/>\n<script type=\"application\/ld+json\" class=\"yoast-schema-graph\">{\"@context\":\"https:\/\/schema.org\",\"@graph\":[{\"@type\":\"WebPage\",\"@id\":\"https:\/\/dulio.vn\/?product=326\",\"url\":\"https:\/\/dulio.vn\/?product=326\",\"name\":\"\u00c1O THE TRUTH - DULIO - Made Yours\",\"isPartOf\":{\"@id\":\"https:\/\/dulio.vn\/#website\"},\"primaryImageOfPage\":{\"@id\":\"https:\/\/dulio.vn\/?product=326#primaryimage\"},\"image\":{\"@id\":\"https:\/\/dulio.vn\/?product=326#primaryimage\"},\"thumbnailUrl\":\"https:\/\/dulio.vn\/wp-content\/uploads\/2025\/08\/DULIOthetruth-front-white.png\",\"datePublished\":\"2020-12-02T10:12:05+00:00\",\"dateModified\":\"2025-08-07T08:27:23+00:00\",\"breadcrumb\":{\"@id\":\"https:\/\/dulio.vn\/?product=326#breadcrumb\"},\"inLanguage\":\"en-US\",\"potentialAction\":[{\"@type\":\"ReadAction\",\"target\":[\"https:\/\/dulio.vn\/?product=326\"]}]},{\"@type\":\"ImageObject\",\"inLanguage\":\"en-US\",\"@id\":\"https:\/\/dulio.vn\/?product=326#primaryimage\",\"url\":\"https:\/\/dulio.vn\/wp-content\/uploads\/2025\/08\/DULIOthetruth-front-white.png\",\"contentUrl\":\"https:\/\/dulio.vn\/wp-content\/uploads\/2025\/08\/DULIOthetruth-front-white.png\",\"width\":2000,\"height\":1595},{\"@type\":\"BreadcrumbList\",\"@id\":\"https:\/\/dulio.vn\/?product=326#breadcrumb\",\"itemListElement\":[{\"@type\":\"ListItem\",\"position\":1,\"name\":\"Home\",\"item\":\"https:\/\/dulio.vn\/\"},{\"@type\":\"ListItem\",\"position\":2,\"name\":\"Shop\",\"item\":\"https:\/\/dulio.vn\/?page_id=8\"},{\"@type\":\"ListItem\",\"position\":3,\"name\":\"\u00c1O THE TRUTH\"}]},{\"@type\":\"WebSite\",\"@id\":\"https:\/\/dulio.vn\/#website\",\"url\":\"https:\/\/dulio.vn\/\",\"name\":\"DULIO - Made Yours\",\"description\":\"Dulio, dulio, DULIO\",\"publisher\":{\"@id\":\"https:\/\/dulio.vn\/#organization\"},\"potentialAction\":[{\"@type\":\"SearchAction\",\"target\":{\"@type\":\"EntryPoint\",\"urlTemplate\":\"https:\/\/dulio.vn\/?s={search_term_string}\"},\"query-input\":{\"@type\":\"PropertyValueSpecification\",\"valueRequired\":true,\"valueName\":\"search_term_string\"}}],\"inLanguage\":\"en-US\"},{\"@type\":\"Organization\",\"@id\":\"https:\/\/dulio.vn\/#organization\",\"name\":\"DULIO - Made Yours\",\"url\":\"https:\/\/dulio.vn\/\",\"logo\":{\"@type\":\"ImageObject\",\"inLanguage\":\"en-US\",\"@id\":\"https:\/\/dulio.vn\/#\/schema\/logo\/image\/\",\"url\":\"https:\/\/dulio.vn\/wp-content\/uploads\/2025\/08\/cropped-okok.png\",\"contentUrl\":\"https:\/\/dulio.vn\/wp-content\/uploads\/2025\/08\/cropped-okok.png\",\"width\":1844,\"height\":460,\"caption\":\"DULIO - Made Yours\"},\"image\":{\"@id\":\"https:\/\/dulio.vn\/#\/schema\/logo\/image\/\"}}]}<\/script>\n<!-- \/ Yoast SEO plugin. -->","yoast_head_json":{"title":"\u00c1O THE TRUTH - DULIO - Made Yours","robots":{"index":"index","follow":"follow","max-snippet":"max-snippet:-1","max-image-preview":"max-image-preview:large","max-video-preview":"max-video-preview:-1"},"canonical":"https:\/\/dulio.vn\/?product=326","og_locale":"en_US","og_type":"article","og_title":"\u00c1O THE TRUTH - DULIO - Made Yours","og_description":"V\u1edbi h\u1ecda ti\u1ebft \u0111\u00f4i m\u1eaft \u0111\u1ecf r\u1ef1c \u0111\u1ea7y quy\u1ec1n l\u1ef1c \u0111\u01b0\u1ee3c \u0111\u1eb7t trong khung h\u00ecnh c\u1ed5 \u0111i\u1ec3n, chi\u1ebfc \u00e1o kh\u00f4ng ch\u1ec9 l\u00e0 m\u1ed9t item th\u1eddi trang, m\u00e0 c\u00f2n l\u00e0 m\u1ed9t t\u00e1c ph\u1ea9m ngh\u1ec7 thu\u1eadt mang \u0111\u1eadm t\u00ednh bi\u1ec3u t\u01b0\u1ee3ng. S\u1ef1 k\u1ebft h\u1ee3p gi\u1eefa \u0111\u00f4i m\u1eaft m\u1ea1nh m\u1ebd v\u00e0 th\u00f4ng \u0111i\u1ec7p \"Dulio the Truth\" t\u1ea1o n\u00ean m\u1ed9t c\u00e2u chuy\u1ec7n v\u1ec1 vi\u1ec7c nh\u00ecn th\u1ea5u m\u1ecdi th\u1ee9, v\u1ec1 s\u1ef1 th\u1eadt c\u00f3 th\u1ec3 \u0111\u00e1ng s\u1ee3 nh\u01b0ng v\u00f4 c\u00f9ng cu\u1ed1n h\u00fat. \u2022 100% Cotton \u2022 Relaxed\/Loose Fit \u2022 N\u1ec1n h\u00ecnh con m\u1eaft","og_url":"https:\/\/dulio.vn\/?product=326","og_site_name":"DULIO - Made Yours","article_modified_time":"2025-08-07T08:27:23+00:00","og_image":[{"width":2000,"height":1595,"url":"https:\/\/dulio.vn\/wp-content\/uploads\/2025\/08\/DULIOthetruth-front-white.png","type":"image\/png"}],"twitter_card":"summary_large_image","twitter_misc":{"Est. reading time":"1 minute"},"schema":{"@context":"https:\/\/schema.org","@graph":[{"@type":"WebPage","@id":"https:\/\/dulio.vn\/?product=326","url":"https:\/\/dulio.vn\/?product=326","name":"\u00c1O THE TRUTH - DULIO - Made Yours","isPartOf":{"@id":"https:\/\/dulio.vn\/#website"},"primaryImageOfPage":{"@id":"https:\/\/dulio.vn\/?product=326#primaryimage"},"image":{"@id":"https:\/\/dulio.vn\/?product=326#primaryimage"},"thumbnailUrl":"https:\/\/dulio.vn\/wp-content\/uploads\/2025\/08\/DULIOthetruth-front-white.png","datePublished":"2020-12-02T10:12:05+00:00","dateModified":"2025-08-07T08:27:23+00:00","breadcrumb":{"@id":"https:\/\/dulio.vn\/?product=326#breadcrumb"},"inLanguage":"en-US","potentialAction":[{"@type":"ReadAction","target":["https:\/\/dulio.vn\/?product=326"]}]},{"@type":"ImageObject","inLanguage":"en-US","@id":"https:\/\/dulio.vn\/?product=326#primaryimage","url":"https:\/\/dulio.vn\/wp-content\/uploads\/2025\/08\/DULIOthetruth-front-white.png","contentUrl":"https:\/\/dulio.vn\/wp-content\/uploads\/2025\/08\/DULIOthetruth-front-white.png","width":2000,"height":1595},{"@type":"BreadcrumbList","@id":"https:\/\/dulio.vn\/?product=326#breadcrumb","itemListElement":[{"@type":"ListItem","position":1,"name":"Home","item":"https:\/\/dulio.vn\/"},{"@type":"ListItem","position":2,"name":"Shop","item":"https:\/\/dulio.vn\/?page_id=8"},{"@type":"ListItem","position":3,"name":"\u00c1O THE TRUTH"}]},{"@type":"WebSite","@id":"https:\/\/dulio.vn\/#website","url":"https:\/\/dulio.vn\/","name":"DULIO - Made Yours","description":"Dulio, dulio, DULIO","publisher":{"@id":"https:\/\/dulio.vn\/#organization"},"potentialAction":[{"@type":"SearchAction","target":{"@type":"EntryPoint","urlTemplate":"https:\/\/dulio.vn\/?s={search_term_string}"},"query-input":{"@type":"PropertyValueSpecification","valueRequired":true,"valueName":"search_term_string"}}],"inLanguage":"en-US"},{"@type":"Organization","@id":"https:\/\/dulio.vn\/#organization","name":"DULIO - Made Yours","url":"https:\/\/dulio.vn\/","logo":{"@type":"ImageObject","inLanguage":"en-US","@id":"https:\/\/dulio.vn\/#\/schema\/logo\/image\/","url":"https:\/\/dulio.vn\/wp-content\/uploads\/2025\/08\/cropped-okok.png","contentUrl":"https:\/\/dulio.vn\/wp-content\/uploads\/2025\/08\/cropped-okok.png","width":1844,"height":460,"caption":"DULIO - Made Yours"},"image":{"@id":"https:\/\/dulio.vn\/#\/schema\/logo\/image\/"}}]}},"_links":{"self":[{"href":"https:\/\/dulio.vn\/index.php?rest_route=\/wp\/v2\/product\/326","targetHints":{"allow":["GET"]}}],"collection":[{"href":"https:\/\/dulio.vn\/index.php?rest_route=\/wp\/v2\/product"}],"about":[{"href":"https:\/\/dulio.vn\/index.php?rest_route=\/wp\/v2\/types\/product"}],"replies":[{"embeddable":true,"href":"https:\/\/dulio.vn\/index.php?rest_route=%2Fwp%2Fv2%2Fcomments&post=326"}],"wp:featuredmedia":[{"embeddable":true,"href":"https:\/\/dulio.vn\/index.php?rest_route=\/wp\/v2\/media\/469"}],"wp:attachment":[{"href":"https:\/\/dulio.vn\/index.php?rest_route=%2Fwp%2Fv2%2Fmedia&parent=326"}],"wp:term":[{"taxonomy":"product_brand","embeddable":true,"href":"https:\/\/dulio.vn\/index.php?rest_route=%2Fwp%2Fv2%2Fproduct_brand&post=326"},{"taxonomy":"product_cat","embeddable":true,"href":"https:\/\/dulio.vn\/index.php?rest_route=%2Fwp%2Fv2%2Fproduct_cat&post=326"},{"taxonomy":"product_tag","embeddable":true,"href":"https:\/\/dulio.vn\/index.php?rest_route=%2Fwp%2Fv2%2Fproduct_tag&post=326"}],"curies":[{"name":"wp","href":"https:\/\/api.w.org\/{rel}","templated":true}]}}