{"id":327,"date":"2023-12-04T11:13:30","date_gmt":"2023-12-04T11:13:30","guid":{"rendered":"https:\/\/www.cssigniter.com\/demos\/amaryllis\/?post_type=product&#038;p=82"},"modified":"2025-08-07T11:01:26","modified_gmt":"2025-08-07T11:01:26","slug":"ao-solitude","status":"publish","type":"product","link":"https:\/\/dulio.vn\/?product=ao-solitude","title":{"rendered":"\u00c1O SOLITUDE"},"content":{"rendered":"","protected":false},"excerpt":{"rendered":"<h4>V\u1edbi thi\u1ebft k\u1ebf collage \u0111en tr\u1eafng \u1ea5n t\u01b0\u1ee3ng, chi\u1ebfc \u00e1o kh\u00f4ng ch\u1ec9 l\u00e0 m\u1ed9t item th\u1eddi trang m\u00e0 c\u00f2n l\u00e0 m\u1ed9t <b>t\u00e1c ph\u1ea9m ngh\u1ec7 thu\u1eadt th\u1ecb gi\u00e1c<\/b>, g\u1ee3i l\u00ean nh\u1eefng c\u1ea3m x\u00fac s\u00e2u l\u1eafng v\u1ec1 n\u1ed7i bu\u1ed3n, s\u1ef1 c\u00f4 \u0111\u01a1n v\u00e0 v\u1ebb \u0111\u1eb9p n\u1ed9i t\u00e2m. D\u00f2ng ch\u1eef &#8220;<b>DULIO<\/b>&#8221; m\u00e0u \u0111\u1ecf duy nh\u1ea5t n\u1ed5i b\u1eadt, \u0111\u00f3ng vai tr\u00f2 nh\u01b0 m\u1ed9t ch\u1eef k\u00fd c\u1ee7a ng\u01b0\u1eddi ngh\u1ec7 s\u0129 ho\u1eb7c t\u00ean c\u1ee7a m\u1ed9t c\u00e2u chuy\u1ec7n c\u1ee7a th\u01b0\u01a1ng hi\u1ec7u.<\/h4>\n<h4>\u2022 100% Cotton<br \/>\n\u2022 Relaxed\/Loose Fit<br \/>\n\u2022 H\u1ecda ti\u1ebft t\u1ed5 h\u1ee3p 3 b\u1ee9c h\u00ecnh tr\u1eafng \u0111en<\/h4>\n","protected":false},"featured_media":468,"comment_status":"open","ping_status":"closed","template":"","meta":{"inline_featured_image":false},"product_brand":[],"product_cat":[32,20,33],"product_tag":[],"class_list":{"0":"post-327","1":"product","2":"type-product","3":"status-publish","4":"has-post-thumbnail","6":"product_cat-ao-graphic","7":"product_cat-shop-all","8":"product_cat-tops","10":"first","11":"instock","12":"shipping-taxable","13":"purchasable","14":"product-type-variable"},"yoast_head":"<!-- This site is optimized with the Yoast SEO plugin v25.6 - https:\/\/yoast.com\/wordpress\/plugins\/seo\/ -->\n<title>\u00c1O SOLITUDE - DULIO - Made Yours<\/title>\n<meta name=\"robots\" content=\"index, follow, max-snippet:-1, max-image-preview:large, max-video-preview:-1\" \/>\n<link rel=\"canonical\" href=\"https:\/\/dulio.vn\/?product=ao-solitude\" \/>\n<meta property=\"og:locale\" content=\"en_US\" \/>\n<meta property=\"og:type\" content=\"article\" \/>\n<meta property=\"og:title\" content=\"\u00c1O SOLITUDE - DULIO - Made Yours\" \/>\n<meta property=\"og:description\" content=\"V\u1edbi thi\u1ebft k\u1ebf collage \u0111en tr\u1eafng \u1ea5n t\u01b0\u1ee3ng, chi\u1ebfc \u00e1o kh\u00f4ng ch\u1ec9 l\u00e0 m\u1ed9t item th\u1eddi trang m\u00e0 c\u00f2n l\u00e0 m\u1ed9t t\u00e1c ph\u1ea9m ngh\u1ec7 thu\u1eadt th\u1ecb gi\u00e1c, g\u1ee3i l\u00ean nh\u1eefng c\u1ea3m x\u00fac s\u00e2u l\u1eafng v\u1ec1 n\u1ed7i bu\u1ed3n, s\u1ef1 c\u00f4 \u0111\u01a1n v\u00e0 v\u1ebb \u0111\u1eb9p n\u1ed9i t\u00e2m. D\u00f2ng ch\u1eef &quot;DULIO&quot; m\u00e0u \u0111\u1ecf duy nh\u1ea5t n\u1ed5i b\u1eadt, \u0111\u00f3ng vai tr\u00f2 nh\u01b0 m\u1ed9t ch\u1eef k\u00fd c\u1ee7a ng\u01b0\u1eddi ngh\u1ec7 s\u0129 ho\u1eb7c t\u00ean c\u1ee7a m\u1ed9t c\u00e2u chuy\u1ec7n c\u1ee7a th\u01b0\u01a1ng hi\u1ec7u. \u2022 100% Cotton \u2022 Relaxed\/Loose Fit \u2022 H\u1ecda ti\u1ebft t\u1ed5 h\u1ee3p 3 b\u1ee9c h\u00ecnh tr\u1eafng \u0111en\" \/>\n<meta property=\"og:url\" content=\"https:\/\/dulio.vn\/?product=ao-solitude\" \/>\n<meta property=\"og:site_name\" content=\"DULIO - Made Yours\" \/>\n<meta property=\"article:modified_time\" content=\"2025-08-07T11:01:26+00:00\" \/>\n<meta property=\"og:image\" content=\"https:\/\/dulio.vn\/wp-content\/uploads\/2025\/08\/solitude-front-white.png\" \/>\n\t<meta property=\"og:image:width\" content=\"2000\" \/>\n\t<meta property=\"og:image:height\" content=\"1596\" \/>\n\t<meta property=\"og:image:type\" content=\"image\/png\" \/>\n<meta name=\"twitter:card\" content=\"summary_large_image\" \/>\n<meta name=\"twitter:label1\" content=\"Est. reading time\" \/>\n\t<meta name=\"twitter:data1\" content=\"1 minute\" \/>\n<script type=\"application\/ld+json\" class=\"yoast-schema-graph\">{\"@context\":\"https:\/\/schema.org\",\"@graph\":[{\"@type\":\"WebPage\",\"@id\":\"https:\/\/dulio.vn\/?product=ao-solitude\",\"url\":\"https:\/\/dulio.vn\/?product=ao-solitude\",\"name\":\"\u00c1O SOLITUDE - DULIO - Made Yours\",\"isPartOf\":{\"@id\":\"https:\/\/dulio.vn\/#website\"},\"primaryImageOfPage\":{\"@id\":\"https:\/\/dulio.vn\/?product=ao-solitude#primaryimage\"},\"image\":{\"@id\":\"https:\/\/dulio.vn\/?product=ao-solitude#primaryimage\"},\"thumbnailUrl\":\"https:\/\/dulio.vn\/wp-content\/uploads\/2025\/08\/solitude-front-white.png\",\"datePublished\":\"2023-12-04T11:13:30+00:00\",\"dateModified\":\"2025-08-07T11:01:26+00:00\",\"breadcrumb\":{\"@id\":\"https:\/\/dulio.vn\/?product=ao-solitude#breadcrumb\"},\"inLanguage\":\"en-US\",\"potentialAction\":[{\"@type\":\"ReadAction\",\"target\":[\"https:\/\/dulio.vn\/?product=ao-solitude\"]}]},{\"@type\":\"ImageObject\",\"inLanguage\":\"en-US\",\"@id\":\"https:\/\/dulio.vn\/?product=ao-solitude#primaryimage\",\"url\":\"https:\/\/dulio.vn\/wp-content\/uploads\/2025\/08\/solitude-front-white.png\",\"contentUrl\":\"https:\/\/dulio.vn\/wp-content\/uploads\/2025\/08\/solitude-front-white.png\",\"width\":2000,\"height\":1596},{\"@type\":\"BreadcrumbList\",\"@id\":\"https:\/\/dulio.vn\/?product=ao-solitude#breadcrumb\",\"itemListElement\":[{\"@type\":\"ListItem\",\"position\":1,\"name\":\"Home\",\"item\":\"https:\/\/dulio.vn\/\"},{\"@type\":\"ListItem\",\"position\":2,\"name\":\"Shop\",\"item\":\"https:\/\/dulio.vn\/?page_id=8\"},{\"@type\":\"ListItem\",\"position\":3,\"name\":\"\u00c1O SOLITUDE\"}]},{\"@type\":\"WebSite\",\"@id\":\"https:\/\/dulio.vn\/#website\",\"url\":\"https:\/\/dulio.vn\/\",\"name\":\"DULIO - Made Yours\",\"description\":\"Dulio, dulio, DULIO\",\"publisher\":{\"@id\":\"https:\/\/dulio.vn\/#organization\"},\"potentialAction\":[{\"@type\":\"SearchAction\",\"target\":{\"@type\":\"EntryPoint\",\"urlTemplate\":\"https:\/\/dulio.vn\/?s={search_term_string}\"},\"query-input\":{\"@type\":\"PropertyValueSpecification\",\"valueRequired\":true,\"valueName\":\"search_term_string\"}}],\"inLanguage\":\"en-US\"},{\"@type\":\"Organization\",\"@id\":\"https:\/\/dulio.vn\/#organization\",\"name\":\"DULIO - Made Yours\",\"url\":\"https:\/\/dulio.vn\/\",\"logo\":{\"@type\":\"ImageObject\",\"inLanguage\":\"en-US\",\"@id\":\"https:\/\/dulio.vn\/#\/schema\/logo\/image\/\",\"url\":\"https:\/\/dulio.vn\/wp-content\/uploads\/2025\/08\/cropped-okok.png\",\"contentUrl\":\"https:\/\/dulio.vn\/wp-content\/uploads\/2025\/08\/cropped-okok.png\",\"width\":1844,\"height\":460,\"caption\":\"DULIO - Made Yours\"},\"image\":{\"@id\":\"https:\/\/dulio.vn\/#\/schema\/logo\/image\/\"}}]}<\/script>\n<!-- \/ Yoast SEO plugin. -->","yoast_head_json":{"title":"\u00c1O SOLITUDE - DULIO - Made Yours","robots":{"index":"index","follow":"follow","max-snippet":"max-snippet:-1","max-image-preview":"max-image-preview:large","max-video-preview":"max-video-preview:-1"},"canonical":"https:\/\/dulio.vn\/?product=ao-solitude","og_locale":"en_US","og_type":"article","og_title":"\u00c1O SOLITUDE - DULIO - Made Yours","og_description":"V\u1edbi thi\u1ebft k\u1ebf collage \u0111en tr\u1eafng \u1ea5n t\u01b0\u1ee3ng, chi\u1ebfc \u00e1o kh\u00f4ng ch\u1ec9 l\u00e0 m\u1ed9t item th\u1eddi trang m\u00e0 c\u00f2n l\u00e0 m\u1ed9t t\u00e1c ph\u1ea9m ngh\u1ec7 thu\u1eadt th\u1ecb gi\u00e1c, g\u1ee3i l\u00ean nh\u1eefng c\u1ea3m x\u00fac s\u00e2u l\u1eafng v\u1ec1 n\u1ed7i bu\u1ed3n, s\u1ef1 c\u00f4 \u0111\u01a1n v\u00e0 v\u1ebb \u0111\u1eb9p n\u1ed9i t\u00e2m. D\u00f2ng ch\u1eef \"DULIO\" m\u00e0u \u0111\u1ecf duy nh\u1ea5t n\u1ed5i b\u1eadt, \u0111\u00f3ng vai tr\u00f2 nh\u01b0 m\u1ed9t ch\u1eef k\u00fd c\u1ee7a ng\u01b0\u1eddi ngh\u1ec7 s\u0129 ho\u1eb7c t\u00ean c\u1ee7a m\u1ed9t c\u00e2u chuy\u1ec7n c\u1ee7a th\u01b0\u01a1ng hi\u1ec7u. \u2022 100% Cotton \u2022 Relaxed\/Loose Fit \u2022 H\u1ecda ti\u1ebft t\u1ed5 h\u1ee3p 3 b\u1ee9c h\u00ecnh tr\u1eafng \u0111en","og_url":"https:\/\/dulio.vn\/?product=ao-solitude","og_site_name":"DULIO - Made Yours","article_modified_time":"2025-08-07T11:01:26+00:00","og_image":[{"width":2000,"height":1596,"url":"https:\/\/dulio.vn\/wp-content\/uploads\/2025\/08\/solitude-front-white.png","type":"image\/png"}],"twitter_card":"summary_large_image","twitter_misc":{"Est. reading time":"1 minute"},"schema":{"@context":"https:\/\/schema.org","@graph":[{"@type":"WebPage","@id":"https:\/\/dulio.vn\/?product=ao-solitude","url":"https:\/\/dulio.vn\/?product=ao-solitude","name":"\u00c1O SOLITUDE - DULIO - Made Yours","isPartOf":{"@id":"https:\/\/dulio.vn\/#website"},"primaryImageOfPage":{"@id":"https:\/\/dulio.vn\/?product=ao-solitude#primaryimage"},"image":{"@id":"https:\/\/dulio.vn\/?product=ao-solitude#primaryimage"},"thumbnailUrl":"https:\/\/dulio.vn\/wp-content\/uploads\/2025\/08\/solitude-front-white.png","datePublished":"2023-12-04T11:13:30+00:00","dateModified":"2025-08-07T11:01:26+00:00","breadcrumb":{"@id":"https:\/\/dulio.vn\/?product=ao-solitude#breadcrumb"},"inLanguage":"en-US","potentialAction":[{"@type":"ReadAction","target":["https:\/\/dulio.vn\/?product=ao-solitude"]}]},{"@type":"ImageObject","inLanguage":"en-US","@id":"https:\/\/dulio.vn\/?product=ao-solitude#primaryimage","url":"https:\/\/dulio.vn\/wp-content\/uploads\/2025\/08\/solitude-front-white.png","contentUrl":"https:\/\/dulio.vn\/wp-content\/uploads\/2025\/08\/solitude-front-white.png","width":2000,"height":1596},{"@type":"BreadcrumbList","@id":"https:\/\/dulio.vn\/?product=ao-solitude#breadcrumb","itemListElement":[{"@type":"ListItem","position":1,"name":"Home","item":"https:\/\/dulio.vn\/"},{"@type":"ListItem","position":2,"name":"Shop","item":"https:\/\/dulio.vn\/?page_id=8"},{"@type":"ListItem","position":3,"name":"\u00c1O SOLITUDE"}]},{"@type":"WebSite","@id":"https:\/\/dulio.vn\/#website","url":"https:\/\/dulio.vn\/","name":"DULIO - Made Yours","description":"Dulio, dulio, DULIO","publisher":{"@id":"https:\/\/dulio.vn\/#organization"},"potentialAction":[{"@type":"SearchAction","target":{"@type":"EntryPoint","urlTemplate":"https:\/\/dulio.vn\/?s={search_term_string}"},"query-input":{"@type":"PropertyValueSpecification","valueRequired":true,"valueName":"search_term_string"}}],"inLanguage":"en-US"},{"@type":"Organization","@id":"https:\/\/dulio.vn\/#organization","name":"DULIO - Made Yours","url":"https:\/\/dulio.vn\/","logo":{"@type":"ImageObject","inLanguage":"en-US","@id":"https:\/\/dulio.vn\/#\/schema\/logo\/image\/","url":"https:\/\/dulio.vn\/wp-content\/uploads\/2025\/08\/cropped-okok.png","contentUrl":"https:\/\/dulio.vn\/wp-content\/uploads\/2025\/08\/cropped-okok.png","width":1844,"height":460,"caption":"DULIO - Made Yours"},"image":{"@id":"https:\/\/dulio.vn\/#\/schema\/logo\/image\/"}}]}},"_links":{"self":[{"href":"https:\/\/dulio.vn\/index.php?rest_route=\/wp\/v2\/product\/327","targetHints":{"allow":["GET"]}}],"collection":[{"href":"https:\/\/dulio.vn\/index.php?rest_route=\/wp\/v2\/product"}],"about":[{"href":"https:\/\/dulio.vn\/index.php?rest_route=\/wp\/v2\/types\/product"}],"replies":[{"embeddable":true,"href":"https:\/\/dulio.vn\/index.php?rest_route=%2Fwp%2Fv2%2Fcomments&post=327"}],"wp:featuredmedia":[{"embeddable":true,"href":"https:\/\/dulio.vn\/index.php?rest_route=\/wp\/v2\/media\/468"}],"wp:attachment":[{"href":"https:\/\/dulio.vn\/index.php?rest_route=%2Fwp%2Fv2%2Fmedia&parent=327"}],"wp:term":[{"taxonomy":"product_brand","embeddable":true,"href":"https:\/\/dulio.vn\/index.php?rest_route=%2Fwp%2Fv2%2Fproduct_brand&post=327"},{"taxonomy":"product_cat","embeddable":true,"href":"https:\/\/dulio.vn\/index.php?rest_route=%2Fwp%2Fv2%2Fproduct_cat&post=327"},{"taxonomy":"product_tag","embeddable":true,"href":"https:\/\/dulio.vn\/index.php?rest_route=%2Fwp%2Fv2%2Fproduct_tag&post=327"}],"curies":[{"name":"wp","href":"https:\/\/api.w.org\/{rel}","templated":true}]}}