{"id":328,"date":"2020-12-02T10:13:56","date_gmt":"2020-12-02T10:13:56","guid":{"rendered":"https:\/\/www.cssigniter.com\/demos\/amaryllis\/?post_type=product&#038;p=84"},"modified":"2025-08-07T08:21:12","modified_gmt":"2025-08-07T08:21:12","slug":"328","status":"publish","type":"product","link":"https:\/\/dulio.vn\/?product=328","title":{"rendered":"\u00c1O MANY FACES"},"content":{"rendered":"","protected":false},"excerpt":{"rendered":"<h4>Ba g\u01b0\u01a1ng m\u1eb7t si\u00eau th\u1ef1c v\u1edbi v\u00f4 v\u00e0n \u0111\u00f4i m\u1eaft ch\u1ed3ng ch\u00e9o l\u00ean nhau, nh\u01b0 nh\u1eefng m\u1ea3nh k\u00fd \u1ee9c v\u00e0 c\u1ea3m x\u00fac \u0111ang d\u00f5i theo t\u1eebng chuy\u1ec3n \u0111\u1ed9ng. T\u00ean &#8216;DULIO&#8217; v\u00e0 c\u00e2u n\u00f3i &#8216;Many faces watching&#8217; kh\u00f4ng ch\u1ec9 l\u00e0 ch\u1eef, m\u00e0 l\u00e0 m\u1ed9t d\u1ea5u \u1ea5n \u00e1m \u1ea3nh, th\u00f4i th\u00fac ng\u01b0\u1eddi m\u1eb7c kh\u00e1m ph\u00e1 chi\u1ec1u s\u00e2u c\u1ee7a ch\u00ednh m\u00ecnh v\u00e0 cu\u1ed1n h\u00fat m\u1ecdi \u00e1nh nh\u00ecn b\u1eb1ng v\u1ebb ngo\u00e0i \u0111\u1ea7y th\u00e1ch th\u1ee9c.<\/h4>\n<h4>\u2022 100% Cotton<br \/>\n\u2022 Relaxed\/Loose Fit<br \/>\n\u2022 H\u1ecda ti\u1ebft 3 g\u01b0\u01a1ng m\u1eb7t<\/h4>\n","protected":false},"featured_media":467,"comment_status":"open","ping_status":"closed","template":"","meta":{"inline_featured_image":false},"product_brand":[],"product_cat":[32,20,33],"product_tag":[],"class_list":{"0":"post-328","1":"product","2":"type-product","3":"status-publish","4":"has-post-thumbnail","6":"product_cat-ao-graphic","7":"product_cat-shop-all","8":"product_cat-tops","10":"first","11":"instock","12":"shipping-taxable","13":"purchasable","14":"product-type-variable"},"yoast_head":"<!-- This site is optimized with the Yoast SEO plugin v25.6 - https:\/\/yoast.com\/wordpress\/plugins\/seo\/ -->\n<title>\u00c1O MANY FACES - DULIO - Made Yours<\/title>\n<meta name=\"robots\" content=\"index, follow, max-snippet:-1, max-image-preview:large, max-video-preview:-1\" \/>\n<link rel=\"canonical\" href=\"https:\/\/dulio.vn\/?product=328\" \/>\n<meta property=\"og:locale\" content=\"en_US\" \/>\n<meta property=\"og:type\" content=\"article\" \/>\n<meta property=\"og:title\" content=\"\u00c1O MANY FACES - DULIO - Made Yours\" \/>\n<meta property=\"og:description\" content=\"Ba g\u01b0\u01a1ng m\u1eb7t si\u00eau th\u1ef1c v\u1edbi v\u00f4 v\u00e0n \u0111\u00f4i m\u1eaft ch\u1ed3ng ch\u00e9o l\u00ean nhau, nh\u01b0 nh\u1eefng m\u1ea3nh k\u00fd \u1ee9c v\u00e0 c\u1ea3m x\u00fac \u0111ang d\u00f5i theo t\u1eebng chuy\u1ec3n \u0111\u1ed9ng. T\u00ean &#039;DULIO&#039; v\u00e0 c\u00e2u n\u00f3i &#039;Many faces watching&#039; kh\u00f4ng ch\u1ec9 l\u00e0 ch\u1eef, m\u00e0 l\u00e0 m\u1ed9t d\u1ea5u \u1ea5n \u00e1m \u1ea3nh, th\u00f4i th\u00fac ng\u01b0\u1eddi m\u1eb7c kh\u00e1m ph\u00e1 chi\u1ec1u s\u00e2u c\u1ee7a ch\u00ednh m\u00ecnh v\u00e0 cu\u1ed1n h\u00fat m\u1ecdi \u00e1nh nh\u00ecn b\u1eb1ng v\u1ebb ngo\u00e0i \u0111\u1ea7y th\u00e1ch th\u1ee9c. \u2022 100% Cotton \u2022 Relaxed\/Loose Fit \u2022 H\u1ecda ti\u1ebft 3 g\u01b0\u01a1ng m\u1eb7t\" \/>\n<meta property=\"og:url\" content=\"https:\/\/dulio.vn\/?product=328\" \/>\n<meta property=\"og:site_name\" content=\"DULIO - Made Yours\" \/>\n<meta property=\"article:modified_time\" content=\"2025-08-07T08:21:12+00:00\" \/>\n<meta property=\"og:image\" content=\"https:\/\/dulio.vn\/wp-content\/uploads\/2025\/08\/manyfaces-front-navy.png\" \/>\n\t<meta property=\"og:image:width\" content=\"2000\" \/>\n\t<meta property=\"og:image:height\" content=\"1596\" \/>\n\t<meta property=\"og:image:type\" content=\"image\/png\" \/>\n<meta name=\"twitter:card\" content=\"summary_large_image\" \/>\n<meta name=\"twitter:label1\" content=\"Est. reading time\" \/>\n\t<meta name=\"twitter:data1\" content=\"1 minute\" \/>\n<script type=\"application\/ld+json\" class=\"yoast-schema-graph\">{\"@context\":\"https:\/\/schema.org\",\"@graph\":[{\"@type\":\"WebPage\",\"@id\":\"https:\/\/dulio.vn\/?product=328\",\"url\":\"https:\/\/dulio.vn\/?product=328\",\"name\":\"\u00c1O MANY FACES - DULIO - Made Yours\",\"isPartOf\":{\"@id\":\"https:\/\/dulio.vn\/#website\"},\"primaryImageOfPage\":{\"@id\":\"https:\/\/dulio.vn\/?product=328#primaryimage\"},\"image\":{\"@id\":\"https:\/\/dulio.vn\/?product=328#primaryimage\"},\"thumbnailUrl\":\"https:\/\/dulio.vn\/wp-content\/uploads\/2025\/08\/manyfaces-front-navy.png\",\"datePublished\":\"2020-12-02T10:13:56+00:00\",\"dateModified\":\"2025-08-07T08:21:12+00:00\",\"breadcrumb\":{\"@id\":\"https:\/\/dulio.vn\/?product=328#breadcrumb\"},\"inLanguage\":\"en-US\",\"potentialAction\":[{\"@type\":\"ReadAction\",\"target\":[\"https:\/\/dulio.vn\/?product=328\"]}]},{\"@type\":\"ImageObject\",\"inLanguage\":\"en-US\",\"@id\":\"https:\/\/dulio.vn\/?product=328#primaryimage\",\"url\":\"https:\/\/dulio.vn\/wp-content\/uploads\/2025\/08\/manyfaces-front-navy.png\",\"contentUrl\":\"https:\/\/dulio.vn\/wp-content\/uploads\/2025\/08\/manyfaces-front-navy.png\",\"width\":2000,\"height\":1596},{\"@type\":\"BreadcrumbList\",\"@id\":\"https:\/\/dulio.vn\/?product=328#breadcrumb\",\"itemListElement\":[{\"@type\":\"ListItem\",\"position\":1,\"name\":\"Home\",\"item\":\"https:\/\/dulio.vn\/\"},{\"@type\":\"ListItem\",\"position\":2,\"name\":\"Shop\",\"item\":\"https:\/\/dulio.vn\/?page_id=8\"},{\"@type\":\"ListItem\",\"position\":3,\"name\":\"\u00c1O MANY FACES\"}]},{\"@type\":\"WebSite\",\"@id\":\"https:\/\/dulio.vn\/#website\",\"url\":\"https:\/\/dulio.vn\/\",\"name\":\"DULIO - Made Yours\",\"description\":\"Dulio, dulio, DULIO\",\"publisher\":{\"@id\":\"https:\/\/dulio.vn\/#organization\"},\"potentialAction\":[{\"@type\":\"SearchAction\",\"target\":{\"@type\":\"EntryPoint\",\"urlTemplate\":\"https:\/\/dulio.vn\/?s={search_term_string}\"},\"query-input\":{\"@type\":\"PropertyValueSpecification\",\"valueRequired\":true,\"valueName\":\"search_term_string\"}}],\"inLanguage\":\"en-US\"},{\"@type\":\"Organization\",\"@id\":\"https:\/\/dulio.vn\/#organization\",\"name\":\"DULIO - Made Yours\",\"url\":\"https:\/\/dulio.vn\/\",\"logo\":{\"@type\":\"ImageObject\",\"inLanguage\":\"en-US\",\"@id\":\"https:\/\/dulio.vn\/#\/schema\/logo\/image\/\",\"url\":\"https:\/\/dulio.vn\/wp-content\/uploads\/2025\/08\/cropped-okok.png\",\"contentUrl\":\"https:\/\/dulio.vn\/wp-content\/uploads\/2025\/08\/cropped-okok.png\",\"width\":1844,\"height\":460,\"caption\":\"DULIO - Made Yours\"},\"image\":{\"@id\":\"https:\/\/dulio.vn\/#\/schema\/logo\/image\/\"}}]}<\/script>\n<!-- \/ Yoast SEO plugin. -->","yoast_head_json":{"title":"\u00c1O MANY FACES - DULIO - Made Yours","robots":{"index":"index","follow":"follow","max-snippet":"max-snippet:-1","max-image-preview":"max-image-preview:large","max-video-preview":"max-video-preview:-1"},"canonical":"https:\/\/dulio.vn\/?product=328","og_locale":"en_US","og_type":"article","og_title":"\u00c1O MANY FACES - DULIO - Made Yours","og_description":"Ba g\u01b0\u01a1ng m\u1eb7t si\u00eau th\u1ef1c v\u1edbi v\u00f4 v\u00e0n \u0111\u00f4i m\u1eaft ch\u1ed3ng ch\u00e9o l\u00ean nhau, nh\u01b0 nh\u1eefng m\u1ea3nh k\u00fd \u1ee9c v\u00e0 c\u1ea3m x\u00fac \u0111ang d\u00f5i theo t\u1eebng chuy\u1ec3n \u0111\u1ed9ng. T\u00ean 'DULIO' v\u00e0 c\u00e2u n\u00f3i 'Many faces watching' kh\u00f4ng ch\u1ec9 l\u00e0 ch\u1eef, m\u00e0 l\u00e0 m\u1ed9t d\u1ea5u \u1ea5n \u00e1m \u1ea3nh, th\u00f4i th\u00fac ng\u01b0\u1eddi m\u1eb7c kh\u00e1m ph\u00e1 chi\u1ec1u s\u00e2u c\u1ee7a ch\u00ednh m\u00ecnh v\u00e0 cu\u1ed1n h\u00fat m\u1ecdi \u00e1nh nh\u00ecn b\u1eb1ng v\u1ebb ngo\u00e0i \u0111\u1ea7y th\u00e1ch th\u1ee9c. \u2022 100% Cotton \u2022 Relaxed\/Loose Fit \u2022 H\u1ecda ti\u1ebft 3 g\u01b0\u01a1ng m\u1eb7t","og_url":"https:\/\/dulio.vn\/?product=328","og_site_name":"DULIO - Made Yours","article_modified_time":"2025-08-07T08:21:12+00:00","og_image":[{"width":2000,"height":1596,"url":"https:\/\/dulio.vn\/wp-content\/uploads\/2025\/08\/manyfaces-front-navy.png","type":"image\/png"}],"twitter_card":"summary_large_image","twitter_misc":{"Est. reading time":"1 minute"},"schema":{"@context":"https:\/\/schema.org","@graph":[{"@type":"WebPage","@id":"https:\/\/dulio.vn\/?product=328","url":"https:\/\/dulio.vn\/?product=328","name":"\u00c1O MANY FACES - DULIO - Made Yours","isPartOf":{"@id":"https:\/\/dulio.vn\/#website"},"primaryImageOfPage":{"@id":"https:\/\/dulio.vn\/?product=328#primaryimage"},"image":{"@id":"https:\/\/dulio.vn\/?product=328#primaryimage"},"thumbnailUrl":"https:\/\/dulio.vn\/wp-content\/uploads\/2025\/08\/manyfaces-front-navy.png","datePublished":"2020-12-02T10:13:56+00:00","dateModified":"2025-08-07T08:21:12+00:00","breadcrumb":{"@id":"https:\/\/dulio.vn\/?product=328#breadcrumb"},"inLanguage":"en-US","potentialAction":[{"@type":"ReadAction","target":["https:\/\/dulio.vn\/?product=328"]}]},{"@type":"ImageObject","inLanguage":"en-US","@id":"https:\/\/dulio.vn\/?product=328#primaryimage","url":"https:\/\/dulio.vn\/wp-content\/uploads\/2025\/08\/manyfaces-front-navy.png","contentUrl":"https:\/\/dulio.vn\/wp-content\/uploads\/2025\/08\/manyfaces-front-navy.png","width":2000,"height":1596},{"@type":"BreadcrumbList","@id":"https:\/\/dulio.vn\/?product=328#breadcrumb","itemListElement":[{"@type":"ListItem","position":1,"name":"Home","item":"https:\/\/dulio.vn\/"},{"@type":"ListItem","position":2,"name":"Shop","item":"https:\/\/dulio.vn\/?page_id=8"},{"@type":"ListItem","position":3,"name":"\u00c1O MANY FACES"}]},{"@type":"WebSite","@id":"https:\/\/dulio.vn\/#website","url":"https:\/\/dulio.vn\/","name":"DULIO - Made Yours","description":"Dulio, dulio, DULIO","publisher":{"@id":"https:\/\/dulio.vn\/#organization"},"potentialAction":[{"@type":"SearchAction","target":{"@type":"EntryPoint","urlTemplate":"https:\/\/dulio.vn\/?s={search_term_string}"},"query-input":{"@type":"PropertyValueSpecification","valueRequired":true,"valueName":"search_term_string"}}],"inLanguage":"en-US"},{"@type":"Organization","@id":"https:\/\/dulio.vn\/#organization","name":"DULIO - Made Yours","url":"https:\/\/dulio.vn\/","logo":{"@type":"ImageObject","inLanguage":"en-US","@id":"https:\/\/dulio.vn\/#\/schema\/logo\/image\/","url":"https:\/\/dulio.vn\/wp-content\/uploads\/2025\/08\/cropped-okok.png","contentUrl":"https:\/\/dulio.vn\/wp-content\/uploads\/2025\/08\/cropped-okok.png","width":1844,"height":460,"caption":"DULIO - Made Yours"},"image":{"@id":"https:\/\/dulio.vn\/#\/schema\/logo\/image\/"}}]}},"_links":{"self":[{"href":"https:\/\/dulio.vn\/index.php?rest_route=\/wp\/v2\/product\/328","targetHints":{"allow":["GET"]}}],"collection":[{"href":"https:\/\/dulio.vn\/index.php?rest_route=\/wp\/v2\/product"}],"about":[{"href":"https:\/\/dulio.vn\/index.php?rest_route=\/wp\/v2\/types\/product"}],"replies":[{"embeddable":true,"href":"https:\/\/dulio.vn\/index.php?rest_route=%2Fwp%2Fv2%2Fcomments&post=328"}],"wp:featuredmedia":[{"embeddable":true,"href":"https:\/\/dulio.vn\/index.php?rest_route=\/wp\/v2\/media\/467"}],"wp:attachment":[{"href":"https:\/\/dulio.vn\/index.php?rest_route=%2Fwp%2Fv2%2Fmedia&parent=328"}],"wp:term":[{"taxonomy":"product_brand","embeddable":true,"href":"https:\/\/dulio.vn\/index.php?rest_route=%2Fwp%2Fv2%2Fproduct_brand&post=328"},{"taxonomy":"product_cat","embeddable":true,"href":"https:\/\/dulio.vn\/index.php?rest_route=%2Fwp%2Fv2%2Fproduct_cat&post=328"},{"taxonomy":"product_tag","embeddable":true,"href":"https:\/\/dulio.vn\/index.php?rest_route=%2Fwp%2Fv2%2Fproduct_tag&post=328"}],"curies":[{"name":"wp","href":"https:\/\/api.w.org\/{rel}","templated":true}]}}