{"id":332,"date":"2020-12-02T10:39:42","date_gmt":"2020-12-02T10:39:42","guid":{"rendered":"https:\/\/www.cssigniter.com\/demos\/amaryllis\/?post_type=product&#038;p=92"},"modified":"2025-08-07T08:20:33","modified_gmt":"2025-08-07T08:20:33","slug":"332","status":"publish","type":"product","link":"https:\/\/dulio.vn\/?product=332","title":{"rendered":"\u00c1O EYES"},"content":{"rendered":"","protected":false},"excerpt":{"rendered":"<h4>N\u1ec1n \u00e1o m\u00e0u tr\u1eafng, l\u00e0m n\u1ed5i b\u1eadt ho\u00e0n to\u00e0n cho h\u1ecda ti\u1ebft tr\u1eafng \u0111en \u1edf trung t\u00e2m ng\u1ef1c. H\u1ecda ti\u1ebft ch\u00ednh l\u00e0 m\u1ed9t b\u1ee9c \u1ea3nh <b>c\u1eadn c\u1ea3nh m\u1ed9t \u0111\u00f4i m\u1eaft \u0111\u1ea7y bi\u1ec3u c\u1ea3m<\/b>, \u0111\u01b0\u1ee3c ch\u1ee5p theo phong c\u00e1ch t\u01b0\u01a1ng ph\u1ea3n cao. \u00c1nh s\u00e1ng chi\u1ebfu v\u00e0o l\u00e0m n\u1ed5i b\u1eadt t\u1eebng chi ti\u1ebft c\u1ee7a \u0111\u1ed3ng t\u1eed, m\u00ed m\u1eaft v\u00e0 l\u00f4ng m\u00e0y. D\u01b0\u1edbi \u0111\u00f4i m\u1eaft l\u00e0 m\u1ed9t m\u1ea3ng t\u1ed1i v\u1edbi nh\u1eefng h\u1ea1t li ti (noise), t\u1ea1o c\u1ea3m gi\u00e1c nh\u01b0 m\u1ed9t b\u1ee9c \u1ea3nh c\u0169 ho\u1eb7c m\u1ed9t th\u01b0\u1edbc phim grainy, t\u0103ng th\u00eam v\u1ebb b\u00ed \u1ea9n v\u00e0 ho\u00e0i c\u1ed5.<\/h4>\n<h4>\u2022 100% Cotton<br \/>\n\u2022 Relaxed\/Loose Fit<br \/>\n\u2022 N\u1ec1n h\u00ecnh m\u1eaft<br \/>\n\u2022 T\u00ean th\u01b0\u01a1ng hi\u1ec7u c\u00f3 hi\u1ec7u \u1ee9ng n\u1ed5i<\/h4>\n","protected":false},"featured_media":464,"comment_status":"open","ping_status":"closed","template":"","meta":{"inline_featured_image":false},"product_brand":[],"product_cat":[32,20,33],"product_tag":[],"class_list":{"0":"post-332","1":"product","2":"type-product","3":"status-publish","4":"has-post-thumbnail","6":"product_cat-ao-graphic","7":"product_cat-shop-all","8":"product_cat-tops","10":"first","11":"instock","12":"shipping-taxable","13":"purchasable","14":"product-type-variable"},"yoast_head":"<!-- This site is optimized with the Yoast SEO plugin v25.6 - https:\/\/yoast.com\/wordpress\/plugins\/seo\/ -->\n<title>\u00c1O EYES - DULIO - Made Yours<\/title>\n<meta name=\"robots\" content=\"index, follow, max-snippet:-1, max-image-preview:large, max-video-preview:-1\" \/>\n<link rel=\"canonical\" href=\"https:\/\/dulio.vn\/?product=332\" \/>\n<meta property=\"og:locale\" content=\"en_US\" \/>\n<meta property=\"og:type\" content=\"article\" \/>\n<meta property=\"og:title\" content=\"\u00c1O EYES - DULIO - Made Yours\" \/>\n<meta property=\"og:description\" content=\"N\u1ec1n \u00e1o m\u00e0u tr\u1eafng, l\u00e0m n\u1ed5i b\u1eadt ho\u00e0n to\u00e0n cho h\u1ecda ti\u1ebft tr\u1eafng \u0111en \u1edf trung t\u00e2m ng\u1ef1c. H\u1ecda ti\u1ebft ch\u00ednh l\u00e0 m\u1ed9t b\u1ee9c \u1ea3nh c\u1eadn c\u1ea3nh m\u1ed9t \u0111\u00f4i m\u1eaft \u0111\u1ea7y bi\u1ec3u c\u1ea3m, \u0111\u01b0\u1ee3c ch\u1ee5p theo phong c\u00e1ch t\u01b0\u01a1ng ph\u1ea3n cao. \u00c1nh s\u00e1ng chi\u1ebfu v\u00e0o l\u00e0m n\u1ed5i b\u1eadt t\u1eebng chi ti\u1ebft c\u1ee7a \u0111\u1ed3ng t\u1eed, m\u00ed m\u1eaft v\u00e0 l\u00f4ng m\u00e0y. D\u01b0\u1edbi \u0111\u00f4i m\u1eaft l\u00e0 m\u1ed9t m\u1ea3ng t\u1ed1i v\u1edbi nh\u1eefng h\u1ea1t li ti (noise), t\u1ea1o c\u1ea3m gi\u00e1c nh\u01b0 m\u1ed9t b\u1ee9c \u1ea3nh c\u0169 ho\u1eb7c m\u1ed9t th\u01b0\u1edbc phim grainy, t\u0103ng th\u00eam v\u1ebb b\u00ed \u1ea9n v\u00e0 ho\u00e0i c\u1ed5. \u2022 100% Cotton \u2022 Relaxed\/Loose Fit \u2022 N\u1ec1n h\u00ecnh m\u1eaft \u2022 T\u00ean th\u01b0\u01a1ng hi\u1ec7u c\u00f3 hi\u1ec7u \u1ee9ng n\u1ed5i\" \/>\n<meta property=\"og:url\" content=\"https:\/\/dulio.vn\/?product=332\" \/>\n<meta property=\"og:site_name\" content=\"DULIO - Made Yours\" \/>\n<meta property=\"article:modified_time\" content=\"2025-08-07T08:20:33+00:00\" \/>\n<meta property=\"og:image\" content=\"https:\/\/dulio.vn\/wp-content\/uploads\/2025\/08\/eyes-front-white.png\" \/>\n\t<meta property=\"og:image:width\" content=\"2000\" \/>\n\t<meta property=\"og:image:height\" content=\"1596\" \/>\n\t<meta property=\"og:image:type\" content=\"image\/png\" \/>\n<meta name=\"twitter:card\" content=\"summary_large_image\" \/>\n<meta name=\"twitter:label1\" content=\"Est. reading time\" \/>\n\t<meta name=\"twitter:data1\" content=\"1 minute\" \/>\n<script type=\"application\/ld+json\" class=\"yoast-schema-graph\">{\"@context\":\"https:\/\/schema.org\",\"@graph\":[{\"@type\":\"WebPage\",\"@id\":\"https:\/\/dulio.vn\/?product=332\",\"url\":\"https:\/\/dulio.vn\/?product=332\",\"name\":\"\u00c1O EYES - DULIO - Made Yours\",\"isPartOf\":{\"@id\":\"https:\/\/dulio.vn\/#website\"},\"primaryImageOfPage\":{\"@id\":\"https:\/\/dulio.vn\/?product=332#primaryimage\"},\"image\":{\"@id\":\"https:\/\/dulio.vn\/?product=332#primaryimage\"},\"thumbnailUrl\":\"https:\/\/dulio.vn\/wp-content\/uploads\/2025\/08\/eyes-front-white.png\",\"datePublished\":\"2020-12-02T10:39:42+00:00\",\"dateModified\":\"2025-08-07T08:20:33+00:00\",\"breadcrumb\":{\"@id\":\"https:\/\/dulio.vn\/?product=332#breadcrumb\"},\"inLanguage\":\"en-US\",\"potentialAction\":[{\"@type\":\"ReadAction\",\"target\":[\"https:\/\/dulio.vn\/?product=332\"]}]},{\"@type\":\"ImageObject\",\"inLanguage\":\"en-US\",\"@id\":\"https:\/\/dulio.vn\/?product=332#primaryimage\",\"url\":\"https:\/\/dulio.vn\/wp-content\/uploads\/2025\/08\/eyes-front-white.png\",\"contentUrl\":\"https:\/\/dulio.vn\/wp-content\/uploads\/2025\/08\/eyes-front-white.png\",\"width\":2000,\"height\":1596},{\"@type\":\"BreadcrumbList\",\"@id\":\"https:\/\/dulio.vn\/?product=332#breadcrumb\",\"itemListElement\":[{\"@type\":\"ListItem\",\"position\":1,\"name\":\"Home\",\"item\":\"https:\/\/dulio.vn\/\"},{\"@type\":\"ListItem\",\"position\":2,\"name\":\"Shop\",\"item\":\"https:\/\/dulio.vn\/?page_id=8\"},{\"@type\":\"ListItem\",\"position\":3,\"name\":\"\u00c1O EYES\"}]},{\"@type\":\"WebSite\",\"@id\":\"https:\/\/dulio.vn\/#website\",\"url\":\"https:\/\/dulio.vn\/\",\"name\":\"DULIO - Made Yours\",\"description\":\"Dulio, dulio, DULIO\",\"publisher\":{\"@id\":\"https:\/\/dulio.vn\/#organization\"},\"potentialAction\":[{\"@type\":\"SearchAction\",\"target\":{\"@type\":\"EntryPoint\",\"urlTemplate\":\"https:\/\/dulio.vn\/?s={search_term_string}\"},\"query-input\":{\"@type\":\"PropertyValueSpecification\",\"valueRequired\":true,\"valueName\":\"search_term_string\"}}],\"inLanguage\":\"en-US\"},{\"@type\":\"Organization\",\"@id\":\"https:\/\/dulio.vn\/#organization\",\"name\":\"DULIO - Made Yours\",\"url\":\"https:\/\/dulio.vn\/\",\"logo\":{\"@type\":\"ImageObject\",\"inLanguage\":\"en-US\",\"@id\":\"https:\/\/dulio.vn\/#\/schema\/logo\/image\/\",\"url\":\"https:\/\/dulio.vn\/wp-content\/uploads\/2025\/08\/cropped-okok.png\",\"contentUrl\":\"https:\/\/dulio.vn\/wp-content\/uploads\/2025\/08\/cropped-okok.png\",\"width\":1844,\"height\":460,\"caption\":\"DULIO - Made Yours\"},\"image\":{\"@id\":\"https:\/\/dulio.vn\/#\/schema\/logo\/image\/\"}}]}<\/script>\n<!-- \/ Yoast SEO plugin. -->","yoast_head_json":{"title":"\u00c1O EYES - DULIO - Made Yours","robots":{"index":"index","follow":"follow","max-snippet":"max-snippet:-1","max-image-preview":"max-image-preview:large","max-video-preview":"max-video-preview:-1"},"canonical":"https:\/\/dulio.vn\/?product=332","og_locale":"en_US","og_type":"article","og_title":"\u00c1O EYES - DULIO - Made Yours","og_description":"N\u1ec1n \u00e1o m\u00e0u tr\u1eafng, l\u00e0m n\u1ed5i b\u1eadt ho\u00e0n to\u00e0n cho h\u1ecda ti\u1ebft tr\u1eafng \u0111en \u1edf trung t\u00e2m ng\u1ef1c. H\u1ecda ti\u1ebft ch\u00ednh l\u00e0 m\u1ed9t b\u1ee9c \u1ea3nh c\u1eadn c\u1ea3nh m\u1ed9t \u0111\u00f4i m\u1eaft \u0111\u1ea7y bi\u1ec3u c\u1ea3m, \u0111\u01b0\u1ee3c ch\u1ee5p theo phong c\u00e1ch t\u01b0\u01a1ng ph\u1ea3n cao. \u00c1nh s\u00e1ng chi\u1ebfu v\u00e0o l\u00e0m n\u1ed5i b\u1eadt t\u1eebng chi ti\u1ebft c\u1ee7a \u0111\u1ed3ng t\u1eed, m\u00ed m\u1eaft v\u00e0 l\u00f4ng m\u00e0y. D\u01b0\u1edbi \u0111\u00f4i m\u1eaft l\u00e0 m\u1ed9t m\u1ea3ng t\u1ed1i v\u1edbi nh\u1eefng h\u1ea1t li ti (noise), t\u1ea1o c\u1ea3m gi\u00e1c nh\u01b0 m\u1ed9t b\u1ee9c \u1ea3nh c\u0169 ho\u1eb7c m\u1ed9t th\u01b0\u1edbc phim grainy, t\u0103ng th\u00eam v\u1ebb b\u00ed \u1ea9n v\u00e0 ho\u00e0i c\u1ed5. \u2022 100% Cotton \u2022 Relaxed\/Loose Fit \u2022 N\u1ec1n h\u00ecnh m\u1eaft \u2022 T\u00ean th\u01b0\u01a1ng hi\u1ec7u c\u00f3 hi\u1ec7u \u1ee9ng n\u1ed5i","og_url":"https:\/\/dulio.vn\/?product=332","og_site_name":"DULIO - Made Yours","article_modified_time":"2025-08-07T08:20:33+00:00","og_image":[{"width":2000,"height":1596,"url":"https:\/\/dulio.vn\/wp-content\/uploads\/2025\/08\/eyes-front-white.png","type":"image\/png"}],"twitter_card":"summary_large_image","twitter_misc":{"Est. reading time":"1 minute"},"schema":{"@context":"https:\/\/schema.org","@graph":[{"@type":"WebPage","@id":"https:\/\/dulio.vn\/?product=332","url":"https:\/\/dulio.vn\/?product=332","name":"\u00c1O EYES - DULIO - Made Yours","isPartOf":{"@id":"https:\/\/dulio.vn\/#website"},"primaryImageOfPage":{"@id":"https:\/\/dulio.vn\/?product=332#primaryimage"},"image":{"@id":"https:\/\/dulio.vn\/?product=332#primaryimage"},"thumbnailUrl":"https:\/\/dulio.vn\/wp-content\/uploads\/2025\/08\/eyes-front-white.png","datePublished":"2020-12-02T10:39:42+00:00","dateModified":"2025-08-07T08:20:33+00:00","breadcrumb":{"@id":"https:\/\/dulio.vn\/?product=332#breadcrumb"},"inLanguage":"en-US","potentialAction":[{"@type":"ReadAction","target":["https:\/\/dulio.vn\/?product=332"]}]},{"@type":"ImageObject","inLanguage":"en-US","@id":"https:\/\/dulio.vn\/?product=332#primaryimage","url":"https:\/\/dulio.vn\/wp-content\/uploads\/2025\/08\/eyes-front-white.png","contentUrl":"https:\/\/dulio.vn\/wp-content\/uploads\/2025\/08\/eyes-front-white.png","width":2000,"height":1596},{"@type":"BreadcrumbList","@id":"https:\/\/dulio.vn\/?product=332#breadcrumb","itemListElement":[{"@type":"ListItem","position":1,"name":"Home","item":"https:\/\/dulio.vn\/"},{"@type":"ListItem","position":2,"name":"Shop","item":"https:\/\/dulio.vn\/?page_id=8"},{"@type":"ListItem","position":3,"name":"\u00c1O EYES"}]},{"@type":"WebSite","@id":"https:\/\/dulio.vn\/#website","url":"https:\/\/dulio.vn\/","name":"DULIO - Made Yours","description":"Dulio, dulio, DULIO","publisher":{"@id":"https:\/\/dulio.vn\/#organization"},"potentialAction":[{"@type":"SearchAction","target":{"@type":"EntryPoint","urlTemplate":"https:\/\/dulio.vn\/?s={search_term_string}"},"query-input":{"@type":"PropertyValueSpecification","valueRequired":true,"valueName":"search_term_string"}}],"inLanguage":"en-US"},{"@type":"Organization","@id":"https:\/\/dulio.vn\/#organization","name":"DULIO - Made Yours","url":"https:\/\/dulio.vn\/","logo":{"@type":"ImageObject","inLanguage":"en-US","@id":"https:\/\/dulio.vn\/#\/schema\/logo\/image\/","url":"https:\/\/dulio.vn\/wp-content\/uploads\/2025\/08\/cropped-okok.png","contentUrl":"https:\/\/dulio.vn\/wp-content\/uploads\/2025\/08\/cropped-okok.png","width":1844,"height":460,"caption":"DULIO - Made Yours"},"image":{"@id":"https:\/\/dulio.vn\/#\/schema\/logo\/image\/"}}]}},"_links":{"self":[{"href":"https:\/\/dulio.vn\/index.php?rest_route=\/wp\/v2\/product\/332","targetHints":{"allow":["GET"]}}],"collection":[{"href":"https:\/\/dulio.vn\/index.php?rest_route=\/wp\/v2\/product"}],"about":[{"href":"https:\/\/dulio.vn\/index.php?rest_route=\/wp\/v2\/types\/product"}],"replies":[{"embeddable":true,"href":"https:\/\/dulio.vn\/index.php?rest_route=%2Fwp%2Fv2%2Fcomments&post=332"}],"wp:featuredmedia":[{"embeddable":true,"href":"https:\/\/dulio.vn\/index.php?rest_route=\/wp\/v2\/media\/464"}],"wp:attachment":[{"href":"https:\/\/dulio.vn\/index.php?rest_route=%2Fwp%2Fv2%2Fmedia&parent=332"}],"wp:term":[{"taxonomy":"product_brand","embeddable":true,"href":"https:\/\/dulio.vn\/index.php?rest_route=%2Fwp%2Fv2%2Fproduct_brand&post=332"},{"taxonomy":"product_cat","embeddable":true,"href":"https:\/\/dulio.vn\/index.php?rest_route=%2Fwp%2Fv2%2Fproduct_cat&post=332"},{"taxonomy":"product_tag","embeddable":true,"href":"https:\/\/dulio.vn\/index.php?rest_route=%2Fwp%2Fv2%2Fproduct_tag&post=332"}],"curies":[{"name":"wp","href":"https:\/\/api.w.org\/{rel}","templated":true}]}}