{"id":334,"date":"2024-12-02T10:43:07","date_gmt":"2024-12-02T10:43:07","guid":{"rendered":"https:\/\/www.cssigniter.com\/demos\/amaryllis\/?post_type=product&#038;p=96"},"modified":"2025-08-07T09:04:29","modified_gmt":"2025-08-07T09:04:29","slug":"334","status":"publish","type":"product","link":"https:\/\/dulio.vn\/?product=334","title":{"rendered":"\u00c1O DULIO SIGNATURE"},"content":{"rendered":"","protected":false},"excerpt":{"rendered":"<h4>M\u1ed9t v\u1ebb ngo\u00e0i <b>xanh navy<\/b>\u00a0l\u1ecbch l\u00e3m v\u00e0 nam t\u00ednh. \u0110i\u1ec3m nh\u1ea5n tinh t\u1ebf n\u1eb1m \u1edf ph\u1ea7n ng\u1ef1c \u00e1o, n\u01a1i d\u00f2ng ch\u1eef &#8220;<b>DULIO<\/b>&#8221; \u0111\u01b0\u1ee3c in n\u1ed5i b\u1eadt. \u0110i\u1ec1u \u0111\u1eb7c bi\u1ec7t l\u00e0 d\u00f2ng ch\u1eef n\u00e0y \u0111\u01b0\u1ee3c in v\u1edbi <b>hi\u1ec7u \u1ee9ng 3D r\u00f5 r\u1ec7t<\/b>, t\u1ea1o c\u1ea3m gi\u00e1c ch\u1eef nh\u01b0 \u0111ang nh\u00f4 l\u00ean kh\u1ecfi b\u1ec1 m\u1eb7t v\u1ea3i, mang \u0111\u1ebfn m\u1ed9t chi\u1ec1u s\u00e2u th\u1ecb gi\u00e1c \u0111\u1ed9c \u0111\u00e1o v\u00e0 thu h\u00fat. Ch\u1ea5t li\u1ec7u c\u1ee7a hi\u1ec7u \u1ee9ng n\u1ed5i n\u00e0y l\u00e0 nhung m\u1ec1m m\u1ea1i, t\u1ea1o ra m\u1ed9t s\u1ef1 t\u01b0\u01a1ng ph\u1ea3n th\u00fa v\u1ecb v\u1ec1 m\u1eb7t x\u00fac gi\u00e1c v\u1edbi ch\u1ea5t li\u1ec7u cotton th\u00f4ng th\u01b0\u1eddng c\u1ee7a \u00e1o. \u00c1nh s\u00e1ng nh\u1eb9 nh\u00e0ng s\u1ebd l\u00e0m n\u1ed5i b\u1eadt l\u1edbp nhung, t\u1ea1o n\u00ean m\u1ed9t v\u1ebb ngo\u00e0i v\u1eeba sang tr\u1ecdng v\u1eeba k\u00edn \u0111\u00e1o.<\/h4>\n<h4>\u2022 100% Cotton<br \/>\n\u2022 Relaxed\/Loose Fit<br \/>\n\u2022 T\u00ean th\u01b0\u01a1ng hi\u1ec7u \u0111\u1eb7c tr\u01b0ng \u1edf m\u1eb7t tr\u01b0\u1edbc<\/h4>\n","protected":false},"featured_media":392,"comment_status":"open","ping_status":"closed","template":"","meta":{"inline_featured_image":false},"product_brand":[],"product_cat":[22,20,33],"product_tag":[],"class_list":{"0":"post-334","1":"product","2":"type-product","3":"status-publish","4":"has-post-thumbnail","6":"product_cat-ao-thun","7":"product_cat-shop-all","8":"product_cat-tops","10":"first","11":"instock","12":"shipping-taxable","13":"purchasable","14":"product-type-variable"},"yoast_head":"<!-- This site is optimized with the Yoast SEO plugin v25.6 - https:\/\/yoast.com\/wordpress\/plugins\/seo\/ -->\n<title>\u00c1O DULIO SIGNATURE - DULIO - Made Yours<\/title>\n<meta name=\"robots\" content=\"index, follow, max-snippet:-1, max-image-preview:large, max-video-preview:-1\" \/>\n<link rel=\"canonical\" href=\"https:\/\/dulio.vn\/?product=334\" \/>\n<meta property=\"og:locale\" content=\"en_US\" \/>\n<meta property=\"og:type\" content=\"article\" \/>\n<meta property=\"og:title\" content=\"\u00c1O DULIO SIGNATURE - DULIO - Made Yours\" \/>\n<meta property=\"og:description\" content=\"M\u1ed9t v\u1ebb ngo\u00e0i xanh navy\u00a0l\u1ecbch l\u00e3m v\u00e0 nam t\u00ednh. \u0110i\u1ec3m nh\u1ea5n tinh t\u1ebf n\u1eb1m \u1edf ph\u1ea7n ng\u1ef1c \u00e1o, n\u01a1i d\u00f2ng ch\u1eef &quot;DULIO&quot; \u0111\u01b0\u1ee3c in n\u1ed5i b\u1eadt. \u0110i\u1ec1u \u0111\u1eb7c bi\u1ec7t l\u00e0 d\u00f2ng ch\u1eef n\u00e0y \u0111\u01b0\u1ee3c in v\u1edbi hi\u1ec7u \u1ee9ng 3D r\u00f5 r\u1ec7t, t\u1ea1o c\u1ea3m gi\u00e1c ch\u1eef nh\u01b0 \u0111ang nh\u00f4 l\u00ean kh\u1ecfi b\u1ec1 m\u1eb7t v\u1ea3i, mang \u0111\u1ebfn m\u1ed9t chi\u1ec1u s\u00e2u th\u1ecb gi\u00e1c \u0111\u1ed9c \u0111\u00e1o v\u00e0 thu h\u00fat. Ch\u1ea5t li\u1ec7u c\u1ee7a hi\u1ec7u \u1ee9ng n\u1ed5i n\u00e0y l\u00e0 nhung m\u1ec1m m\u1ea1i, t\u1ea1o ra m\u1ed9t s\u1ef1 t\u01b0\u01a1ng ph\u1ea3n th\u00fa v\u1ecb v\u1ec1 m\u1eb7t x\u00fac gi\u00e1c v\u1edbi ch\u1ea5t li\u1ec7u cotton th\u00f4ng th\u01b0\u1eddng c\u1ee7a \u00e1o. \u00c1nh s\u00e1ng nh\u1eb9 nh\u00e0ng s\u1ebd l\u00e0m n\u1ed5i b\u1eadt l\u1edbp nhung, t\u1ea1o n\u00ean m\u1ed9t v\u1ebb ngo\u00e0i v\u1eeba sang tr\u1ecdng v\u1eeba k\u00edn \u0111\u00e1o. \u2022 100% Cotton \u2022 Relaxed\/Loose Fit \u2022 T\u00ean th\u01b0\u01a1ng hi\u1ec7u \u0111\u1eb7c tr\u01b0ng \u1edf m\u1eb7t tr\u01b0\u1edbc\" \/>\n<meta property=\"og:url\" content=\"https:\/\/dulio.vn\/?product=334\" \/>\n<meta property=\"og:site_name\" content=\"DULIO - Made Yours\" \/>\n<meta property=\"article:modified_time\" content=\"2025-08-07T09:04:29+00:00\" \/>\n<meta property=\"og:image\" content=\"https:\/\/dulio.vn\/wp-content\/uploads\/2025\/08\/DULIOsignature-front-navy.png\" \/>\n\t<meta property=\"og:image:width\" content=\"2000\" \/>\n\t<meta property=\"og:image:height\" content=\"1596\" \/>\n\t<meta property=\"og:image:type\" content=\"image\/png\" \/>\n<meta name=\"twitter:card\" content=\"summary_large_image\" \/>\n<meta name=\"twitter:label1\" content=\"Est. reading time\" \/>\n\t<meta name=\"twitter:data1\" content=\"1 minute\" \/>\n<script type=\"application\/ld+json\" class=\"yoast-schema-graph\">{\"@context\":\"https:\/\/schema.org\",\"@graph\":[{\"@type\":\"WebPage\",\"@id\":\"https:\/\/dulio.vn\/?product=334\",\"url\":\"https:\/\/dulio.vn\/?product=334\",\"name\":\"\u00c1O DULIO SIGNATURE - DULIO - Made Yours\",\"isPartOf\":{\"@id\":\"https:\/\/dulio.vn\/#website\"},\"primaryImageOfPage\":{\"@id\":\"https:\/\/dulio.vn\/?product=334#primaryimage\"},\"image\":{\"@id\":\"https:\/\/dulio.vn\/?product=334#primaryimage\"},\"thumbnailUrl\":\"https:\/\/dulio.vn\/wp-content\/uploads\/2025\/08\/DULIOsignature-front-navy.png\",\"datePublished\":\"2024-12-02T10:43:07+00:00\",\"dateModified\":\"2025-08-07T09:04:29+00:00\",\"breadcrumb\":{\"@id\":\"https:\/\/dulio.vn\/?product=334#breadcrumb\"},\"inLanguage\":\"en-US\",\"potentialAction\":[{\"@type\":\"ReadAction\",\"target\":[\"https:\/\/dulio.vn\/?product=334\"]}]},{\"@type\":\"ImageObject\",\"inLanguage\":\"en-US\",\"@id\":\"https:\/\/dulio.vn\/?product=334#primaryimage\",\"url\":\"https:\/\/dulio.vn\/wp-content\/uploads\/2025\/08\/DULIOsignature-front-navy.png\",\"contentUrl\":\"https:\/\/dulio.vn\/wp-content\/uploads\/2025\/08\/DULIOsignature-front-navy.png\",\"width\":2000,\"height\":1596},{\"@type\":\"BreadcrumbList\",\"@id\":\"https:\/\/dulio.vn\/?product=334#breadcrumb\",\"itemListElement\":[{\"@type\":\"ListItem\",\"position\":1,\"name\":\"Home\",\"item\":\"https:\/\/dulio.vn\/\"},{\"@type\":\"ListItem\",\"position\":2,\"name\":\"Shop\",\"item\":\"https:\/\/dulio.vn\/?page_id=8\"},{\"@type\":\"ListItem\",\"position\":3,\"name\":\"\u00c1O DULIO SIGNATURE\"}]},{\"@type\":\"WebSite\",\"@id\":\"https:\/\/dulio.vn\/#website\",\"url\":\"https:\/\/dulio.vn\/\",\"name\":\"DULIO - Made Yours\",\"description\":\"Dulio, dulio, DULIO\",\"publisher\":{\"@id\":\"https:\/\/dulio.vn\/#organization\"},\"potentialAction\":[{\"@type\":\"SearchAction\",\"target\":{\"@type\":\"EntryPoint\",\"urlTemplate\":\"https:\/\/dulio.vn\/?s={search_term_string}\"},\"query-input\":{\"@type\":\"PropertyValueSpecification\",\"valueRequired\":true,\"valueName\":\"search_term_string\"}}],\"inLanguage\":\"en-US\"},{\"@type\":\"Organization\",\"@id\":\"https:\/\/dulio.vn\/#organization\",\"name\":\"DULIO - Made Yours\",\"url\":\"https:\/\/dulio.vn\/\",\"logo\":{\"@type\":\"ImageObject\",\"inLanguage\":\"en-US\",\"@id\":\"https:\/\/dulio.vn\/#\/schema\/logo\/image\/\",\"url\":\"https:\/\/dulio.vn\/wp-content\/uploads\/2025\/08\/cropped-okok.png\",\"contentUrl\":\"https:\/\/dulio.vn\/wp-content\/uploads\/2025\/08\/cropped-okok.png\",\"width\":1844,\"height\":460,\"caption\":\"DULIO - Made Yours\"},\"image\":{\"@id\":\"https:\/\/dulio.vn\/#\/schema\/logo\/image\/\"}}]}<\/script>\n<!-- \/ Yoast SEO plugin. -->","yoast_head_json":{"title":"\u00c1O DULIO SIGNATURE - DULIO - Made Yours","robots":{"index":"index","follow":"follow","max-snippet":"max-snippet:-1","max-image-preview":"max-image-preview:large","max-video-preview":"max-video-preview:-1"},"canonical":"https:\/\/dulio.vn\/?product=334","og_locale":"en_US","og_type":"article","og_title":"\u00c1O DULIO SIGNATURE - DULIO - Made Yours","og_description":"M\u1ed9t v\u1ebb ngo\u00e0i xanh navy\u00a0l\u1ecbch l\u00e3m v\u00e0 nam t\u00ednh. \u0110i\u1ec3m nh\u1ea5n tinh t\u1ebf n\u1eb1m \u1edf ph\u1ea7n ng\u1ef1c \u00e1o, n\u01a1i d\u00f2ng ch\u1eef \"DULIO\" \u0111\u01b0\u1ee3c in n\u1ed5i b\u1eadt. \u0110i\u1ec1u \u0111\u1eb7c bi\u1ec7t l\u00e0 d\u00f2ng ch\u1eef n\u00e0y \u0111\u01b0\u1ee3c in v\u1edbi hi\u1ec7u \u1ee9ng 3D r\u00f5 r\u1ec7t, t\u1ea1o c\u1ea3m gi\u00e1c ch\u1eef nh\u01b0 \u0111ang nh\u00f4 l\u00ean kh\u1ecfi b\u1ec1 m\u1eb7t v\u1ea3i, mang \u0111\u1ebfn m\u1ed9t chi\u1ec1u s\u00e2u th\u1ecb gi\u00e1c \u0111\u1ed9c \u0111\u00e1o v\u00e0 thu h\u00fat. Ch\u1ea5t li\u1ec7u c\u1ee7a hi\u1ec7u \u1ee9ng n\u1ed5i n\u00e0y l\u00e0 nhung m\u1ec1m m\u1ea1i, t\u1ea1o ra m\u1ed9t s\u1ef1 t\u01b0\u01a1ng ph\u1ea3n th\u00fa v\u1ecb v\u1ec1 m\u1eb7t x\u00fac gi\u00e1c v\u1edbi ch\u1ea5t li\u1ec7u cotton th\u00f4ng th\u01b0\u1eddng c\u1ee7a \u00e1o. \u00c1nh s\u00e1ng nh\u1eb9 nh\u00e0ng s\u1ebd l\u00e0m n\u1ed5i b\u1eadt l\u1edbp nhung, t\u1ea1o n\u00ean m\u1ed9t v\u1ebb ngo\u00e0i v\u1eeba sang tr\u1ecdng v\u1eeba k\u00edn \u0111\u00e1o. \u2022 100% Cotton \u2022 Relaxed\/Loose Fit \u2022 T\u00ean th\u01b0\u01a1ng hi\u1ec7u \u0111\u1eb7c tr\u01b0ng \u1edf m\u1eb7t tr\u01b0\u1edbc","og_url":"https:\/\/dulio.vn\/?product=334","og_site_name":"DULIO - Made Yours","article_modified_time":"2025-08-07T09:04:29+00:00","og_image":[{"width":2000,"height":1596,"url":"https:\/\/dulio.vn\/wp-content\/uploads\/2025\/08\/DULIOsignature-front-navy.png","type":"image\/png"}],"twitter_card":"summary_large_image","twitter_misc":{"Est. reading time":"1 minute"},"schema":{"@context":"https:\/\/schema.org","@graph":[{"@type":"WebPage","@id":"https:\/\/dulio.vn\/?product=334","url":"https:\/\/dulio.vn\/?product=334","name":"\u00c1O DULIO SIGNATURE - DULIO - Made Yours","isPartOf":{"@id":"https:\/\/dulio.vn\/#website"},"primaryImageOfPage":{"@id":"https:\/\/dulio.vn\/?product=334#primaryimage"},"image":{"@id":"https:\/\/dulio.vn\/?product=334#primaryimage"},"thumbnailUrl":"https:\/\/dulio.vn\/wp-content\/uploads\/2025\/08\/DULIOsignature-front-navy.png","datePublished":"2024-12-02T10:43:07+00:00","dateModified":"2025-08-07T09:04:29+00:00","breadcrumb":{"@id":"https:\/\/dulio.vn\/?product=334#breadcrumb"},"inLanguage":"en-US","potentialAction":[{"@type":"ReadAction","target":["https:\/\/dulio.vn\/?product=334"]}]},{"@type":"ImageObject","inLanguage":"en-US","@id":"https:\/\/dulio.vn\/?product=334#primaryimage","url":"https:\/\/dulio.vn\/wp-content\/uploads\/2025\/08\/DULIOsignature-front-navy.png","contentUrl":"https:\/\/dulio.vn\/wp-content\/uploads\/2025\/08\/DULIOsignature-front-navy.png","width":2000,"height":1596},{"@type":"BreadcrumbList","@id":"https:\/\/dulio.vn\/?product=334#breadcrumb","itemListElement":[{"@type":"ListItem","position":1,"name":"Home","item":"https:\/\/dulio.vn\/"},{"@type":"ListItem","position":2,"name":"Shop","item":"https:\/\/dulio.vn\/?page_id=8"},{"@type":"ListItem","position":3,"name":"\u00c1O DULIO SIGNATURE"}]},{"@type":"WebSite","@id":"https:\/\/dulio.vn\/#website","url":"https:\/\/dulio.vn\/","name":"DULIO - Made Yours","description":"Dulio, dulio, DULIO","publisher":{"@id":"https:\/\/dulio.vn\/#organization"},"potentialAction":[{"@type":"SearchAction","target":{"@type":"EntryPoint","urlTemplate":"https:\/\/dulio.vn\/?s={search_term_string}"},"query-input":{"@type":"PropertyValueSpecification","valueRequired":true,"valueName":"search_term_string"}}],"inLanguage":"en-US"},{"@type":"Organization","@id":"https:\/\/dulio.vn\/#organization","name":"DULIO - Made Yours","url":"https:\/\/dulio.vn\/","logo":{"@type":"ImageObject","inLanguage":"en-US","@id":"https:\/\/dulio.vn\/#\/schema\/logo\/image\/","url":"https:\/\/dulio.vn\/wp-content\/uploads\/2025\/08\/cropped-okok.png","contentUrl":"https:\/\/dulio.vn\/wp-content\/uploads\/2025\/08\/cropped-okok.png","width":1844,"height":460,"caption":"DULIO - Made Yours"},"image":{"@id":"https:\/\/dulio.vn\/#\/schema\/logo\/image\/"}}]}},"_links":{"self":[{"href":"https:\/\/dulio.vn\/index.php?rest_route=\/wp\/v2\/product\/334","targetHints":{"allow":["GET"]}}],"collection":[{"href":"https:\/\/dulio.vn\/index.php?rest_route=\/wp\/v2\/product"}],"about":[{"href":"https:\/\/dulio.vn\/index.php?rest_route=\/wp\/v2\/types\/product"}],"replies":[{"embeddable":true,"href":"https:\/\/dulio.vn\/index.php?rest_route=%2Fwp%2Fv2%2Fcomments&post=334"}],"wp:featuredmedia":[{"embeddable":true,"href":"https:\/\/dulio.vn\/index.php?rest_route=\/wp\/v2\/media\/392"}],"wp:attachment":[{"href":"https:\/\/dulio.vn\/index.php?rest_route=%2Fwp%2Fv2%2Fmedia&parent=334"}],"wp:term":[{"taxonomy":"product_brand","embeddable":true,"href":"https:\/\/dulio.vn\/index.php?rest_route=%2Fwp%2Fv2%2Fproduct_brand&post=334"},{"taxonomy":"product_cat","embeddable":true,"href":"https:\/\/dulio.vn\/index.php?rest_route=%2Fwp%2Fv2%2Fproduct_cat&post=334"},{"taxonomy":"product_tag","embeddable":true,"href":"https:\/\/dulio.vn\/index.php?rest_route=%2Fwp%2Fv2%2Fproduct_tag&post=334"}],"curies":[{"name":"wp","href":"https:\/\/api.w.org\/{rel}","templated":true}]}}