{"id":337,"date":"2020-12-02T10:51:04","date_gmt":"2020-12-02T10:51:04","guid":{"rendered":"https:\/\/www.cssigniter.com\/demos\/amaryllis\/?post_type=product&#038;p=104"},"modified":"2025-08-07T08:54:46","modified_gmt":"2025-08-07T08:54:46","slug":"337","status":"publish","type":"product","link":"https:\/\/dulio.vn\/?product=337","title":{"rendered":"\u00c1O THUN MINIMALISM H\u1ed2NG"},"content":{"rendered":"","protected":false},"excerpt":{"rendered":"<h4 class=\"title-lg\">N\u1ec1n \u00e1o m\u00e0u\u00a0<b>h\u1ed3ng<\/b>, mang \u0111\u1ebfn c\u1ea3m gi\u00e1c t\u01b0\u01a1i m\u1edbi, nh\u1eb9 nh\u00e0ng v\u00e0 thanh l\u1ecbch. \u0110i\u1ec3m nh\u1ea5n \u0111\u1eb7c bi\u1ec7t n\u1eb1m \u1edf m\u1eb7t l\u01b0ng \u00e1o, n\u01a1i c\u00e1c d\u00f2ng ch\u1eef \u0111\u01b0\u1ee3c s\u1eafp x\u1ebfp m\u1ed9t c\u00e1ch c\u00f3 ch\u1ee7 \u00fd. D\u00f2ng tr\u00ean c\u00f9ng l\u00e0 t\u00ean th\u01b0\u01a1ng hi\u1ec7u &#8220;<b>DULIO<\/b>&#8221; \u0111\u01b0\u1ee3c in b\u1eb1ng ph\u00f4ng ch\u1eef \u0111\u1eadm, hi\u1ec7n \u0111\u1ea1i. D\u01b0\u1edbi \u0111\u00f3 l\u00e0 hai d\u00f2ng ch\u1eef v\u1edbi ph\u00f4ng ch\u1eef \u0111\u1ed1i l\u1eadp, bao g\u1ed3m m\u1ed9t c\u00e2u n\u00f3i mang t\u00ednh tri\u1ebft l\u00fd v\u00e0 m\u1ed9t d\u00f2ng ch\u1eef vi\u1ebft tay m\u1ec1m m\u1ea1i &#8220;<b>Minimalism Creativity<\/b>&#8220;. To\u00e0n b\u1ed9 h\u1ecda ti\u1ebft n\u00e0y kh\u00f4ng ch\u1ec9 \u0111\u01b0\u1ee3c in th\u00f4ng th\u01b0\u1eddng m\u00e0 c\u00f2n \u0111\u01b0\u1ee3c t\u1ea1o ra b\u1eb1ng\u00a0<b>ch\u1ea5t li\u1ec7u nhung<\/b>\u00a0cao c\u1ea5p, mang l\u1ea1i hi\u1ec7u \u1ee9ng th\u1ecb gi\u00e1c v\u00e0 x\u00fac gi\u00e1c \u0111\u1ed9c \u0111\u00e1o. Ch\u1ea5t li\u1ec7u nhung m\u1ecbn m\u00e0ng t\u01b0\u01a1ng ph\u1ea3n v\u1edbi b\u1ec1 m\u1eb7t cotton c\u1ee7a \u00e1o, t\u1ea1o c\u1ea3m gi\u00e1c sang tr\u1ecdng v\u00e0 \u0111\u1eb3ng c\u1ea5p.<\/h4>\n<h4>\u2022 100% Cotton<br \/>\n\u2022 Relaxed\/Loose Fit<br \/>\n\u2022 T\u00ean th\u01b0\u01a1ng hi\u1ec7u v\u00e0 h\u1ecda ti\u1ebft v\u1ea3i nhung \u1edf m\u1eb7t sau \u00e1o<\/h4>\n","protected":false},"featured_media":399,"comment_status":"open","ping_status":"closed","template":"","meta":{"inline_featured_image":false},"product_brand":[],"product_cat":[22,20,33],"product_tag":[],"class_list":{"0":"post-337","1":"product","2":"type-product","3":"status-publish","4":"has-post-thumbnail","6":"product_cat-ao-thun","7":"product_cat-shop-all","8":"product_cat-tops","10":"first","11":"instock","12":"sale","13":"shipping-taxable","14":"purchasable","15":"product-type-variable"},"yoast_head":"<!-- This site is optimized with the Yoast SEO plugin v25.6 - https:\/\/yoast.com\/wordpress\/plugins\/seo\/ -->\n<title>\u00c1O THUN MINIMALISM H\u1ed2NG - DULIO - Made Yours<\/title>\n<meta name=\"robots\" content=\"index, follow, max-snippet:-1, max-image-preview:large, max-video-preview:-1\" \/>\n<link rel=\"canonical\" href=\"https:\/\/dulio.vn\/?product=337\" \/>\n<meta property=\"og:locale\" content=\"en_US\" \/>\n<meta property=\"og:type\" content=\"article\" \/>\n<meta property=\"og:title\" content=\"\u00c1O THUN MINIMALISM H\u1ed2NG - DULIO - Made Yours\" \/>\n<meta property=\"og:description\" content=\"N\u1ec1n \u00e1o m\u00e0u\u00a0h\u1ed3ng, mang \u0111\u1ebfn c\u1ea3m gi\u00e1c t\u01b0\u01a1i m\u1edbi, nh\u1eb9 nh\u00e0ng v\u00e0 thanh l\u1ecbch. \u0110i\u1ec3m nh\u1ea5n \u0111\u1eb7c bi\u1ec7t n\u1eb1m \u1edf m\u1eb7t l\u01b0ng \u00e1o, n\u01a1i c\u00e1c d\u00f2ng ch\u1eef \u0111\u01b0\u1ee3c s\u1eafp x\u1ebfp m\u1ed9t c\u00e1ch c\u00f3 ch\u1ee7 \u00fd. D\u00f2ng tr\u00ean c\u00f9ng l\u00e0 t\u00ean th\u01b0\u01a1ng hi\u1ec7u &quot;DULIO&quot; \u0111\u01b0\u1ee3c in b\u1eb1ng ph\u00f4ng ch\u1eef \u0111\u1eadm, hi\u1ec7n \u0111\u1ea1i. D\u01b0\u1edbi \u0111\u00f3 l\u00e0 hai d\u00f2ng ch\u1eef v\u1edbi ph\u00f4ng ch\u1eef \u0111\u1ed1i l\u1eadp, bao g\u1ed3m m\u1ed9t c\u00e2u n\u00f3i mang t\u00ednh tri\u1ebft l\u00fd v\u00e0 m\u1ed9t d\u00f2ng ch\u1eef vi\u1ebft tay m\u1ec1m m\u1ea1i &quot;Minimalism Creativity&quot;. To\u00e0n b\u1ed9 h\u1ecda ti\u1ebft n\u00e0y kh\u00f4ng ch\u1ec9 \u0111\u01b0\u1ee3c in th\u00f4ng th\u01b0\u1eddng m\u00e0 c\u00f2n \u0111\u01b0\u1ee3c t\u1ea1o ra b\u1eb1ng\u00a0ch\u1ea5t li\u1ec7u nhung\u00a0cao c\u1ea5p, mang l\u1ea1i hi\u1ec7u \u1ee9ng th\u1ecb gi\u00e1c v\u00e0 x\u00fac gi\u00e1c \u0111\u1ed9c \u0111\u00e1o. Ch\u1ea5t li\u1ec7u nhung m\u1ecbn m\u00e0ng t\u01b0\u01a1ng ph\u1ea3n v\u1edbi b\u1ec1 m\u1eb7t cotton c\u1ee7a \u00e1o, t\u1ea1o c\u1ea3m gi\u00e1c sang tr\u1ecdng v\u00e0 \u0111\u1eb3ng c\u1ea5p. \u2022 100% Cotton \u2022 Relaxed\/Loose Fit \u2022 T\u00ean th\u01b0\u01a1ng hi\u1ec7u v\u00e0 h\u1ecda ti\u1ebft v\u1ea3i nhung \u1edf m\u1eb7t sau \u00e1o\" \/>\n<meta property=\"og:url\" content=\"https:\/\/dulio.vn\/?product=337\" \/>\n<meta property=\"og:site_name\" content=\"DULIO - Made Yours\" \/>\n<meta property=\"article:modified_time\" content=\"2025-08-07T08:54:46+00:00\" \/>\n<meta property=\"og:image\" content=\"https:\/\/dulio.vn\/wp-content\/uploads\/2025\/08\/minimalism-back-pink.png\" \/>\n\t<meta property=\"og:image:width\" content=\"2000\" \/>\n\t<meta property=\"og:image:height\" content=\"1596\" \/>\n\t<meta property=\"og:image:type\" content=\"image\/png\" \/>\n<meta name=\"twitter:card\" content=\"summary_large_image\" \/>\n<meta name=\"twitter:label1\" content=\"Est. reading time\" \/>\n\t<meta name=\"twitter:data1\" content=\"1 minute\" \/>\n<script type=\"application\/ld+json\" class=\"yoast-schema-graph\">{\"@context\":\"https:\/\/schema.org\",\"@graph\":[{\"@type\":\"WebPage\",\"@id\":\"https:\/\/dulio.vn\/?product=337\",\"url\":\"https:\/\/dulio.vn\/?product=337\",\"name\":\"\u00c1O THUN MINIMALISM H\u1ed2NG - DULIO - Made Yours\",\"isPartOf\":{\"@id\":\"https:\/\/dulio.vn\/#website\"},\"primaryImageOfPage\":{\"@id\":\"https:\/\/dulio.vn\/?product=337#primaryimage\"},\"image\":{\"@id\":\"https:\/\/dulio.vn\/?product=337#primaryimage\"},\"thumbnailUrl\":\"https:\/\/dulio.vn\/wp-content\/uploads\/2025\/08\/minimalism-back-pink.png\",\"datePublished\":\"2020-12-02T10:51:04+00:00\",\"dateModified\":\"2025-08-07T08:54:46+00:00\",\"breadcrumb\":{\"@id\":\"https:\/\/dulio.vn\/?product=337#breadcrumb\"},\"inLanguage\":\"en-US\",\"potentialAction\":[{\"@type\":\"ReadAction\",\"target\":[\"https:\/\/dulio.vn\/?product=337\"]}]},{\"@type\":\"ImageObject\",\"inLanguage\":\"en-US\",\"@id\":\"https:\/\/dulio.vn\/?product=337#primaryimage\",\"url\":\"https:\/\/dulio.vn\/wp-content\/uploads\/2025\/08\/minimalism-back-pink.png\",\"contentUrl\":\"https:\/\/dulio.vn\/wp-content\/uploads\/2025\/08\/minimalism-back-pink.png\",\"width\":2000,\"height\":1596},{\"@type\":\"BreadcrumbList\",\"@id\":\"https:\/\/dulio.vn\/?product=337#breadcrumb\",\"itemListElement\":[{\"@type\":\"ListItem\",\"position\":1,\"name\":\"Home\",\"item\":\"https:\/\/dulio.vn\/\"},{\"@type\":\"ListItem\",\"position\":2,\"name\":\"Shop\",\"item\":\"https:\/\/dulio.vn\/?page_id=8\"},{\"@type\":\"ListItem\",\"position\":3,\"name\":\"\u00c1O THUN MINIMALISM H\u1ed2NG\"}]},{\"@type\":\"WebSite\",\"@id\":\"https:\/\/dulio.vn\/#website\",\"url\":\"https:\/\/dulio.vn\/\",\"name\":\"DULIO - Made Yours\",\"description\":\"Dulio, dulio, DULIO\",\"publisher\":{\"@id\":\"https:\/\/dulio.vn\/#organization\"},\"potentialAction\":[{\"@type\":\"SearchAction\",\"target\":{\"@type\":\"EntryPoint\",\"urlTemplate\":\"https:\/\/dulio.vn\/?s={search_term_string}\"},\"query-input\":{\"@type\":\"PropertyValueSpecification\",\"valueRequired\":true,\"valueName\":\"search_term_string\"}}],\"inLanguage\":\"en-US\"},{\"@type\":\"Organization\",\"@id\":\"https:\/\/dulio.vn\/#organization\",\"name\":\"DULIO - Made Yours\",\"url\":\"https:\/\/dulio.vn\/\",\"logo\":{\"@type\":\"ImageObject\",\"inLanguage\":\"en-US\",\"@id\":\"https:\/\/dulio.vn\/#\/schema\/logo\/image\/\",\"url\":\"https:\/\/dulio.vn\/wp-content\/uploads\/2025\/08\/cropped-okok.png\",\"contentUrl\":\"https:\/\/dulio.vn\/wp-content\/uploads\/2025\/08\/cropped-okok.png\",\"width\":1844,\"height\":460,\"caption\":\"DULIO - Made Yours\"},\"image\":{\"@id\":\"https:\/\/dulio.vn\/#\/schema\/logo\/image\/\"}}]}<\/script>\n<!-- \/ Yoast SEO plugin. -->","yoast_head_json":{"title":"\u00c1O THUN MINIMALISM H\u1ed2NG - DULIO - Made Yours","robots":{"index":"index","follow":"follow","max-snippet":"max-snippet:-1","max-image-preview":"max-image-preview:large","max-video-preview":"max-video-preview:-1"},"canonical":"https:\/\/dulio.vn\/?product=337","og_locale":"en_US","og_type":"article","og_title":"\u00c1O THUN MINIMALISM H\u1ed2NG - DULIO - Made Yours","og_description":"N\u1ec1n \u00e1o m\u00e0u\u00a0h\u1ed3ng, mang \u0111\u1ebfn c\u1ea3m gi\u00e1c t\u01b0\u01a1i m\u1edbi, nh\u1eb9 nh\u00e0ng v\u00e0 thanh l\u1ecbch. \u0110i\u1ec3m nh\u1ea5n \u0111\u1eb7c bi\u1ec7t n\u1eb1m \u1edf m\u1eb7t l\u01b0ng \u00e1o, n\u01a1i c\u00e1c d\u00f2ng ch\u1eef \u0111\u01b0\u1ee3c s\u1eafp x\u1ebfp m\u1ed9t c\u00e1ch c\u00f3 ch\u1ee7 \u00fd. D\u00f2ng tr\u00ean c\u00f9ng l\u00e0 t\u00ean th\u01b0\u01a1ng hi\u1ec7u \"DULIO\" \u0111\u01b0\u1ee3c in b\u1eb1ng ph\u00f4ng ch\u1eef \u0111\u1eadm, hi\u1ec7n \u0111\u1ea1i. D\u01b0\u1edbi \u0111\u00f3 l\u00e0 hai d\u00f2ng ch\u1eef v\u1edbi ph\u00f4ng ch\u1eef \u0111\u1ed1i l\u1eadp, bao g\u1ed3m m\u1ed9t c\u00e2u n\u00f3i mang t\u00ednh tri\u1ebft l\u00fd v\u00e0 m\u1ed9t d\u00f2ng ch\u1eef vi\u1ebft tay m\u1ec1m m\u1ea1i \"Minimalism Creativity\". To\u00e0n b\u1ed9 h\u1ecda ti\u1ebft n\u00e0y kh\u00f4ng ch\u1ec9 \u0111\u01b0\u1ee3c in th\u00f4ng th\u01b0\u1eddng m\u00e0 c\u00f2n \u0111\u01b0\u1ee3c t\u1ea1o ra b\u1eb1ng\u00a0ch\u1ea5t li\u1ec7u nhung\u00a0cao c\u1ea5p, mang l\u1ea1i hi\u1ec7u \u1ee9ng th\u1ecb gi\u00e1c v\u00e0 x\u00fac gi\u00e1c \u0111\u1ed9c \u0111\u00e1o. Ch\u1ea5t li\u1ec7u nhung m\u1ecbn m\u00e0ng t\u01b0\u01a1ng ph\u1ea3n v\u1edbi b\u1ec1 m\u1eb7t cotton c\u1ee7a \u00e1o, t\u1ea1o c\u1ea3m gi\u00e1c sang tr\u1ecdng v\u00e0 \u0111\u1eb3ng c\u1ea5p. \u2022 100% Cotton \u2022 Relaxed\/Loose Fit \u2022 T\u00ean th\u01b0\u01a1ng hi\u1ec7u v\u00e0 h\u1ecda ti\u1ebft v\u1ea3i nhung \u1edf m\u1eb7t sau \u00e1o","og_url":"https:\/\/dulio.vn\/?product=337","og_site_name":"DULIO - Made Yours","article_modified_time":"2025-08-07T08:54:46+00:00","og_image":[{"width":2000,"height":1596,"url":"https:\/\/dulio.vn\/wp-content\/uploads\/2025\/08\/minimalism-back-pink.png","type":"image\/png"}],"twitter_card":"summary_large_image","twitter_misc":{"Est. reading time":"1 minute"},"schema":{"@context":"https:\/\/schema.org","@graph":[{"@type":"WebPage","@id":"https:\/\/dulio.vn\/?product=337","url":"https:\/\/dulio.vn\/?product=337","name":"\u00c1O THUN MINIMALISM H\u1ed2NG - DULIO - Made Yours","isPartOf":{"@id":"https:\/\/dulio.vn\/#website"},"primaryImageOfPage":{"@id":"https:\/\/dulio.vn\/?product=337#primaryimage"},"image":{"@id":"https:\/\/dulio.vn\/?product=337#primaryimage"},"thumbnailUrl":"https:\/\/dulio.vn\/wp-content\/uploads\/2025\/08\/minimalism-back-pink.png","datePublished":"2020-12-02T10:51:04+00:00","dateModified":"2025-08-07T08:54:46+00:00","breadcrumb":{"@id":"https:\/\/dulio.vn\/?product=337#breadcrumb"},"inLanguage":"en-US","potentialAction":[{"@type":"ReadAction","target":["https:\/\/dulio.vn\/?product=337"]}]},{"@type":"ImageObject","inLanguage":"en-US","@id":"https:\/\/dulio.vn\/?product=337#primaryimage","url":"https:\/\/dulio.vn\/wp-content\/uploads\/2025\/08\/minimalism-back-pink.png","contentUrl":"https:\/\/dulio.vn\/wp-content\/uploads\/2025\/08\/minimalism-back-pink.png","width":2000,"height":1596},{"@type":"BreadcrumbList","@id":"https:\/\/dulio.vn\/?product=337#breadcrumb","itemListElement":[{"@type":"ListItem","position":1,"name":"Home","item":"https:\/\/dulio.vn\/"},{"@type":"ListItem","position":2,"name":"Shop","item":"https:\/\/dulio.vn\/?page_id=8"},{"@type":"ListItem","position":3,"name":"\u00c1O THUN MINIMALISM H\u1ed2NG"}]},{"@type":"WebSite","@id":"https:\/\/dulio.vn\/#website","url":"https:\/\/dulio.vn\/","name":"DULIO - Made Yours","description":"Dulio, dulio, DULIO","publisher":{"@id":"https:\/\/dulio.vn\/#organization"},"potentialAction":[{"@type":"SearchAction","target":{"@type":"EntryPoint","urlTemplate":"https:\/\/dulio.vn\/?s={search_term_string}"},"query-input":{"@type":"PropertyValueSpecification","valueRequired":true,"valueName":"search_term_string"}}],"inLanguage":"en-US"},{"@type":"Organization","@id":"https:\/\/dulio.vn\/#organization","name":"DULIO - Made Yours","url":"https:\/\/dulio.vn\/","logo":{"@type":"ImageObject","inLanguage":"en-US","@id":"https:\/\/dulio.vn\/#\/schema\/logo\/image\/","url":"https:\/\/dulio.vn\/wp-content\/uploads\/2025\/08\/cropped-okok.png","contentUrl":"https:\/\/dulio.vn\/wp-content\/uploads\/2025\/08\/cropped-okok.png","width":1844,"height":460,"caption":"DULIO - Made Yours"},"image":{"@id":"https:\/\/dulio.vn\/#\/schema\/logo\/image\/"}}]}},"_links":{"self":[{"href":"https:\/\/dulio.vn\/index.php?rest_route=\/wp\/v2\/product\/337","targetHints":{"allow":["GET"]}}],"collection":[{"href":"https:\/\/dulio.vn\/index.php?rest_route=\/wp\/v2\/product"}],"about":[{"href":"https:\/\/dulio.vn\/index.php?rest_route=\/wp\/v2\/types\/product"}],"replies":[{"embeddable":true,"href":"https:\/\/dulio.vn\/index.php?rest_route=%2Fwp%2Fv2%2Fcomments&post=337"}],"wp:featuredmedia":[{"embeddable":true,"href":"https:\/\/dulio.vn\/index.php?rest_route=\/wp\/v2\/media\/399"}],"wp:attachment":[{"href":"https:\/\/dulio.vn\/index.php?rest_route=%2Fwp%2Fv2%2Fmedia&parent=337"}],"wp:term":[{"taxonomy":"product_brand","embeddable":true,"href":"https:\/\/dulio.vn\/index.php?rest_route=%2Fwp%2Fv2%2Fproduct_brand&post=337"},{"taxonomy":"product_cat","embeddable":true,"href":"https:\/\/dulio.vn\/index.php?rest_route=%2Fwp%2Fv2%2Fproduct_cat&post=337"},{"taxonomy":"product_tag","embeddable":true,"href":"https:\/\/dulio.vn\/index.php?rest_route=%2Fwp%2Fv2%2Fproduct_tag&post=337"}],"curies":[{"name":"wp","href":"https:\/\/api.w.org\/{rel}","templated":true}]}}