{"id":514,"date":"2025-08-07T06:53:43","date_gmt":"2025-08-07T06:53:43","guid":{"rendered":"https:\/\/dulio.vn\/?post_type=product&#038;p=514"},"modified":"2025-08-07T08:20:21","modified_gmt":"2025-08-07T08:20:21","slug":"ao-star","status":"publish","type":"product","link":"https:\/\/dulio.vn\/?product=ao-star","title":{"rendered":"\u00c1O STAR"},"content":{"rendered":"","protected":false},"excerpt":{"rendered":"<h4>Chi\u1ebfc \u00e1o n\u00e0y n\u1ed5i b\u1eadt v\u1edbi thi\u1ebft k\u1ebf \u0111\u01a1n gi\u1ea3n nh\u01b0ng \u0111\u1ea7y \u1ea5n t\u01b0\u1ee3ng. M\u00e0u tr\u1eafng tinh khi\u1ebft c\u1ee7a v\u1ea3i t\u1ea1o n\u1ec1n cho h\u00ecnh \u1ea3nh ng\u00f4i sao l\u1edbn, mang l\u1ea1i c\u1ea3m gi\u00e1c hi\u1ec7n \u0111\u1ea1i v\u00e0 phong c\u00e1ch. H\u00ecnh \u1ea3nh ng\u00f4i sao \u0111\u01b0\u1ee3c th\u1ec3 hi\u1ec7n v\u1edbi nh\u1eefng s\u1eafc th\u00e1i \u0111en tr\u1eafng, t\u1ea1o n\u00ean s\u1ef1 t\u01b0\u01a1ng ph\u1ea3n m\u1ea1nh m\u1ebd v\u00e0 thu h\u00fat \u00e1nh nh\u00ecn. Ki\u1ec3u d\u00e1ng tho\u1ea3i m\u00e1i, d\u1ec5 ph\u1ed1i h\u1ee3p v\u1edbi nhi\u1ec1u trang ph\u1ee5c kh\u00e1c nhau, khi\u1ebfn chi\u1ebfc \u00e1o tr\u1edf th\u00e0nh l\u1ef1a ch\u1ecdn l\u00fd t\u01b0\u1edfng cho nh\u1eefng ai y\u00eau th\u00edch s\u1ef1 tr\u1ebb trung v\u00e0 n\u0103ng \u0111\u1ed9ng.<\/h4>\n<h4>\u2022 100% Cotton<br \/>\n\u2022 Relaxed\/Loose Fit<br \/>\n\u2022 H\u1ecda ti\u1ebft h\u00ecnh ng\u00f4i sao k\u1ebft h\u1ee3p h\u00ecnh \u1ea3nh<\/h4>\n","protected":false},"featured_media":482,"comment_status":"open","ping_status":"closed","template":"","meta":{"inline_featured_image":false},"product_brand":[],"product_cat":[32,20,33],"product_tag":[],"class_list":{"0":"post-514","1":"product","2":"type-product","3":"status-publish","4":"has-post-thumbnail","6":"product_cat-ao-graphic","7":"product_cat-shop-all","8":"product_cat-tops","10":"first","11":"instock","12":"shipping-taxable","13":"purchasable","14":"product-type-variable"},"yoast_head":"<!-- This site is optimized with the Yoast SEO plugin v25.6 - https:\/\/yoast.com\/wordpress\/plugins\/seo\/ -->\n<title>\u00c1O STAR - DULIO - Made Yours<\/title>\n<meta name=\"robots\" content=\"index, follow, max-snippet:-1, max-image-preview:large, max-video-preview:-1\" \/>\n<link rel=\"canonical\" href=\"https:\/\/dulio.vn\/?product=ao-star\" \/>\n<meta property=\"og:locale\" content=\"en_US\" \/>\n<meta property=\"og:type\" content=\"article\" \/>\n<meta property=\"og:title\" content=\"\u00c1O STAR - DULIO - Made Yours\" \/>\n<meta property=\"og:description\" content=\"Chi\u1ebfc \u00e1o n\u00e0y n\u1ed5i b\u1eadt v\u1edbi thi\u1ebft k\u1ebf \u0111\u01a1n gi\u1ea3n nh\u01b0ng \u0111\u1ea7y \u1ea5n t\u01b0\u1ee3ng. M\u00e0u tr\u1eafng tinh khi\u1ebft c\u1ee7a v\u1ea3i t\u1ea1o n\u1ec1n cho h\u00ecnh \u1ea3nh ng\u00f4i sao l\u1edbn, mang l\u1ea1i c\u1ea3m gi\u00e1c hi\u1ec7n \u0111\u1ea1i v\u00e0 phong c\u00e1ch. H\u00ecnh \u1ea3nh ng\u00f4i sao \u0111\u01b0\u1ee3c th\u1ec3 hi\u1ec7n v\u1edbi nh\u1eefng s\u1eafc th\u00e1i \u0111en tr\u1eafng, t\u1ea1o n\u00ean s\u1ef1 t\u01b0\u01a1ng ph\u1ea3n m\u1ea1nh m\u1ebd v\u00e0 thu h\u00fat \u00e1nh nh\u00ecn. Ki\u1ec3u d\u00e1ng tho\u1ea3i m\u00e1i, d\u1ec5 ph\u1ed1i h\u1ee3p v\u1edbi nhi\u1ec1u trang ph\u1ee5c kh\u00e1c nhau, khi\u1ebfn chi\u1ebfc \u00e1o tr\u1edf th\u00e0nh l\u1ef1a ch\u1ecdn l\u00fd t\u01b0\u1edfng cho nh\u1eefng ai y\u00eau th\u00edch s\u1ef1 tr\u1ebb trung v\u00e0 n\u0103ng \u0111\u1ed9ng. \u2022 100% Cotton \u2022 Relaxed\/Loose Fit \u2022 H\u1ecda ti\u1ebft h\u00ecnh ng\u00f4i sao k\u1ebft h\u1ee3p h\u00ecnh \u1ea3nh\" \/>\n<meta property=\"og:url\" content=\"https:\/\/dulio.vn\/?product=ao-star\" \/>\n<meta property=\"og:site_name\" content=\"DULIO - Made Yours\" \/>\n<meta property=\"article:modified_time\" content=\"2025-08-07T08:20:21+00:00\" \/>\n<meta property=\"og:image\" content=\"https:\/\/dulio.vn\/wp-content\/uploads\/2025\/08\/starmouth-back-white.png\" \/>\n\t<meta property=\"og:image:width\" content=\"2000\" \/>\n\t<meta property=\"og:image:height\" content=\"1596\" \/>\n\t<meta property=\"og:image:type\" content=\"image\/png\" \/>\n<meta name=\"twitter:card\" content=\"summary_large_image\" \/>\n<meta name=\"twitter:label1\" content=\"Est. reading time\" \/>\n\t<meta name=\"twitter:data1\" content=\"1 minute\" \/>\n<script type=\"application\/ld+json\" class=\"yoast-schema-graph\">{\"@context\":\"https:\/\/schema.org\",\"@graph\":[{\"@type\":\"WebPage\",\"@id\":\"https:\/\/dulio.vn\/?product=ao-star\",\"url\":\"https:\/\/dulio.vn\/?product=ao-star\",\"name\":\"\u00c1O STAR - DULIO - Made Yours\",\"isPartOf\":{\"@id\":\"https:\/\/dulio.vn\/#website\"},\"primaryImageOfPage\":{\"@id\":\"https:\/\/dulio.vn\/?product=ao-star#primaryimage\"},\"image\":{\"@id\":\"https:\/\/dulio.vn\/?product=ao-star#primaryimage\"},\"thumbnailUrl\":\"https:\/\/dulio.vn\/wp-content\/uploads\/2025\/08\/starmouth-back-white.png\",\"datePublished\":\"2025-08-07T06:53:43+00:00\",\"dateModified\":\"2025-08-07T08:20:21+00:00\",\"breadcrumb\":{\"@id\":\"https:\/\/dulio.vn\/?product=ao-star#breadcrumb\"},\"inLanguage\":\"en-US\",\"potentialAction\":[{\"@type\":\"ReadAction\",\"target\":[\"https:\/\/dulio.vn\/?product=ao-star\"]}]},{\"@type\":\"ImageObject\",\"inLanguage\":\"en-US\",\"@id\":\"https:\/\/dulio.vn\/?product=ao-star#primaryimage\",\"url\":\"https:\/\/dulio.vn\/wp-content\/uploads\/2025\/08\/starmouth-back-white.png\",\"contentUrl\":\"https:\/\/dulio.vn\/wp-content\/uploads\/2025\/08\/starmouth-back-white.png\",\"width\":2000,\"height\":1596},{\"@type\":\"BreadcrumbList\",\"@id\":\"https:\/\/dulio.vn\/?product=ao-star#breadcrumb\",\"itemListElement\":[{\"@type\":\"ListItem\",\"position\":1,\"name\":\"Home\",\"item\":\"https:\/\/dulio.vn\/\"},{\"@type\":\"ListItem\",\"position\":2,\"name\":\"Shop\",\"item\":\"https:\/\/dulio.vn\/?page_id=8\"},{\"@type\":\"ListItem\",\"position\":3,\"name\":\"\u00c1O STAR\"}]},{\"@type\":\"WebSite\",\"@id\":\"https:\/\/dulio.vn\/#website\",\"url\":\"https:\/\/dulio.vn\/\",\"name\":\"DULIO - Made Yours\",\"description\":\"Dulio, dulio, DULIO\",\"publisher\":{\"@id\":\"https:\/\/dulio.vn\/#organization\"},\"potentialAction\":[{\"@type\":\"SearchAction\",\"target\":{\"@type\":\"EntryPoint\",\"urlTemplate\":\"https:\/\/dulio.vn\/?s={search_term_string}\"},\"query-input\":{\"@type\":\"PropertyValueSpecification\",\"valueRequired\":true,\"valueName\":\"search_term_string\"}}],\"inLanguage\":\"en-US\"},{\"@type\":\"Organization\",\"@id\":\"https:\/\/dulio.vn\/#organization\",\"name\":\"DULIO - Made Yours\",\"url\":\"https:\/\/dulio.vn\/\",\"logo\":{\"@type\":\"ImageObject\",\"inLanguage\":\"en-US\",\"@id\":\"https:\/\/dulio.vn\/#\/schema\/logo\/image\/\",\"url\":\"https:\/\/dulio.vn\/wp-content\/uploads\/2025\/08\/cropped-okok.png\",\"contentUrl\":\"https:\/\/dulio.vn\/wp-content\/uploads\/2025\/08\/cropped-okok.png\",\"width\":1844,\"height\":460,\"caption\":\"DULIO - Made Yours\"},\"image\":{\"@id\":\"https:\/\/dulio.vn\/#\/schema\/logo\/image\/\"}}]}<\/script>\n<!-- \/ Yoast SEO plugin. -->","yoast_head_json":{"title":"\u00c1O STAR - DULIO - Made Yours","robots":{"index":"index","follow":"follow","max-snippet":"max-snippet:-1","max-image-preview":"max-image-preview:large","max-video-preview":"max-video-preview:-1"},"canonical":"https:\/\/dulio.vn\/?product=ao-star","og_locale":"en_US","og_type":"article","og_title":"\u00c1O STAR - DULIO - Made Yours","og_description":"Chi\u1ebfc \u00e1o n\u00e0y n\u1ed5i b\u1eadt v\u1edbi thi\u1ebft k\u1ebf \u0111\u01a1n gi\u1ea3n nh\u01b0ng \u0111\u1ea7y \u1ea5n t\u01b0\u1ee3ng. M\u00e0u tr\u1eafng tinh khi\u1ebft c\u1ee7a v\u1ea3i t\u1ea1o n\u1ec1n cho h\u00ecnh \u1ea3nh ng\u00f4i sao l\u1edbn, mang l\u1ea1i c\u1ea3m gi\u00e1c hi\u1ec7n \u0111\u1ea1i v\u00e0 phong c\u00e1ch. H\u00ecnh \u1ea3nh ng\u00f4i sao \u0111\u01b0\u1ee3c th\u1ec3 hi\u1ec7n v\u1edbi nh\u1eefng s\u1eafc th\u00e1i \u0111en tr\u1eafng, t\u1ea1o n\u00ean s\u1ef1 t\u01b0\u01a1ng ph\u1ea3n m\u1ea1nh m\u1ebd v\u00e0 thu h\u00fat \u00e1nh nh\u00ecn. Ki\u1ec3u d\u00e1ng tho\u1ea3i m\u00e1i, d\u1ec5 ph\u1ed1i h\u1ee3p v\u1edbi nhi\u1ec1u trang ph\u1ee5c kh\u00e1c nhau, khi\u1ebfn chi\u1ebfc \u00e1o tr\u1edf th\u00e0nh l\u1ef1a ch\u1ecdn l\u00fd t\u01b0\u1edfng cho nh\u1eefng ai y\u00eau th\u00edch s\u1ef1 tr\u1ebb trung v\u00e0 n\u0103ng \u0111\u1ed9ng. \u2022 100% Cotton \u2022 Relaxed\/Loose Fit \u2022 H\u1ecda ti\u1ebft h\u00ecnh ng\u00f4i sao k\u1ebft h\u1ee3p h\u00ecnh \u1ea3nh","og_url":"https:\/\/dulio.vn\/?product=ao-star","og_site_name":"DULIO - Made Yours","article_modified_time":"2025-08-07T08:20:21+00:00","og_image":[{"width":2000,"height":1596,"url":"https:\/\/dulio.vn\/wp-content\/uploads\/2025\/08\/starmouth-back-white.png","type":"image\/png"}],"twitter_card":"summary_large_image","twitter_misc":{"Est. reading time":"1 minute"},"schema":{"@context":"https:\/\/schema.org","@graph":[{"@type":"WebPage","@id":"https:\/\/dulio.vn\/?product=ao-star","url":"https:\/\/dulio.vn\/?product=ao-star","name":"\u00c1O STAR - DULIO - Made Yours","isPartOf":{"@id":"https:\/\/dulio.vn\/#website"},"primaryImageOfPage":{"@id":"https:\/\/dulio.vn\/?product=ao-star#primaryimage"},"image":{"@id":"https:\/\/dulio.vn\/?product=ao-star#primaryimage"},"thumbnailUrl":"https:\/\/dulio.vn\/wp-content\/uploads\/2025\/08\/starmouth-back-white.png","datePublished":"2025-08-07T06:53:43+00:00","dateModified":"2025-08-07T08:20:21+00:00","breadcrumb":{"@id":"https:\/\/dulio.vn\/?product=ao-star#breadcrumb"},"inLanguage":"en-US","potentialAction":[{"@type":"ReadAction","target":["https:\/\/dulio.vn\/?product=ao-star"]}]},{"@type":"ImageObject","inLanguage":"en-US","@id":"https:\/\/dulio.vn\/?product=ao-star#primaryimage","url":"https:\/\/dulio.vn\/wp-content\/uploads\/2025\/08\/starmouth-back-white.png","contentUrl":"https:\/\/dulio.vn\/wp-content\/uploads\/2025\/08\/starmouth-back-white.png","width":2000,"height":1596},{"@type":"BreadcrumbList","@id":"https:\/\/dulio.vn\/?product=ao-star#breadcrumb","itemListElement":[{"@type":"ListItem","position":1,"name":"Home","item":"https:\/\/dulio.vn\/"},{"@type":"ListItem","position":2,"name":"Shop","item":"https:\/\/dulio.vn\/?page_id=8"},{"@type":"ListItem","position":3,"name":"\u00c1O STAR"}]},{"@type":"WebSite","@id":"https:\/\/dulio.vn\/#website","url":"https:\/\/dulio.vn\/","name":"DULIO - Made Yours","description":"Dulio, dulio, DULIO","publisher":{"@id":"https:\/\/dulio.vn\/#organization"},"potentialAction":[{"@type":"SearchAction","target":{"@type":"EntryPoint","urlTemplate":"https:\/\/dulio.vn\/?s={search_term_string}"},"query-input":{"@type":"PropertyValueSpecification","valueRequired":true,"valueName":"search_term_string"}}],"inLanguage":"en-US"},{"@type":"Organization","@id":"https:\/\/dulio.vn\/#organization","name":"DULIO - Made Yours","url":"https:\/\/dulio.vn\/","logo":{"@type":"ImageObject","inLanguage":"en-US","@id":"https:\/\/dulio.vn\/#\/schema\/logo\/image\/","url":"https:\/\/dulio.vn\/wp-content\/uploads\/2025\/08\/cropped-okok.png","contentUrl":"https:\/\/dulio.vn\/wp-content\/uploads\/2025\/08\/cropped-okok.png","width":1844,"height":460,"caption":"DULIO - Made Yours"},"image":{"@id":"https:\/\/dulio.vn\/#\/schema\/logo\/image\/"}}]}},"_links":{"self":[{"href":"https:\/\/dulio.vn\/index.php?rest_route=\/wp\/v2\/product\/514","targetHints":{"allow":["GET"]}}],"collection":[{"href":"https:\/\/dulio.vn\/index.php?rest_route=\/wp\/v2\/product"}],"about":[{"href":"https:\/\/dulio.vn\/index.php?rest_route=\/wp\/v2\/types\/product"}],"replies":[{"embeddable":true,"href":"https:\/\/dulio.vn\/index.php?rest_route=%2Fwp%2Fv2%2Fcomments&post=514"}],"wp:featuredmedia":[{"embeddable":true,"href":"https:\/\/dulio.vn\/index.php?rest_route=\/wp\/v2\/media\/482"}],"wp:attachment":[{"href":"https:\/\/dulio.vn\/index.php?rest_route=%2Fwp%2Fv2%2Fmedia&parent=514"}],"wp:term":[{"taxonomy":"product_brand","embeddable":true,"href":"https:\/\/dulio.vn\/index.php?rest_route=%2Fwp%2Fv2%2Fproduct_brand&post=514"},{"taxonomy":"product_cat","embeddable":true,"href":"https:\/\/dulio.vn\/index.php?rest_route=%2Fwp%2Fv2%2Fproduct_cat&post=514"},{"taxonomy":"product_tag","embeddable":true,"href":"https:\/\/dulio.vn\/index.php?rest_route=%2Fwp%2Fv2%2Fproduct_tag&post=514"}],"curies":[{"name":"wp","href":"https:\/\/api.w.org\/{rel}","templated":true}]}}